{"id":111003,"date":"2024-01-17T08:04:21","date_gmt":"2024-01-17T08:04:21","guid":{"rendered":"https:\/\/www.palletforce.com\/?page_id=111003"},"modified":"2024-01-17T08:04:21","modified_gmt":"2024-01-17T08:04:21","slug":"events-test","status":"publish","type":"page","link":"https:\/\/www.palletforce.com\/de\/events-test\/","title":{"rendered":"Veranstaltungstest"},"content":{"rendered":"<p><\/p>\n\n\n<section class=\"wysiwyg\">\n\n\t<div class=\"container-fluid\">\n\n\t<p>[Veranstaltungskalender]<br \/>\n<div class=\"event_listings\" data-location=\"\" data-keywords=\"\" data-show_filters=\"true\" data-show_pagination=\"false\" data-per_page=\"10\" data-orderby=\"meta_value\" data-order=\"ASC\" data-datetimes=\"\" data-categories=\"\" data-event_types=\"\" data-ticket_prices=\"\" data-event_online=\"\" >\n<form class=\"wpem-main wpem-form-wrapper wpem-event-filter-wrapper event_filters\" id=\"event_filters\" action=\"\">\n\t\t<div class=\"search_events search-form-container\">\n\t\t\t\t<div class=\"wpem-row\">\n\t\t\t<!-- Search by keywords section start -->\n\t\t\t<div class=\"wpem-col\">\n\t\t\t\t<!-- shows default keywords text field  start-->\n\t\t\t\t<div class=\"wpem-form-group\">\n\t\t\t\t\t<label for=\"search_keywords\" class=\"wpem-form-label\">Schl\u00fcsselw\u00f6rter<\/label>\n\t\t\t\t\t<input type=\"text\" name=\"search_keywords\" id=\"search_keywords\" placeholder=\"Schl\u00fcsselw\u00f6rter\" value=\"\" \/>\n\t\t\t\t<\/div>\n\t\t\t\t<!-- shows default keywords text field end -->\n\t\t\t<\/div>\n\t\t\t<!-- Search by keywords section end-->\n\n\t\t\t<!-- Search by location section start -->\n\t\t\t<div class=\"wpem-col\">\n\t\t\t\t<div class=\"wpem-form-group wpem-location-container\">\n\t\t\t\t\t<label for=\"search_location\" class=\"wpem-form-label\">Ort<\/label>\n\t\t\t\t\t<input type=\"text\" name=\"search_location\" id=\"search_location\" placeholder=\"Ort\" value=\"\" \/>\n\t\t\t\t<\/div>\n\t\t\t<\/div>\n\t\t\t<!-- Search by location section end -->\n\n\t\t\t<!-- Search by date section start -->\n\t\t\t\n\t\t\t\t<div class=\"wpem-col\">\n\t\t\t\t\t<div class=\"wpem-form-group\">\n\t\t\t\t\t\t<label for=\"search_datetimes\" class=\"wpem-form-label\">Beliebiges Datum<\/label>\n\t\t\t\t\t\t<input type=\"text\" name=\"search_datetimes[]\" id=\"search_datetimes\" value='' class=\"event-manager-category-dropdown date_range_picker\">\n\t\t\t\t\t<\/div>\n\t\t\t\t<\/div>\n\t\t\t\t\t\t<!-- Search by date section end -->\n\n\t\t<\/div> <!-- \/row -->\n\t\t<div class=\"wpem-row\">\n\t\t\t<!-- Search by event categories section start -->\n\t\t\t\t\t\t\t<div class=\"wpem-col\">\n\t\t\t\t\t<div class=\"wpem-form-group\">\n\t\t\t\t\t\t<label for=\"search_categories\" class=\"wpem-form-label\">Kategorie<\/label>\n\t\t\t\t\t\t<select name='search_categories[]' id='search_categories' class='event-manager-category-dropdown'  data-placeholder='Eine Kategorie ausw\u00e4hlen' data-no_results_text='Keine Ergebnisse gefunden' data-multiple_text='Choose Categories'>\n<option value=\"\">W\u00e4hlen Sie eine Veranstaltungs-Kategorie aus<\/option>\t<option class=\"level-0\" value=\"business-professional\">Gesch\u00e4ftlich und beruflich<\/option>\n\t<option class=\"level-0\" value=\"charity-causes\">Wohlt\u00e4tigkeit und gute Zwecke<\/option>\n\t<option class=\"level-0\" value=\"community-culture\">Gemeinschaft &amp; Kultur<\/option>\n\t<option class=\"level-0\" value=\"family-education\">Familienerziehung<\/option>\n\t<option class=\"level-0\" value=\"fashion-beauty\">Mode &amp; Sch\u00f6nheit<\/option>\n\t<option class=\"level-0\" value=\"film-media-entertainment\">Film, Medien und Unterhaltung<\/option>\n\t<option class=\"level-0\" value=\"food-drink\">Essen &amp; Trinken<\/option>\n\t<option class=\"level-0\" value=\"game-or-competition\">Spiel oder Wettbewerb<\/option>\n\t<option class=\"level-0\" value=\"other\">Andere<\/option>\n\t<option class=\"level-0\" value=\"performing-visual-arts\">Darstellende und bildende Kunst<\/option>\n\t<option class=\"level-0\" value=\"science-technology\">Wissenschaft und Technologie<\/option>\n\t<option class=\"level-0\" value=\"sports-fitness\">Sport &amp; Fitness<\/option>\n<\/select>\n\t\t\t\t\t<\/div>\n\t\t\t\t<\/div>\n\t\t\t\t\t\t<!-- Search by event categories section end -->\n\n\t\t\t<!-- Search by event type section start -->\n\t\t\t\t\t\t\t<div class=\"wpem-col\">\n\t\t\t\t\t<div class=\"wpem-form-group\">\n\t\t\t\t\t\t<label for=\"search_event_types\" class=\"wpem-form-label\">Veranstaltungsart<\/label>\n\t\t\t\t\t\t<select name='search_event_types[]' id='search_event_types' class='event-manager-category-dropdown'  data-placeholder='Veranstaltungstyp w\u00e4hlen' data-no_results_text='Keine Ergebnisse gefunden' data-multiple_text='Choose event types'>\n<option value=\"\">Veranstaltungstyp w\u00e4hlen<\/option>\t<option class=\"level-0\" value=\"appearance-or-signing\">Auftritt oder Unterzeichnung<\/option>\n\t<option class=\"level-0\" value=\"attraction\">Attraktion<\/option>\n\t<option class=\"level-0\" value=\"camp-trip-or-retreat\">Camp, Ausflug oder Retreat<\/option>\n\t<option class=\"level-0\" value=\"class-training-or-workshop\">Kurs, Schulung oder Workshop<\/option>\n\t<option class=\"level-0\" value=\"concert-or-performance\">Konzert oder Performance<\/option>\n\t<option class=\"level-0\" value=\"conference\">Konferenz<\/option>\n\t<option class=\"level-0\" value=\"convention\">Konvention<\/option>\n\t<option class=\"level-0\" value=\"dinner-or-gala\">Abendessen oder Gala<\/option>\n\t<option class=\"level-0\" value=\"festival-or-fair\">Festival oder Messe<\/option>\n\t<option class=\"level-0\" value=\"game-or-competition\">Spiel oder Wettbewerb<\/option>\n\t<option class=\"level-0\" value=\"meeting-or-networking-event\">Meeting oder Networking-Event<\/option>\n\t<option class=\"level-0\" value=\"other\">Andere<\/option>\n\t<option class=\"level-0\" value=\"party-or-social-gathering\">Party oder geselliges Beisammensein<\/option>\n\t<option class=\"level-0\" value=\"race-or-endurance-event\">Rennen oder Langstreckenveranstaltung<\/option>\n\t<option class=\"level-0\" value=\"rally\">Rallye<\/option>\n\t<option class=\"level-0\" value=\"screening\">Vorf\u00fchrung<\/option>\n\t<option class=\"level-0\" value=\"seminar-or-talk\">Seminar oder Vortrag<\/option>\n\t<option class=\"level-0\" value=\"tour\">Tour<\/option>\n\t<option class=\"level-0\" value=\"tournament\">Turnier<\/option>\n\t<option class=\"level-0\" value=\"tradeshow-consumer-show-or-expo\">Messe, Verbrauchermesse oder Expo<\/option>\n<\/select>\n\t\t\t\t\t<\/div>\n\t\t\t\t<\/div>\n\t\t\t\t\t\t<!-- Search by event type section end -->\n\t\t<\/div> <!-- \/row -->\n\n\t\t\n\t<\/div>\n\t<div class=\"showing_applied_filters\"><\/div><input type=\"hidden\" name=\"trp-form-language\" value=\"de\"\/><\/form>\n<noscript>Dein Browser unterst\u00fctzt kein JavaScript oder es wurde deaktiviert. JavaScript muss aktiviert sein, um Eintr\u00e4ge anzeigen zu k\u00f6nnen.<\/noscript><div class=\"wpem-main wpem-event-listings-header\">\r\n    <div class=\"wpem-row\">\r\n        <div class=\"wpem-col wpem-col-12 wpem-col-sm-6 wpem-col-md-6 wpem-col-lg-8\">\r\n            <div class=\"wpem-event-listing-header-title\">\r\n                                    <h2 class=\"wpem-heading-text\">Veranstaltungen<\/h2>\r\n                            <\/div>\r\n        <\/div>\r\n        <div class=\"wpem-col wpem-col-12 wpem-col-sm-6 wpem-col-md-6 wpem-col-lg-4\">\r\n            <div class=\"wpem-event-layout-action-wrapper\">\r\n                <div class=\"wpem-event-layout-action\">\r\n                                                                    <div class=\"wpem-event-layout-icon wpem-event-box-layout\" title=\"Ansicht \u201eEreignisfeld\u201c.\" id=\"wpem-event-box-layout\"><i class=\"wpem-icon-stop2\"><\/i><\/div>\r\n                        <div class=\"wpem-event-layout-icon wpem-event-list-layout wpem-active-layout\" title=\"Ereignislistenansicht\" id=\"wpem-event-list-layout\"><i class=\"wpem-icon-menu\"><\/i><\/div>\r\n                                                            <\/div>\r\n            <\/div>\r\n        <\/div>\r\n    <\/div>\r\n<\/div>\r\n\r\n<!-- Event listing view -->\r\n<div class=\"event_listings_main\">\r\n    <div id=\"event-listing-view\" class=\"wpem-main wpem-event-listings event_listings wpem-event-listing-list-view\" data-id=\"all\"><div class=\"wpem-event-box-col wpem-col wpem-col-12 wpem-col-md-6 wpem-col-lg-4\">\n    <!----- wpem-col-lg-4 value can be change by admin settings ------->\n    <div class=\"wpem-event-layout-wrapper\">\n        <div class=\"event_listing event-type-dinner-or-gala event_featured post-111060 type-event_listing status-expired has-post-thumbnail hentry event_listing_type-dinner-or-gala\">\n            <a href=\"https:\/\/www.palletforce.com\/de\/veranstaltung\/gala-dinner-2023\/\" class=\"wpem-event-action-url event-style-color dinner-or-gala\">\n                <div class=\"wpem-event-banner\">\n                    <div class=\"wpem-event-banner-img\" style=\"background-image: url(https:\/\/www.palletforce.com\/wp-content\/uploads\/2023\/11\/Careers-Web-Banners-8-1.png)\">\n                        <!-- Hide in list View \/\/ Show in Box View -->\n                                                <div class=\"wpem-event-date\">\n                            <div class=\"wpem-event-date-type\">\n                                                                    <div class=\"wpem-from-date\">\n                                        <div class=\"wpem-date\">14<\/div>\n                                        <div class=\"wpem-month\">M\u00e4rz<\/div>\n                                    <\/div>\n                                                            <\/div>\n                        <\/div>\n                        <!-- Hide in list View \/\/ Show in Box View -->\n                    <\/div>\n                <\/div>\n\n                <div class=\"wpem-event-infomation\">\n                    <div class=\"wpem-event-date\">\n                        <div class=\"wpem-event-date-type\">\n                                                            <div class=\"wpem-from-date\">\n                                    <div class=\"wpem-date\">14<\/div>\n                                    <div class=\"wpem-month\">M\u00e4rz<\/div>\n                                <\/div>\n                                                            <div class=\"wpem-to-date\">\n                                    <div class=\"wpem-date-separator\">\u2013<\/div>\n                                    <div class=\"wpem-date\">24<\/div>\n                                    <div class=\"wpem-month\">M\u00e4rz<\/div>\n                                <\/div>\n                                                    <\/div>\n                    <\/div>\n\n                    <div class=\"wpem-event-details\">\n                                                <div class=\"wpem-event-title\">\n                            <h3 class=\"wpem-heading-text\">Galadinner 2023<\/h3>\n                        <\/div>\n\n                        <div class=\"wpem-event-date-time\">\n                            <span class=\"wpem-event-date-time-text\">\n                                14.03.2024, 18:00 Uhr \u2013 24.03.2024, 23:30 Uhr                            <\/span>\n                        <\/div>\n                        <div class=\"wpem-event-location\">\n                            <span class=\"wpem-event-location-text\">\n                                Park Plaza, Westminster Bridge Hotel, London                            <\/span>\n                        <\/div>\n                                                    <div class=\"wpem-event-type\"><a href=\"https:\/\/www.palletforce.com\/de\/event_listing_type\/dinner-or-gala\/\"><span class=\"wpem-event-type-text event-type dinner-or-gala\">Abendessen oder Gala<\/span><\/a><\/div>\n                        \n                        <!-- Show in list View \/\/ Hide in Box View -->\n                                                <!-- Show in list View \/\/ Hide in Box View -->\n                                            <\/div>\n                <\/div>\n            <\/a>\n        <\/div>\n    <\/div>\n<\/div><div class=\"wpem-event-box-col wpem-col wpem-col-12 wpem-col-md-6 wpem-col-lg-4\">\n    <!----- wpem-col-lg-4 value can be change by admin settings ------->\n    <div class=\"wpem-event-layout-wrapper\">\n        <div class=\"event_listing event-type-party-or-social-gathering post-111068 type-event_listing status-expired has-post-thumbnail hentry event_listing_category-community-culture event_listing_type-party-or-social-gathering\">\n            <a href=\"https:\/\/www.palletforce.com\/de\/veranstaltung\/christmas-ball\/\" class=\"wpem-event-action-url event-style-color party-or-social-gathering\">\n                <div class=\"wpem-event-banner\">\n                    <div class=\"wpem-event-banner-img\" style=\"background-image: url(https:\/\/www.palletforce.com\/wp-content\/uploads\/2023\/09\/PRO_1320_Compressed-scaled.jpg)\">\n                        <!-- Hide in list View \/\/ Show in Box View -->\n                                                <div class=\"wpem-event-date\">\n                            <div class=\"wpem-event-date-type\">\n                                                                    <div class=\"wpem-from-date\">\n                                        <div class=\"wpem-date\">11<\/div>\n                                        <div class=\"wpem-month\">Febr.<\/div>\n                                    <\/div>\n                                                            <\/div>\n                        <\/div>\n                        <!-- Hide in list View \/\/ Show in Box View -->\n                    <\/div>\n                <\/div>\n\n                <div class=\"wpem-event-infomation\">\n                    <div class=\"wpem-event-date\">\n                        <div class=\"wpem-event-date-type\">\n                                                            <div class=\"wpem-from-date\">\n                                    <div class=\"wpem-date\">11<\/div>\n                                    <div class=\"wpem-month\">Febr.<\/div>\n                                <\/div>\n                                                            <div class=\"wpem-to-date\">\n                                    <div class=\"wpem-date-separator\">\u2013<\/div>\n                                    <div class=\"wpem-date\">11<\/div>\n                                    <div class=\"wpem-month\">Febr.<\/div>\n                                <\/div>\n                                                    <\/div>\n                    <\/div>\n\n                    <div class=\"wpem-event-details\">\n                                                <div class=\"wpem-event-title\">\n                            <h3 class=\"wpem-heading-text\">Valentinsball<\/h3>\n                        <\/div>\n\n                        <div class=\"wpem-event-date-time\">\n                            <span class=\"wpem-event-date-time-text\">\n                                11.02.2024, 09:00 Uhr \u2013 11.02.2024, 23:00 Uhr                            <\/span>\n                        <\/div>\n                        <div class=\"wpem-event-location\">\n                            <span class=\"wpem-event-location-text\">\n                                Buckingham Palace                            <\/span>\n                        <\/div>\n                                                    <div class=\"wpem-event-type\"><a href=\"https:\/\/www.palletforce.com\/de\/event_listing_type\/party-or-social-gathering\/\"><span class=\"wpem-event-type-text event-type party-or-social-gathering\">Party oder geselliges Beisammensein<\/span><\/a><\/div>\n                        \n                        <!-- Show in list View \/\/ Hide in Box View -->\n                                                <!-- Show in list View \/\/ Hide in Box View -->\n                                            <\/div>\n                <\/div>\n            <\/a>\n        <\/div>\n    <\/div>\n<\/div><\/div>\n<\/div>\n<\/div><\/p>\n\n\t<\/div>\n\n<\/section>","protected":false},"excerpt":{"rendered":"","protected":false},"author":5,"featured_media":0,"parent":0,"menu_order":0,"comment_status":"closed","ping_status":"closed","template":"","meta":{"_acf_changed":false,"inline_featured_image":false,"footnotes":""},"class_list":["post-111003","page","type-page","status-publish","hentry"],"acf":[],"yoast_head":"<!-- This site is optimized with the Yoast SEO plugin v26.6 - https:\/\/yoast.com\/wordpress\/plugins\/seo\/ -->\n<title>Events Test - Palletforce<\/title>\n<meta name=\"robots\" content=\"index, follow, max-snippet:-1, max-image-preview:large, max-video-preview:-1\" \/>\n<link rel=\"canonical\" href=\"https:\/\/www.palletforce.com\/de\/events-test\/\" \/>\n<meta property=\"og:locale\" content=\"de_DE\" \/>\n<meta property=\"og:type\" content=\"article\" \/>\n<meta property=\"og:title\" content=\"Events Test - Palletforce\" \/>\n<meta property=\"og:url\" content=\"https:\/\/www.palletforce.com\/de\/events-test\/\" \/>\n<meta property=\"og:site_name\" content=\"Palletforce\" \/>\n<meta name=\"twitter:card\" content=\"summary_large_image\" \/>\n<script type=\"application\/ld+json\" class=\"yoast-schema-graph\">{\"@context\":\"https:\/\/schema.org\",\"@graph\":[{\"@type\":\"WebPage\",\"@id\":\"https:\/\/www.palletforce.com\/events-test\/\",\"url\":\"https:\/\/www.palletforce.com\/events-test\/\",\"name\":\"Events Test - Palletforce\",\"isPartOf\":{\"@id\":\"https:\/\/www.palletforce.com\/#website\"},\"datePublished\":\"2024-01-17T08:04:21+00:00\",\"inLanguage\":\"de\",\"potentialAction\":[{\"@type\":\"ReadAction\",\"target\":[\"https:\/\/www.palletforce.com\/events-test\/\"]}]},{\"@type\":\"WebSite\",\"@id\":\"https:\/\/www.palletforce.com\/#website\",\"url\":\"https:\/\/www.palletforce.com\/\",\"name\":\"Palletforce\",\"description\":\"\",\"potentialAction\":[{\"@type\":\"SearchAction\",\"target\":{\"@type\":\"EntryPoint\",\"urlTemplate\":\"https:\/\/www.palletforce.com\/?s={search_term_string}\"},\"query-input\":{\"@type\":\"PropertyValueSpecification\",\"valueRequired\":true,\"valueName\":\"search_term_string\"}}],\"inLanguage\":\"de\"}]}<\/script>\n<!-- \/ Yoast SEO plugin. -->","yoast_head_json":{"title":"Events Test - Palletforce","robots":{"index":"index","follow":"follow","max-snippet":"max-snippet:-1","max-image-preview":"max-image-preview:large","max-video-preview":"max-video-preview:-1"},"canonical":"https:\/\/www.palletforce.com\/de\/events-test\/","og_locale":"de_DE","og_type":"article","og_title":"Events Test - Palletforce","og_url":"https:\/\/www.palletforce.com\/de\/events-test\/","og_site_name":"Palletforce","twitter_card":"summary_large_image","schema":{"@context":"https:\/\/schema.org","@graph":[{"@type":"WebPage","@id":"https:\/\/www.palletforce.com\/events-test\/","url":"https:\/\/www.palletforce.com\/events-test\/","name":"Events Test - Palletforce","isPartOf":{"@id":"https:\/\/www.palletforce.com\/#website"},"datePublished":"2024-01-17T08:04:21+00:00","inLanguage":"de","potentialAction":[{"@type":"ReadAction","target":["https:\/\/www.palletforce.com\/events-test\/"]}]},{"@type":"WebSite","@id":"https:\/\/www.palletforce.com\/#website","url":"https:\/\/www.palletforce.com\/","name":"Palettenkraft","description":"","potentialAction":[{"@type":"SearchAction","target":{"@type":"EntryPoint","urlTemplate":"https:\/\/www.palletforce.com\/?s={search_term_string}"},"query-input":{"@type":"PropertyValueSpecification","valueRequired":true,"valueName":"search_term_string"}}],"inLanguage":"de"}]}},"_links":{"self":[{"href":"https:\/\/www.palletforce.com\/de\/wp-json\/wp\/v2\/pages\/111003","targetHints":{"allow":["GET"]}}],"collection":[{"href":"https:\/\/www.palletforce.com\/de\/wp-json\/wp\/v2\/pages"}],"about":[{"href":"https:\/\/www.palletforce.com\/de\/wp-json\/wp\/v2\/types\/page"}],"author":[{"embeddable":true,"href":"https:\/\/www.palletforce.com\/de\/wp-json\/wp\/v2\/users\/5"}],"replies":[{"embeddable":true,"href":"https:\/\/www.palletforce.com\/de\/wp-json\/wp\/v2\/comments?post=111003"}],"version-history":[{"count":4,"href":"https:\/\/www.palletforce.com\/de\/wp-json\/wp\/v2\/pages\/111003\/revisions"}],"predecessor-version":[{"id":111059,"href":"https:\/\/www.palletforce.com\/de\/wp-json\/wp\/v2\/pages\/111003\/revisions\/111059"}],"wp:attachment":[{"href":"https:\/\/www.palletforce.com\/de\/wp-json\/wp\/v2\/media?parent=111003"}],"curies":[{"name":"wp","href":"https:\/\/api.w.org\/{rel}","templated":true}]}}