{"id":113487,"date":"2025-01-22T15:54:17","date_gmt":"2025-01-22T15:54:17","guid":{"rendered":"https:\/\/www.palletforce.com\/?page_id=113487"},"modified":"2025-01-22T15:54:17","modified_gmt":"2025-01-22T15:54:17","slug":"operational-privacy-policy","status":"publish","type":"page","link":"https:\/\/www.palletforce.com\/de\/operational-privacy-policy\/","title":{"rendered":"Betriebliche Datenschutzrichtlinie"},"content":{"rendered":"<section class=\"wysiwyg\">\n\n\t<div class=\"container-fluid\">\n\n\t<h1>Betriebliche Datenschutzrichtlinie<\/h1>\n<p><strong>Palletforce, Palletforce-Mitglieder und Anbieter von Abhol- und Lieferdiensten f\u00fcr Palletforce oder Palletforce-Mitglieder verarbeiten personenbezogene Daten in \u00dcbereinstimmung mit der Datenschutz-Grundverordnung (DSGVO) zum Zwecke der Vertragserf\u00fcllung und zur Erf\u00fcllung unserer gesetzlichen Verpflichtungen.<\/strong><\/p>\n<p>Wenn personenbezogene Daten von Palletforce zum Betrieb des Palettennetzwerks verarbeitet werden, ist Palletforce der Datenverantwortliche und die Mitglieder sind Datenverarbeiter.<\/p>\n<p>Personenbezogene Daten werden im Hinblick auf die Identifizierung von Einzelpersonen rechtm\u00e4\u00dfig, fair und transparent verarbeitet.<\/p>\n<p>Palletforce Ltd. befindet sich in Callister Way, Burton on Trent, DE14 2SY. Unsere Datenschutzregistrierungsnummer lautet ZA313616.<\/p>\n<h3>Operative personenbezogene Daten<\/h3>\n<p>Operative personenbezogene Daten sind personenbezogene Daten zur Identifizierung von Mitarbeitern, Vertretern und Vertragspartnern von Mitgliedern, Kunden, Transportpartnern, Lieferanten, Abholstellen, Versendern und Empf\u00e4ngern.<\/p>\n<p>Diese Klarstellung ist erforderlich, da Palletforce auch personenbezogene Daten seiner Mitarbeiter verarbeitet, die durch eine separate Richtlinie abgedeckt sind.<\/p>\n<p>Zu den operativen personenbezogenen Daten z\u00e4hlen unter anderem die folgenden Daten:<\/p>\n<ul>\n<li>Namen<\/li>\n<li>Telefonnummern<\/li>\n<li>E-Mail-Adressen<\/li>\n<li>Wohnadressen<\/li>\n<li>Bilder von Unterschriften<\/li>\n<li>Die Koordinaten des Ortes, an dem eine Abholung und\/oder Lieferung erfolgt<\/li>\n<li>Der aktuelle und historische Standort von ePOD-Ger\u00e4ten<\/li>\n<li>CCTV-Aufnahmen der Betriebsbereiche der Palletforce-Standorte<\/li>\n<li>Namen der Fahrer der Kofferraum- und Abhol-\/Lieferfahrzeuge<\/li>\n<\/ul>\n<h3>Zweck der Datenverarbeitung<\/h3>\n<p>Palletforce verarbeitet betriebsbezogene personenbezogene Daten, soweit dies f\u00fcr den Betrieb des Palettennetzwerks erforderlich ist.<br \/>\nUnsere Rechtsgrundlagen f\u00fcr die Verarbeitung betrieblicher personenbezogener Daten sind:<\/p>\n<ul>\n<li>Die Verarbeitung der betrieblichen personenbezogenen Daten ist f\u00fcr die Durchf\u00fchrung der Vertr\u00e4ge mit den Mitgliedern, Versendern und Empf\u00e4ngern erforderlich.<\/li>\n<li>Die Verarbeitung ist zur Erf\u00fcllung einer rechtlichen Verpflichtung erforderlich.<\/li>\n<li>Die Verarbeitung der betrieblichen personenbezogenen Daten ist zur Wahrung unserer berechtigten Interessen als Datenverantwortlicher erforderlich (es sei denn, diese Interessen werden durch die Interessen, Rechte oder Freiheiten des Einzelnen au\u00dfer Kraft gesetzt).<\/li>\n<\/ul>\n<p>Hierzu geh\u00f6rt die Verarbeitung betrieblicher personenbezogener Daten zur Erleichterung von Aktivit\u00e4ten wie:<\/p>\n<ul>\n<li>Abholung und Zustellung von Sendungen<\/li>\n<li>Verwalten von Benutzerkonten f\u00fcr den Zugriff auf die IT-Systeme von Palletforce<\/li>\n<li>Sendungsverfolgung und Zustellnachweis<\/li>\n<li>Abrechnung und Zahlung<\/li>\n<li>Reporting, Planung und Analyse<\/li>\n<li>Vertrieb und Marketing<\/li>\n<li>Die Integration der IT-Systeme von Mitgliedern und Kunden<\/li>\n<li>Video\u00fcberwachung f\u00fcr Zwecke der Gesundheit und Sicherheit, der Standortsicherheit, der Verbrechenspr\u00e4vention und der Erkennung von Problemen im Zusammenhang mit der Handhabung von Waren<\/li>\n<\/ul>\n<h3>\u00dcbertragungen an Dritte<\/h3>\n<p>Eine Weitergabe betrieblicher personenbezogener Daten an unsere Mitglieder, Lieferpartner und Kunden erfolgt zum Zwecke der Vertragsabwicklung.<\/p>\n<h3>Datensicherheit<\/h3>\n<p>Palletforce wird geeignete physische und technische Ressourcen implementieren, um betriebliche personenbezogene Daten vor unberechtigtem Zugriff, Nutzung oder Offenlegung zu sch\u00fctzen.<\/p>\n<p>Personenbezogene Daten werden innerhalb des Vereinigten K\u00f6nigreichs, des Europ\u00e4ischen Wirtschaftsraums oder mit Dritten in L\u00e4ndern verarbeitet, die von der EG als angemessener Schutz anerkannt sind, wie z. B. die Vereinigten Staaten von Amerika, die das Privacy Shield verwenden.<\/p>\n<p>Palletforce benachrichtigt die Mitglieder umgehend \u00fcber jeden bekannten unbefugten Zugriff, jede unbefugte Nutzung oder Offenlegung.<\/p>\n<h3>Zur\u00fcckbehaltung<\/h3>\n<p>Palletforce speichert betriebliche personenbezogene Daten in Alliance f\u00fcr einzelne Sendungen nicht l\u00e4nger als 730 Kalendertage ab dem Datum der Dateneingabe.<\/p>\n<h3>Webbrowser-Cookies<\/h3>\n<p>Cookies sind kleine Datendateien, die von einer von Ihnen besuchten Website an Ihren Webbrowser gesendet werden. Ein Cookie wird in Ihrem Webbrowser gespeichert und erm\u00f6glicht es Diensten, Sie zu erkennen.<\/p>\n<p>Palletforce verwendet sowohl dauerhafte als auch tempor\u00e4re (Sitzungs-)Cookies f\u00fcr:<\/p>\n<ul>\n<li>Speichern von Informationen zu Ihrer Sitzung und Ihren Site-Einstellungen w\u00e4hrend Sie die Palletforce-Websites nutzen, um die Funktionalit\u00e4t unserer Websites bereitzustellen. Wenn Sie dieses Cookie deaktivieren, k\u00f6nnen Sie nicht mehr auf Teile unserer Alliance-Website zugreifen.<\/li>\n<li>Sie werden zwischen den Anmeldungen wiedererkannt, um einen schnelleren Anmeldevorgang zu erm\u00f6glichen. Dieses Cookie ist f\u00fcr die Nutzung der Alliance-Website nicht unbedingt erforderlich.<\/li>\n<li>Verwendung von Analysediensten zum Speichern anonymer Informationen \u00fcber Ihren Webbrowser, Ihre IP-Adresse und andere Netzwerkinformationen. Diese Informationen werden verwendet, um die laufende Leistung, Sicherheit und Nutzung unserer Websites zu \u00fcberwachen. Dieses Cookie ist f\u00fcr die Nutzung der Alliance-Website nicht unbedingt erforderlich.<\/li>\n<li>Palletforce speichert keine personenbezogenen Daten in Cookies.<\/li>\n<\/ul>\n<p>Alle Computer haben die M\u00f6glichkeit, Cookies abzulehnen. Dies ist m\u00f6glich, indem Sie in Ihrem Browser die Einstellung aktivieren, die es Ihnen erm\u00f6glicht, Cookies abzulehnen. Bitte beachten Sie, dass Sie m\u00f6glicherweise nicht auf bestimmte Bereiche unserer Website zugreifen k\u00f6nnen, wenn Sie Cookies ablehnen.<\/p>\n<p>Weitere Informationen zu Cookies finden Sie in der Anleitung unter All About Cookies oder auf der Support-Website f\u00fcr Ihren Webbrowser.<\/p>\n<h3>Rechte der betroffenen Person<\/h3>\n<p>Einzelpersonen werden in der DSGVO in Bezug auf ihre personenbezogenen Daten folgende Rechte gew\u00e4hrt:<\/p>\n<ul>\n<li>Das Recht auf Information. Diese betriebliche Datenschutzrichtlinie beschreibt die Art und Weise, wie Palletforce betriebliche personenbezogene Daten verarbeitet.<\/li>\n<\/ul>\n<p>Einzelpersonen k\u00f6nnen die folgenden Rechte aus\u00fcben, indem sie das Datenschutzteam von Palletforce unter dpt@palletforce.com oder \u00fcber die im Abschnitt \u201eAnfragen\u201c dieses Dokuments angegebene Postanschrift kontaktieren:<\/p>\n<ul>\n<li>Das Recht auf Zugriff auf Ihre von Palletforce verarbeiteten personenbezogenen Daten.<\/li>\n<li>Das Recht auf Berichtigung unrichtiger personenbezogener Daten.<\/li>\n<li>Das Recht auf L\u00f6schung ihrer personenbezogenen Daten und auf Minimierung der Speicherdauer personenbezogener Daten.<\/li>\n<li>Das Recht auf Einschr\u00e4nkung der Verarbeitung ihrer personenbezogenen Daten, wenn die Daten nicht korrekt sind, wenn die betroffene Person der Ansicht ist, dass kein berechtigtes Interesse besteht oder wenn die Verarbeitung unrechtm\u00e4\u00dfig ist.<\/li>\n<li>Das Recht auf Daten\u00fcbertragbarkeit personenbezogener Daten in einem strukturierten, maschinenlesbaren Format.<\/li>\n<li>Das Recht, der Verarbeitung personenbezogener Daten zu widersprechen, wenn Palletforce keine zwingenden schutzw\u00fcrdigen Gr\u00fcnde f\u00fcr die Verarbeitung nachweisen kann.<\/li>\n<\/ul>\n<p>Weitere Informationen zu den Rechten des Einzelnen finden Sie auf der ICO-Website unter https:\/\/ico.org.uk\/for-the-public\/.<\/p>\n<h3>Anfragen<\/h3>\n<p>Alle Anfragen, einschlie\u00dflich Zugriffsanfragen, Berichtigungen und L\u00f6schungen, sollten an dpt@palletforce.com oder per Post an folgende Adresse gerichtet werden:<\/p>\n<p>Datenschutz-Team<br \/>\nPalletforce Ltd<br \/>\nCallister-Weg<br \/>\nBurton-on-Trent<br \/>\nDE14 2SY<\/p>\n<h3>Beschwerden<\/h3>\n<p>Betroffene Personen haben das Recht, sich zu beschweren, wenn ihre Rechte nicht gewahrt werden. Beschwerden sind an das B\u00fcro des Information Commissioners zu richten:<\/p>\n<p>B\u00fcro des Informationsbeauftragten<br \/>\nWycliffe-Haus<br \/>\nWasserweg<br \/>\nWilmslow<br \/>\nCheshire<br \/>\nSK95AF<\/p>\n<p>Telefon: 0303 123 1113<\/p>\n<h3>Pflichten des Kunden<\/h3>\n<p>Kunden, die betriebliche personenbezogene Daten bereitstellen, garantieren, dass sie \u00fcber eine Rechtsgrundlage f\u00fcr die Verarbeitung der personenbezogenen Daten verf\u00fcgen, bevor die betrieblichen personenbezogenen Daten an Palletforce \u00fcbermittelt werden.<\/p>\n<p>Kunden m\u00fcssen sicherstellen, dass die von ihnen bereitgestellten personenbezogenen Betriebsdaten:<\/p>\n<ul>\n<li>Genau und auf dem neuesten Stand.<\/li>\n<li>Relevant und auf das f\u00fcr die Zwecke, f\u00fcr die sie verarbeitet werden, erforderliche Ma\u00df beschr\u00e4nkt.<\/li>\n<li>Wird ausschlie\u00dflich zum Abholen, Verfolgen und Ausliefern von Sendungen verwendet.<\/li>\n<li>Angemessen gesichert, um das Risiko eines Verlusts und\/oder Versto\u00dfes zu minimieren.<\/li>\n<\/ul>\n<h3>Zur\u00fcckbehaltung<\/h3>\n<p>Wenn betriebliche personenbezogene Daten in den IT-Systemen von Kunden gespeichert werden, darf das Mitglied betriebliche personenbezogene Daten f\u00fcr einzelne Sendungen nicht l\u00e4nger als 730 Kalendertage ab dem Datum des Imports in seine Systeme aufbewahren.<\/p>\n\n\t<\/div>\n\n<\/section>","protected":false},"excerpt":{"rendered":"","protected":false},"author":18,"featured_media":111843,"parent":0,"menu_order":0,"comment_status":"closed","ping_status":"open","template":"","meta":{"_acf_changed":false,"inline_featured_image":false,"footnotes":""},"class_list":["post-113487","page","type-page","status-publish","has-post-thumbnail","hentry"],"acf":[],"yoast_head":"<!-- This site is optimized with the Yoast SEO plugin v26.6 - https:\/\/yoast.com\/wordpress\/plugins\/seo\/ -->\n<title>Operational Privacy Policy - Palletforce<\/title>\n<meta name=\"robots\" content=\"index, follow, max-snippet:-1, max-image-preview:large, max-video-preview:-1\" \/>\n<link rel=\"canonical\" href=\"https:\/\/www.palletforce.com\/de\/operational-privacy-policy\/\" \/>\n<meta property=\"og:locale\" content=\"de_DE\" \/>\n<meta property=\"og:type\" content=\"article\" \/>\n<meta property=\"og:title\" content=\"Operational Privacy Policy - Palletforce\" \/>\n<meta property=\"og:url\" content=\"https:\/\/www.palletforce.com\/de\/operational-privacy-policy\/\" \/>\n<meta property=\"og:site_name\" content=\"Palletforce\" \/>\n<meta property=\"og:image\" content=\"https:\/\/www.palletforce.com\/wp-content\/uploads\/2024\/04\/Careers-Web-Banners-9.png\" \/>\n\t<meta property=\"og:image:width\" content=\"1855\" \/>\n\t<meta property=\"og:image:height\" content=\"550\" \/>\n\t<meta property=\"og:image:type\" content=\"image\/png\" \/>\n<meta name=\"twitter:card\" content=\"summary_large_image\" \/>\n<script type=\"application\/ld+json\" class=\"yoast-schema-graph\">{\"@context\":\"https:\/\/schema.org\",\"@graph\":[{\"@type\":\"WebPage\",\"@id\":\"https:\/\/www.palletforce.com\/operational-privacy-policy\/\",\"url\":\"https:\/\/www.palletforce.com\/operational-privacy-policy\/\",\"name\":\"Operational Privacy Policy - Palletforce\",\"isPartOf\":{\"@id\":\"https:\/\/www.palletforce.com\/#website\"},\"primaryImageOfPage\":{\"@id\":\"https:\/\/www.palletforce.com\/operational-privacy-policy\/#primaryimage\"},\"image\":{\"@id\":\"https:\/\/www.palletforce.com\/operational-privacy-policy\/#primaryimage\"},\"thumbnailUrl\":\"https:\/\/www.palletforce.com\/wp-content\/uploads\/2024\/04\/Careers-Web-Banners-9.png\",\"datePublished\":\"2025-01-22T15:54:17+00:00\",\"inLanguage\":\"de\",\"potentialAction\":[{\"@type\":\"ReadAction\",\"target\":[\"https:\/\/www.palletforce.com\/operational-privacy-policy\/\"]}]},{\"@type\":\"ImageObject\",\"inLanguage\":\"de\",\"@id\":\"https:\/\/www.palletforce.com\/operational-privacy-policy\/#primaryimage\",\"url\":\"https:\/\/www.palletforce.com\/wp-content\/uploads\/2024\/04\/Careers-Web-Banners-9.png\",\"contentUrl\":\"https:\/\/www.palletforce.com\/wp-content\/uploads\/2024\/04\/Careers-Web-Banners-9.png\",\"width\":1855,\"height\":550},{\"@type\":\"WebSite\",\"@id\":\"https:\/\/www.palletforce.com\/#website\",\"url\":\"https:\/\/www.palletforce.com\/\",\"name\":\"Palletforce\",\"description\":\"\",\"potentialAction\":[{\"@type\":\"SearchAction\",\"target\":{\"@type\":\"EntryPoint\",\"urlTemplate\":\"https:\/\/www.palletforce.com\/?s={search_term_string}\"},\"query-input\":{\"@type\":\"PropertyValueSpecification\",\"valueRequired\":true,\"valueName\":\"search_term_string\"}}],\"inLanguage\":\"de\"}]}<\/script>\n<!-- \/ Yoast SEO plugin. -->","yoast_head_json":{"title":"Betriebliche Datenschutzrichtlinie \u2013 Palletforce","robots":{"index":"index","follow":"follow","max-snippet":"max-snippet:-1","max-image-preview":"max-image-preview:large","max-video-preview":"max-video-preview:-1"},"canonical":"https:\/\/www.palletforce.com\/de\/operational-privacy-policy\/","og_locale":"de_DE","og_type":"article","og_title":"Operational Privacy Policy - Palletforce","og_url":"https:\/\/www.palletforce.com\/de\/operational-privacy-policy\/","og_site_name":"Palletforce","og_image":[{"width":1855,"height":550,"url":"https:\/\/www.palletforce.com\/wp-content\/uploads\/2024\/04\/Careers-Web-Banners-9.png","type":"image\/png"}],"twitter_card":"summary_large_image","schema":{"@context":"https:\/\/schema.org","@graph":[{"@type":"WebPage","@id":"https:\/\/www.palletforce.com\/operational-privacy-policy\/","url":"https:\/\/www.palletforce.com\/operational-privacy-policy\/","name":"Betriebliche Datenschutzrichtlinie \u2013 Palletforce","isPartOf":{"@id":"https:\/\/www.palletforce.com\/#website"},"primaryImageOfPage":{"@id":"https:\/\/www.palletforce.com\/operational-privacy-policy\/#primaryimage"},"image":{"@id":"https:\/\/www.palletforce.com\/operational-privacy-policy\/#primaryimage"},"thumbnailUrl":"https:\/\/www.palletforce.com\/wp-content\/uploads\/2024\/04\/Careers-Web-Banners-9.png","datePublished":"2025-01-22T15:54:17+00:00","inLanguage":"de","potentialAction":[{"@type":"ReadAction","target":["https:\/\/www.palletforce.com\/operational-privacy-policy\/"]}]},{"@type":"ImageObject","inLanguage":"de","@id":"https:\/\/www.palletforce.com\/operational-privacy-policy\/#primaryimage","url":"https:\/\/www.palletforce.com\/wp-content\/uploads\/2024\/04\/Careers-Web-Banners-9.png","contentUrl":"https:\/\/www.palletforce.com\/wp-content\/uploads\/2024\/04\/Careers-Web-Banners-9.png","width":1855,"height":550},{"@type":"WebSite","@id":"https:\/\/www.palletforce.com\/#website","url":"https:\/\/www.palletforce.com\/","name":"Palettenkraft","description":"","potentialAction":[{"@type":"SearchAction","target":{"@type":"EntryPoint","urlTemplate":"https:\/\/www.palletforce.com\/?s={search_term_string}"},"query-input":{"@type":"PropertyValueSpecification","valueRequired":true,"valueName":"search_term_string"}}],"inLanguage":"de"}]}},"_links":{"self":[{"href":"https:\/\/www.palletforce.com\/de\/wp-json\/wp\/v2\/pages\/113487","targetHints":{"allow":["GET"]}}],"collection":[{"href":"https:\/\/www.palletforce.com\/de\/wp-json\/wp\/v2\/pages"}],"about":[{"href":"https:\/\/www.palletforce.com\/de\/wp-json\/wp\/v2\/types\/page"}],"author":[{"embeddable":true,"href":"https:\/\/www.palletforce.com\/de\/wp-json\/wp\/v2\/users\/18"}],"replies":[{"embeddable":true,"href":"https:\/\/www.palletforce.com\/de\/wp-json\/wp\/v2\/comments?post=113487"}],"version-history":[{"count":2,"href":"https:\/\/www.palletforce.com\/de\/wp-json\/wp\/v2\/pages\/113487\/revisions"}],"predecessor-version":[{"id":113489,"href":"https:\/\/www.palletforce.com\/de\/wp-json\/wp\/v2\/pages\/113487\/revisions\/113489"}],"wp:featuredmedia":[{"embeddable":true,"href":"https:\/\/www.palletforce.com\/de\/wp-json\/wp\/v2\/media\/111843"}],"wp:attachment":[{"href":"https:\/\/www.palletforce.com\/de\/wp-json\/wp\/v2\/media?parent=113487"}],"curies":[{"name":"wp","href":"https:\/\/api.w.org\/{rel}","templated":true}]}}