{"id":3,"date":"2020-06-08T16:33:17","date_gmt":"2020-06-08T15:33:17","guid":{"rendered":"http:\/\/localhost\/emc-2020\/?page_id=3"},"modified":"2023-11-01T12:05:44","modified_gmt":"2023-11-01T12:05:44","slug":"privacy-policy","status":"publish","type":"page","link":"https:\/\/www.palletforce.com\/de\/privacy-policy\/","title":{"rendered":"Datenschutz-Bestimmungen"},"content":{"rendered":"<section class=\"small-banner\" style=\"background-image: url(https:\/\/www.palletforce.com\/wp-content\/uploads\/2021\/10\/internal-hub-5-1140x318.jpg); \">\n\n\t<div class=\"container-fluid\">\n\n\t\t<h1>Datenschutz-Bestimmungen<\/h1>\n\t<\/div>\n\n<\/section>\n\n<section class=\"wysiwyg\">\n\n\t<div class=\"container-fluid\">\n\n\t<p><strong>Datenschutzrichtlinie f\u00fcr EV Cargo<\/strong><\/p>\n<p>EV Cargo Limited ist der Verantwortliche f\u00fcr die von uns erfassten Informationen (personenbezogene Daten). In dieser Richtlinie wird erl\u00e4utert, wie und wie wir Ihre personenbezogenen Daten verwenden, wie lange wir sie aufbewahren und welche gesetzlichen Rechte Sie haben. Diese Richtlinie gilt f\u00fcr alle EV Cargo-Tochtergesellschaften innerhalb der Gruppe.<\/p>\n<p><strong>Kontakt<\/strong><\/p>\n<p>Wenn Sie Fragen zu dieser Richtlinie oder zum Datenschutz im Allgemeinen haben, k\u00f6nnen Sie sich an den Datenschutzbeauftragten der EV Cargo Group, Phoenix House, Oxford Road, Gerrards Cross, SL9 7AP oder per E-Mail wenden: <a href=\"mailto:dataprotection@evcargo.com\">dataprotection@evcargo.com<\/a><\/p>\n<p><strong>Wie Ihre Daten gespeichert werden<\/strong><\/p>\n<p>Ihre personenbezogenen Daten werden sowohl in Papierform als auch in elektronischer Form gespeichert.<br \/>\nElektronische Daten, einschlie\u00dflich E-Mails, werden auf den Servern von EV Cargo und auf den Servern unserer Softwarelieferanten gespeichert, die sich im Vereinigten K\u00f6nigreich befinden.<\/p>\n<p>Wenn wir einen Vertrag mit einem Softwarelieferanten abschlie\u00dfen, der Daten au\u00dferhalb der EU speichert, werden nur minimale Daten verarbeitet und wir stellen sicher, dass bei Bedarf angemessene Sicherheitsvorkehrungen getroffen werden.<\/p>\n<p><strong>Wie lange werden die Daten gespeichert?<\/strong><\/p>\n<p>Dies h\u00e4ngt von den gesammelten Informationen ab. F\u00fcr bestimmte Daten gelten unterschiedliche Zeitrahmen. Wir sind an gesetzliche und bew\u00e4hrte Aufbewahrungsfristen gebunden. Wenn die Informationen nicht mehr ben\u00f6tigt werden, vernichten wir sie sicher.<\/p>\n<p><strong>Art der erhobenen Daten und Zweck.<\/strong><\/p>\n<table style=\"height: 3601px;\" width=\"687\">\n<tbody>\n<thead>\n<th scope=\"col\"><strong>Grund der Bearbeitung<\/strong><\/th>\n<th scope=\"col\"><strong>Rechtliche Grundlage<\/strong><\/th>\n<\/thead>\n<tr>\n<td data-label=\"Reason for processing\"><strong>Nutzung der Website<br \/>\n    <\/strong>Die Registrierung auf der EV Cargo-Website ist optional. EV Cargo betrachtet die von ihm erfassten Kundendaten als wertvolles und vertrauliches Gut, dessen Sicherheit wir mit gr\u00f6\u00dfter Sorgfalt gew\u00e4hrleisten. Wir verwenden Cookies auf unserer Website. Weitere Informationen finden Sie in der Cookie-Richtlinie. Wir verwenden die Informationen f\u00fcr drei allgemeine Zwecke: um Ihre Anfragen f\u00fcr bestimmte Bereiche der Website zu erf\u00fcllen, um Sie bei Bedarf zu kontaktieren und um uns bei der Wartung der Website-Software zu helfen und Hardware.<\/p>\n<h3><strong>\u00a0<\/strong><\/h3>\n<\/td>\n<td data-label=\"Legal basis\">Diese Informationen werden aus unserem berechtigten Interesse verarbeitet, auf alle Anfragen zu antworten, die Sie \u00fcber unsere Website, Apps und Kundensoftware stellen, und um uns dabei zu helfen, unsere Website zu verstehen und zu verbessern.<\/td>\n<\/tr>\n<tr>\n<td data-label=\"Reason for processing\">\n<h3><strong>Gesch\u00e4ftskontakte<\/strong><\/h3>\n<p>    Kontaktdaten von Personen, Organisationen und Unternehmen, mit denen wir zusammenarbeiten, sind personenbezogene Daten und werden von uns entsprechend behandelt. Wir werden sie nur im Rahmen unserer Beziehung zu Ihrer Organisation verwenden, unabh\u00e4ngig davon, ob wir partnerschaftlich zusammenarbeiten oder eine Kunden-\/Lieferantenbeziehung haben.<\/td>\n<td data-label=\"Legal basis\">Diese Verarbeitung basiert auf unserem berechtigten Interesse an der Verwaltung von Gesch\u00e4ftsbeziehungen und Mitgliederbeziehungen. Wir verwenden die Daten nur f\u00fcr den aufgef\u00fchrten Zweck, wir werden die Daten nicht f\u00fcr einen anderen Zweck verwenden und diese werden sicher aufbewahrt<\/td>\n<\/tr>\n<tr>\n<td data-label=\"Reason for processing\">\n<h3><strong>EVCargo.com<br \/>\n    Eine EV-Ladung<br \/>\n    Anwendungen<\/strong><\/h3>\n<p>    Name, E-Mail-Adresse, Ger\u00e4teinformationen, dazu k\u00f6nnen auch das Surfverhalten und die von Ihnen angeklickten Werbeanzeigen geh\u00f6ren.<\/td>\n<td data-label=\"Legal basis\">Sie werden gebeten zu best\u00e4tigen, dass Sie mit der Bereitstellung Ihrer personenbezogenen Daten einverstanden sind und dass Sie EV Cargo die Erlaubnis erteilen, Ihre personenbezogenen Daten zu verarbeiten. Alle Details, etwa warum Boots Ihre Daten ben\u00f6tigt, wie sie verwendet werden und ob Ihre Daten weitergegeben werden, werden Ihnen zum Zeitpunkt der Einholung Ihrer Einwilligung mitgeteilt. Wenn sich EV Cargo auf die Einwilligung verl\u00e4sst, wird in der Regel ein Kontrollk\u00e4stchen angezeigt. Sie haben das Recht, Ihre Einwilligung jederzeit zu widerrufen, wenn Sie nicht mehr an der EV Cargo-Verarbeitungsaktivit\u00e4t teilnehmen m\u00f6chten<\/td>\n<\/tr>\n<tr>\n<td data-label=\"Reason for processing\">\n<h3><strong>Direktmarketing <\/strong><\/h3>\n<p>    Wir senden Ihnen Informationen \u00fcber die von uns angebotenen Dienstleistungen zu, von denen wir glauben, dass sie f\u00fcr Sie n\u00fctzlich oder von Interesse sind, unabh\u00e4ngig davon, ob es sich um kostenpflichtige oder kostenlose Dienstleistungen handelt.<\/p>\n<p>    Wenn Sie sich f\u00fcr eine Registrierung entscheiden, sind Ihre Daten nicht l\u00e4nger anonym und stehen den Mitarbeitern von EV Cargo und Delegationen zu Marketingzwecken zur Verf\u00fcgung. Wenn Sie keine Werbe- oder Marketinginformationen mehr erhalten m\u00f6chten, benachrichtigen Sie uns bitte per E-Mail unter\u00a0<a href=\"mailto:info@evcargo.com\">info@evcargo.com<\/a>.<\/p>\n<p>    &nbsp;<\/td>\n<td data-label=\"Legal basis\">Wir senden Ihnen E-Mails oder Textnachrichten (elektronisches Direktmarketing) mit solchen Informationen, sofern wir dazu Ihre Einwilligung haben. F\u00fcr kommerzielle Dienstleistungen oder Produkte, einschlie\u00dflich der F\u00e4lle, in denen Sie eine \u00e4hnliche Dienstleistung oder ein \u00e4hnliches Produkt gekauft oder mit uns in Verhandlungen dar\u00fcber verhandelt haben, gilt dies gesetzlich als stillschweigende Zustimmung. Allerdings haben Sie jedes Mal, wenn wir eine E-Mail oder Textnachricht senden, die M\u00f6glichkeit, sich von \u00e4hnlichen Marketingnachrichten abzumelden.<\/td>\n<\/tr>\n<tr>\n<td data-label=\"Reason for processing\">\n<h3><strong>\u00a0&#039;Prozessoren&#039;<\/strong><\/h3>\n<p>    Wenn wir andere Unternehmen damit beauftragen, unsere Produkte oder Dienstleistungen in unserem Namen zu liefern, m\u00fcssen wir manchmal relevante Informationen mit diesen Lieferanten und Subunternehmern teilen, damit diese Arbeiten in unserem Namen ausf\u00fchren k\u00f6nnen. Sie werden als unsere \u201eAuftragsverarbeiter\u201c bezeichnet und sind vertraglich dazu verpflichtet, in Bezug auf Ihre personenbezogenen Daten nur nach unseren Anweisungen zu handeln und diese nicht f\u00fcr eigene Zwecke zu verwenden.<\/td>\n<td>Die jeweilige Rechtsgrundlage f\u00fcr jeden von uns eingesetzten Auftragsverarbeiter h\u00e4ngt von der Art der von ihm ausgef\u00fchrten Arbeit und unserer Rechtsgrundlage f\u00fcr die Ausf\u00fchrung der Arbeit ab. Wir haben Vertr\u00e4ge mit Auftragsverarbeitern, die Artikel 28 der Datenschutz-Grundverordnung (DSGVO) entsprechen.<\/td>\n<\/tr>\n<tr>\n<td data-label=\"Reason for processing\"><strong>Video\u00fcberwachung<\/strong><\/p>\n<p>    EV Cargo nutzt Video\u00fcberwachung in unseren B\u00fcros, Lagern und Standorten, um die Sicherheit von R\u00e4umlichkeiten, Produkten, Kollegen, Auftragnehmern, Kunden, der \u00d6ffentlichkeit und Dritten zu gew\u00e4hrleisten. Einige Systeme werden von spezialisierten Sicherheitsunternehmen betrieben, mit denen wir Vertr\u00e4ge haben.<\/p>\n<p>    CCTV-Aufnahmen k\u00f6nnen an Organisationen weitergegeben werden, die im Auftrag handeln, einschlie\u00dflich der Polizei, soweit dies zur Untersuchung potenzieller Straftaten und zur Verfolgung von Straftaten erforderlich ist.<\/td>\n<td data-label=\"Legal basis\">Wir verarbeiten Daten von CCTV in unserem berechtigten Interesse zum Schutz von Eigentum, Lagerhaltung und zur Erf\u00fcllung von Aufgaben im Rahmen unserer gesetzlichen Verpflichtungen sowie im \u00f6ffentlichen Interesse\/wesentlichen \u00f6ffentlichen Interesse; Dazu geh\u00f6ren der Schutz der Sicherheit von Personen und R\u00e4umlichkeiten sowie die Unterst\u00fctzung bei der Untersuchung und Verfolgung von Straftaten, Betrug und anderem Fehlverhalten.<\/td>\n<\/tr>\n<tr>\n<td data-label=\"Reason for processing\"><strong>Rekrutierung<\/strong><\/p>\n<p>    Wenn Sie sich auf eine Stelle bewerben, erheben wir Informationen \u00fcber Ihre Eignung f\u00fcr die Stelle.<\/p>\n<p>    Wir sammeln Informationen \u00fcber Rasse\/ethnische Herkunft, Religion, Gesundheit\/Behinderung oder sexuelle Orientierung und Geschlecht.<\/td>\n<td data-label=\"Legal basis\">Die Erhebung personenbezogener Daten erfolgt auf der Grundlage, dass diese f\u00fcr einen Arbeitsvertrag bzw. den Abschluss eines Arbeitsvertrages mit Ihnen erforderlich sind.<\/p>\n<p>    &nbsp;<\/p>\n<p>    Wenn es f\u00fcr uns im erheblichen \u00f6ffentlichen Interesse erforderlich ist, die Chancengleichheit und Behandlung zu \u00fcberwachen und zu verbessern, und es Ihnen freigestellt ist, diese Informationen bereitzustellen. Wir nutzen die im Rahmen der Chancengleichheit erhobenen Informationen nicht zur Beurteilung der Bewerbungseignung. F\u00fcr die Personalbeschaffung gibt es eine gesonderte Richtlinie, die Ihnen mitteilt, wie und warum Ihre Daten verwendet werden.<\/td>\n<\/tr>\n<tr>\n<td data-label=\"Reason for processing\"><strong>Mitarbeiter<\/strong><\/p>\n<p>    Wir erheben und verarbeiten Informationen \u00fcber aktuelle und ehemalige Mitarbeiter.<\/td>\n<td data-label=\"Legal basis\">Der Gro\u00dfteil dieser Verarbeitung erfolgt auf der Grundlage, dass sie f\u00fcr die Verwaltung Ihres Arbeitsvertrags erforderlich ist. Wir m\u00fcssen auch unseren gesetzlichen Verpflichtungen aus dem Arbeitsrecht gegen\u00fcber aktuellen und ehemaligen Mitarbeitern nachkommen. Es gibt eine Datenschutzrichtlinie f\u00fcr Mitarbeiter, die Ihnen sagt, wie und warum Ihre Daten verwendet werden.<\/p>\n<p>    &nbsp;<\/p>\n<p>    &nbsp;<\/td>\n<\/tr>\n<tr>\n<td data-label=\"Reason for processing\"><strong>Gleichbehandlung und Chancengleichheit<\/strong><\/p>\n<p>    Wir behandeln jeden fair und bieten gleiche Chancen, unabh\u00e4ngig von Unterschieden in Bezug auf Rasse oder ethnische Herkunft, religi\u00f6se oder philosophische \u00dcberzeugungen, k\u00f6rperliche oder geistige Gesundheit oder sexuelle Orientierung. Hier ist es f\u00fcr uns notwendig, die Chancengleichheit zu \u00fcberwachen und zu verbessern erhebliches \u00f6ffentliches Interesse. Wenn wir Informationen zur Chancengleichheit sammeln, werden diese nicht dazu verwendet, Ihre Eignung f\u00fcr eine Einstellung oder Besch\u00e4ftigung zu beurteilen.<\/p>\n<p>    &nbsp;<\/p>\n<p>    &nbsp;<\/td>\n<td data-label=\"Legal basis\">Die Verarbeitung dieser besonderen Kategorien von Daten ist f\u00fcr eine Aufgabe erforderlich, die im \u00f6ffentlichen Interesse liegt, insbesondere f\u00fcr die Zwecke der Feststellung und \u00dcberwachung der Chancengleichheit und Gleichbehandlung verschiedener Personengruppen mit dem Ziel, die Gleichstellung zu f\u00f6rdern oder zu erm\u00f6glichen gepflegt. Die Angabe dieser Informationen ist f\u00fcr Sie optional.<\/td>\n<\/tr>\n<tr>\n<td data-label=\"Reason for processing\"><strong>Kekse <\/strong><\/p>\n<p>    Cookies, Pixel-Tags und \u00e4hnliche Technologien (zusammen \u201eCookies\u201c) sind Dateien mit kleinen Informationsmengen, die auf jedes internetf\u00e4hige Ger\u00e4t \u2013 wie Ihren Computer, Ihr Smartphone oder Tablet \u2013 heruntergeladen werden, wenn Sie eine Website besuchen.<\/td>\n<td data-label=\"Legal basis\">Um zu sehen, welche Cookies wir verwenden und aus welchen Gr\u00fcnden, lesen Sie bitte unsere Cookie-Richtlinie.<\/td>\n<\/tr>\n<\/tbody>\n<\/table>\n<p><strong>\u00a0<\/strong><\/p>\n<p><strong>Widerruf der Einwilligung<\/strong><\/p>\n<p><strong>Rechte <\/strong><\/p>\n<ul>\n<li><strong>Ihr Recht auf Zugang<\/strong> \u2013 Sie haben das Recht, uns um Kopien Ihrer personenbezogenen Daten zu bitten, die als Subject Access Request oder SAR bezeichnet werden. Vor der \u00dcbermittlung personenbezogener Daten k\u00f6nnen wir Sie um einen Nachweis Ihrer Identit\u00e4t bitten. Sofern Sie keinen Identit\u00e4tsnachweis erbringen k\u00f6nnen, behalten wir uns das Recht vor, die Zusendung der personenbezogenen Daten zu verweigern.<\/li>\n<li><strong>Ihr Recht auf Berichtigung<\/strong> \u2013 Sie haben das Recht, von uns die Berichtigung personenbezogener Daten zu verlangen, die Sie f\u00fcr unrichtig halten. Sie haben au\u00dferdem das Recht, von uns die Vervollst\u00e4ndigung von Informationen zu verlangen, die Sie f\u00fcr unvollst\u00e4ndig halten.<\/li>\n<li><strong>Ihr Recht auf L\u00f6schung<\/strong> \u2013 Sie haben das Recht, von uns unter bestimmten Umst\u00e4nden die L\u00f6schung Ihrer personenbezogenen Daten zu verlangen.<\/li>\n<li><strong>Ihr Recht auf Einschr\u00e4nkung der Verarbeitung<\/strong> \u2013 Sie haben das Recht, von uns zu verlangen, dass wir die Verarbeitung Ihrer personenbezogenen Daten unter bestimmten Umst\u00e4nden einschr\u00e4nken.<\/li>\n<li><strong>Ihr Recht, der Verarbeitung zu widersprechen<\/strong> \u2013 Unter bestimmten Umst\u00e4nden haben Sie das Recht, der Verarbeitung Ihrer personenbezogenen Daten zu widersprechen.<\/li>\n<li><strong>Ihr Recht auf Daten\u00fcbertragbarkeit<\/strong> \u2013 Sie haben das Recht zu verlangen, dass wir die personenbezogenen Daten, die Sie uns gegeben haben, unter bestimmten Umst\u00e4nden an eine andere Organisation oder an Sie weitergeben.<\/li>\n<li><strong>Ihr Recht, nicht einer vollautomatisierten Entscheidung unterworfen zu werden \u2013<\/strong>Entscheidungsprozess (d. h. eine systemgenerierte Entscheidung ohne menschliches Zutun), bei dem das Ergebnis rechtliche oder \u00e4hnlich bedeutsame Auswirkungen auf Sie hat.<\/li>\n<li>Sie haben das Recht, Ihre Einwilligung jederzeit durch Kontaktaufnahme mit uns zu widerrufen.<\/li>\n<\/ul>\n<p>F\u00fcr die Aus\u00fcbung Ihrer Rechte m\u00fcssen Sie keine Geb\u00fchr zahlen. Wenn Sie eine Anfrage stellen, haben wir einen Monat Zeit, um Ihnen zu antworten. Unter bestimmten Umst\u00e4nden haben wir das Recht, eine Anfrage abzulehnen, und das Gesetz erlaubt uns, die Frist auf bis zu zwei Monate zu verl\u00e4ngern. Es kann vorkommen, dass eine Verwaltungsgeb\u00fchr erhoben wird.<\/p>\n<p><strong>SICHERHEIT<\/strong><\/p>\n<p>Wir beabsichtigen, die Qualit\u00e4t und Integrit\u00e4t unserer pers\u00f6nlichen Daten zu sch\u00fctzen. EV Cargo hat Technologien und Sicherheitsrichtlinien implementiert, um die gespeicherten personenbezogenen Daten unserer Benutzer vor unbefugtem Zugriff, unsachgem\u00e4\u00dfer Verwendung, \u00c4nderung, rechtswidriger oder versehentlicher Zerst\u00f6rung und versehentlichem Verlust zu sch\u00fctzen. Mitarbeiter und Auftragsverarbeiter von EV Cargo, die Zugriff auf personenbezogene Daten haben, sind verpflichtet, die Privatsph\u00e4re unserer Besucher und die Vertraulichkeit ihrer personenbezogenen Daten zu respektieren.<\/p>\n<p><strong>Links<br \/>\n<\/strong>Auf der Website von EV Cargo finden Sie Links zu Websites Dritter. Bitte beachten Sie, dass EV Cargo nicht f\u00fcr die Datenschutzrichtlinien oder Inhalte auf Websites Dritter verantwortlich ist.<\/p>\n<p><strong>Beschwerden<\/strong><\/p>\n<p>Wenn Sie Bedenken hinsichtlich der Verwendung Ihrer personenbezogenen Daten durch uns haben, k\u00f6nnen Sie eine Beschwerde bei uns einreichen <a href=\"mailto:dataprotection@evcargo.com\">dataprotection@evcargo.com<\/a>.<\/p>\n<p>Sie k\u00f6nnen sich auch beim ICO beschweren, wenn Sie mit der Art und Weise, wie wir Ihre Daten verwendet haben, unzufrieden sind.<\/p>\n<p>B\u00fcro des Informationsbeauftragten<\/p>\n<p>Wycliffe-Haus<\/p>\n<p>Wasserweg<\/p>\n<p>Wilmslow<\/p>\n<p>Cheshire<\/p>\n<p>SK95AF<\/p>\n<p>&nbsp;<\/p>\n<h3>Telefon: 0303 123 1113<\/h3>\n\n\t<\/div>\n\n<\/section>","protected":false},"excerpt":{"rendered":"","protected":false},"author":18,"featured_media":0,"parent":0,"menu_order":0,"comment_status":"closed","ping_status":"open","template":"","meta":{"_acf_changed":false,"inline_featured_image":false,"footnotes":""},"class_list":["post-3","page","type-page","status-publish","hentry"],"acf":[],"yoast_head":"<!-- This site is optimized with the Yoast SEO plugin v26.6 - https:\/\/yoast.com\/wordpress\/plugins\/seo\/ -->\n<title>Privacy Policy - Palletforce<\/title>\n<meta name=\"robots\" content=\"index, follow, max-snippet:-1, max-image-preview:large, max-video-preview:-1\" \/>\n<link rel=\"canonical\" href=\"https:\/\/www.palletforce.com\/de\/privacy-policy\/\" \/>\n<meta property=\"og:locale\" content=\"de_DE\" \/>\n<meta property=\"og:type\" content=\"article\" \/>\n<meta property=\"og:title\" content=\"Privacy Policy - Palletforce\" \/>\n<meta property=\"og:url\" content=\"https:\/\/www.palletforce.com\/de\/privacy-policy\/\" \/>\n<meta property=\"og:site_name\" content=\"Palletforce\" \/>\n<meta property=\"article:modified_time\" content=\"2023-11-01T12:05:44+00:00\" \/>\n<meta name=\"twitter:card\" content=\"summary_large_image\" \/>\n<script type=\"application\/ld+json\" class=\"yoast-schema-graph\">{\"@context\":\"https:\/\/schema.org\",\"@graph\":[{\"@type\":\"WebPage\",\"@id\":\"https:\/\/www.palletforce.com\/privacy-policy\/\",\"url\":\"https:\/\/www.palletforce.com\/privacy-policy\/\",\"name\":\"Privacy Policy - Palletforce\",\"isPartOf\":{\"@id\":\"https:\/\/www.palletforce.com\/#website\"},\"datePublished\":\"2020-06-08T15:33:17+00:00\",\"dateModified\":\"2023-11-01T12:05:44+00:00\",\"inLanguage\":\"de\",\"potentialAction\":[{\"@type\":\"ReadAction\",\"target\":[\"https:\/\/www.palletforce.com\/privacy-policy\/\"]}]},{\"@type\":\"WebSite\",\"@id\":\"https:\/\/www.palletforce.com\/#website\",\"url\":\"https:\/\/www.palletforce.com\/\",\"name\":\"Palletforce\",\"description\":\"\",\"potentialAction\":[{\"@type\":\"SearchAction\",\"target\":{\"@type\":\"EntryPoint\",\"urlTemplate\":\"https:\/\/www.palletforce.com\/?s={search_term_string}\"},\"query-input\":{\"@type\":\"PropertyValueSpecification\",\"valueRequired\":true,\"valueName\":\"search_term_string\"}}],\"inLanguage\":\"de\"}]}<\/script>\n<!-- \/ Yoast SEO plugin. -->","yoast_head_json":{"title":"Datenschutzrichtlinie \u2013 Palletforce","robots":{"index":"index","follow":"follow","max-snippet":"max-snippet:-1","max-image-preview":"max-image-preview:large","max-video-preview":"max-video-preview:-1"},"canonical":"https:\/\/www.palletforce.com\/de\/privacy-policy\/","og_locale":"de_DE","og_type":"article","og_title":"Privacy Policy - Palletforce","og_url":"https:\/\/www.palletforce.com\/de\/privacy-policy\/","og_site_name":"Palletforce","article_modified_time":"2023-11-01T12:05:44+00:00","twitter_card":"summary_large_image","schema":{"@context":"https:\/\/schema.org","@graph":[{"@type":"WebPage","@id":"https:\/\/www.palletforce.com\/privacy-policy\/","url":"https:\/\/www.palletforce.com\/privacy-policy\/","name":"Datenschutzrichtlinie \u2013 Palletforce","isPartOf":{"@id":"https:\/\/www.palletforce.com\/#website"},"datePublished":"2020-06-08T15:33:17+00:00","dateModified":"2023-11-01T12:05:44+00:00","inLanguage":"de","potentialAction":[{"@type":"ReadAction","target":["https:\/\/www.palletforce.com\/privacy-policy\/"]}]},{"@type":"WebSite","@id":"https:\/\/www.palletforce.com\/#website","url":"https:\/\/www.palletforce.com\/","name":"Palettenkraft","description":"","potentialAction":[{"@type":"SearchAction","target":{"@type":"EntryPoint","urlTemplate":"https:\/\/www.palletforce.com\/?s={search_term_string}"},"query-input":{"@type":"PropertyValueSpecification","valueRequired":true,"valueName":"search_term_string"}}],"inLanguage":"de"}]}},"_links":{"self":[{"href":"https:\/\/www.palletforce.com\/de\/wp-json\/wp\/v2\/pages\/3","targetHints":{"allow":["GET"]}}],"collection":[{"href":"https:\/\/www.palletforce.com\/de\/wp-json\/wp\/v2\/pages"}],"about":[{"href":"https:\/\/www.palletforce.com\/de\/wp-json\/wp\/v2\/types\/page"}],"author":[{"embeddable":true,"href":"https:\/\/www.palletforce.com\/de\/wp-json\/wp\/v2\/users\/18"}],"replies":[{"embeddable":true,"href":"https:\/\/www.palletforce.com\/de\/wp-json\/wp\/v2\/comments?post=3"}],"version-history":[{"count":19,"href":"https:\/\/www.palletforce.com\/de\/wp-json\/wp\/v2\/pages\/3\/revisions"}],"predecessor-version":[{"id":110810,"href":"https:\/\/www.palletforce.com\/de\/wp-json\/wp\/v2\/pages\/3\/revisions\/110810"}],"wp:attachment":[{"href":"https:\/\/www.palletforce.com\/de\/wp-json\/wp\/v2\/media?parent=3"}],"curies":[{"name":"wp","href":"https:\/\/api.w.org\/{rel}","templated":true}]}}