{"id":113487,"date":"2025-01-22T15:54:17","date_gmt":"2025-01-22T15:54:17","guid":{"rendered":"https:\/\/www.palletforce.com\/?page_id=113487"},"modified":"2025-01-22T15:54:17","modified_gmt":"2025-01-22T15:54:17","slug":"operational-privacy-policy","status":"publish","type":"page","link":"https:\/\/www.palletforce.com\/es\/operational-privacy-policy\/","title":{"rendered":"Pol\u00edtica de privacidad operativa"},"content":{"rendered":"<section class=\"wysiwyg\">\n\n\t<div class=\"container-fluid\">\n\n\t<h1>Pol\u00edtica de privacidad operativa<\/h1>\n<p><strong>Palletforce, los miembros de Palletforce y los proveedores de servicios de recolecci\u00f3n y entrega a Palletforce o los miembros de Palletforce procesar\u00e1n los datos personales de conformidad con el Reglamento general de protecci\u00f3n de datos (RGPD) a los efectos de la ejecuci\u00f3n de un contrato y para cumplir con nuestras obligaciones legales.<\/strong><\/p>\n<p>Cuando Palletforce procesa datos personales con el fin de operar la red de paletas, Palletforce es el controlador de datos y los miembros son los procesadores de datos.<\/p>\n<p>Los Datos Personales ser\u00e1n tratados de manera l\u00edcita, leal y transparente en relaci\u00f3n con la identificaci\u00f3n de las personas f\u00edsicas.<\/p>\n<p>Palletforce ltd se encuentra en Callister Way, Burton on Trent, DE14 2SY. Nuestro n\u00famero de registro de protecci\u00f3n de datos es ZA313616.<\/p>\n<h3>Datos personales operativos<\/h3>\n<p>Los Datos Personales Operativos son Datos Personales que identifican a los empleados, agentes y contratistas de los Miembros, clientes, socios de transporte, proveedores, puntos de recogida, consignatarios y destinatarios.<\/p>\n<p>Esta aclaraci\u00f3n es necesaria porque Palletforce tambi\u00e9n procesa datos personales de sus empleados, lo cual est\u00e1 cubierto por una pol\u00edtica separada.<\/p>\n<p>Los Datos Personales Operativos consisten en datos tales como:<\/p>\n<ul>\n<li>Nombres<\/li>\n<li>N\u00fameros de tel\u00e9fono<\/li>\n<li>Direcciones de correo electr\u00f3nico<\/li>\n<li>Direcciones residenciales<\/li>\n<li>Im\u00e1genes de firmas<\/li>\n<li>Las coordenadas del lugar donde se realiza la recogida y\/o entrega<\/li>\n<li>La ubicaci\u00f3n actual e hist\u00f3rica de los dispositivos ePOD<\/li>\n<li>Im\u00e1genes de CCTV de las \u00e1reas operativas de las instalaciones de Palletforce<\/li>\n<li>Nombres de los conductores de los veh\u00edculos de recogida y entrega y del maletero<\/li>\n<\/ul>\n<h3>Finalidad del Tratamiento de los Datos<\/h3>\n<p>Palletforce procesa los datos personales operativos seg\u00fan sea razonablemente necesario para operar la red de pallets.<br \/>\nNuestras bases legales para el tratamiento de Datos Personales Operativos son:<\/p>\n<ul>\n<li>El tratamiento de los Datos Personales Operativos es necesario a efectos de ejecutar los contratos con los miembros, consignatarios y destinatarios.<\/li>\n<li>El tratamiento es necesario para cumplir con una obligaci\u00f3n legal.<\/li>\n<li>El procesamiento de los Datos Personales Operativos es necesario para los fines de nuestros intereses leg\u00edtimos como controlador de datos (excepto cuando dichos intereses sean anulados por los intereses, derechos o libertades del individuo).<\/li>\n<\/ul>\n<p>Esto incluye el procesamiento de datos personales operativos para facilitar actividades como:<\/p>\n<ul>\n<li>La recogida y entrega de env\u00edos<\/li>\n<li>Administraci\u00f3n de cuentas de usuario para acceder a los sistemas de TI de Palletforce<\/li>\n<li>Seguimiento y comprobante de entrega<\/li>\n<li>Facturaci\u00f3n y pago<\/li>\n<li>Informes, planificaci\u00f3n y an\u00e1lisis<\/li>\n<li>Ventas y marketing<\/li>\n<li>La integraci\u00f3n de los sistemas inform\u00e1ticos de los miembros y clientes<\/li>\n<li>CCTV con fines de salud y seguridad, seguridad del sitio, prevenci\u00f3n del delito y la identificaci\u00f3n de problemas relacionados con el manejo de mercanc\u00edas.<\/li>\n<\/ul>\n<h3>Transferencias de terceros<\/h3>\n<p>Los datos personales operativos se compartir\u00e1n con nuestros miembros, socios de entrega y clientes con el fin de ejecutar los contratos.<\/p>\n<h3>Seguridad de datos<\/h3>\n<p>Palletforce implementar\u00e1 recursos f\u00edsicos y t\u00e9cnicos apropiados para proteger los Datos Personales Operativos contra acceso, uso o divulgaci\u00f3n no autorizados.<\/p>\n<p>Los datos personales se procesan dentro del Reino Unido, el Espacio Econ\u00f3mico Europeo o con terceros en pa\u00edses reconocidos por la CE que brindan una protecci\u00f3n adecuada, como los Estados Unidos de Am\u00e9rica, utilizando Privacy Shield.<\/p>\n<p>Palletforce notificar\u00e1 de inmediato a los Miembros sobre cualquier acceso, uso o divulgaci\u00f3n no autorizados conocidos.<\/p>\n<h3>Retenci\u00f3n<\/h3>\n<p>Palletforce conservar\u00e1 los datos personales operativos en Alliance para env\u00edos individuales durante no m\u00e1s de 730 d\u00edas calendario a partir de la fecha de ingreso de datos.<\/p>\n<h3>Cookies del navegador web<\/h3>\n<p>Las cookies son peque\u00f1os fragmentos de datos que el sitio web que usted visita env\u00eda a su navegador web. Una cookie se almacena en su navegador web y permite que los servicios lo reconozcan.<\/p>\n<p>Palletforce utiliza cookies persistentes y temporales (sesi\u00f3n) para:<\/p>\n<ul>\n<li>Almacenar informaci\u00f3n sobre su sesi\u00f3n y preferencias del sitio mientras utiliza los sitios web de Palletforce para proporcionar la funcionalidad de nuestros sitios web. Deshabilitar esta cookie afectar\u00e1 su capacidad para acceder a partes de nuestro sitio web Alliance.<\/li>\n<li>Recordarle entre inicios de sesi\u00f3n para facilitar un proceso de inicio de sesi\u00f3n m\u00e1s r\u00e1pido. Esta cookie no es esencial para el uso del sitio web de Alliance.<\/li>\n<li>Utilizamos servicios anal\u00edticos para almacenar informaci\u00f3n an\u00f3nima sobre su navegador web, direcci\u00f3n IP y otra informaci\u00f3n de la red. Esta informaci\u00f3n se utiliza con el fin de supervisar el rendimiento, la seguridad y el uso continuos de nuestros sitios web. Esta cookie no es esencial para el uso del sitio web de Alliance.<\/li>\n<li>Palletforce no almacena datos personales en las cookies.<\/li>\n<\/ul>\n<p>Todas las computadoras tienen la capacidad de rechazar las cookies. Esto se puede hacer activando la configuraci\u00f3n en su navegador que le permite rechazar las cookies. Tenga en cuenta que si decide rechazar las cookies, es posible que no pueda acceder a \u00e1reas espec\u00edficas de nuestro sitio web.<\/p>\n<p>Para obtener m\u00e1s informaci\u00f3n sobre las cookies, puede leer la gu\u00eda en Todo sobre las cookies o el sitio web de soporte para su navegador web.<\/p>\n<h3>Derechos del titular de los datos<\/h3>\n<p>El RGPD concede a las personas los siguientes derechos con respecto a sus datos personales:<\/p>\n<ul>\n<li>El derecho a ser informado. Esta Pol\u00edtica de Privacidad Operativa describe la forma en que Palletforce procesa los Datos Personales Operativos.<\/li>\n<\/ul>\n<p>Las personas pueden ejercer los siguientes derechos contactando con el Equipo de Protecci\u00f3n de Datos de Palletforce a dpt@palletforce.com o a trav\u00e9s de la direcci\u00f3n postal que aparece en la secci\u00f3n &#039;Consultas&#039; de este documento:<\/p>\n<ul>\n<li>El derecho de acceso a sus datos personales tratados por Palletforce.<\/li>\n<li>El derecho a rectificar datos personales inexactos.<\/li>\n<li>El derecho a eliminar sus datos personales y a minimizar el per\u00edodo de conservaci\u00f3n de los mismos.<\/li>\n<li>El derecho a restringir el procesamiento de sus datos personales cuando los datos sean inexactos, cuando el individuo crea que no existe un inter\u00e9s leg\u00edtimo o cuando el procesamiento sea il\u00edcito.<\/li>\n<li>El derecho a la portabilidad de los datos personales en un formato estructurado y legible por m\u00e1quina.<\/li>\n<li>El derecho a oponerse al procesamiento de datos personales si Palletforce no puede demostrar motivos leg\u00edtimos convincentes para el procesamiento.<\/li>\n<\/ul>\n<p>Hay m\u00e1s informaci\u00f3n sobre los derechos de las personas disponible en el sitio web de la ICO en https:\/\/ico.org.uk\/for-the-public\/.<\/p>\n<h3>Consultas<\/h3>\n<p>Todas las consultas, incluidas las solicitudes de acceso, rectificaci\u00f3n y eliminaci\u00f3n, deben dirigirse a dpt@palletforce.com o por correo postal a:<\/p>\n<p>Equipo de Protecci\u00f3n de Datos<br \/>\nPallet Force Ltd<br \/>\nCamino de Callister<br \/>\nBurton en Trento<br \/>\nDE14 2SY<\/p>\n<h3>Quejas<\/h3>\n<p>Los interesados tienen derecho a presentar una reclamaci\u00f3n si no se respetan sus derechos. Las reclamaciones deben presentarse ante la Oficina del Comisionado de Informaci\u00f3n:<\/p>\n<p>Oficina del Comisionado de Informaci\u00f3n<br \/>\nCasa Wycliffe<br \/>\nCarril de agua<br \/>\nwilmslow<br \/>\ncheshire<br \/>\nSK9 5AF<\/p>\n<p>Tel\u00e9fono: 0303 123 1113<\/p>\n<h3>Obligaciones del cliente<\/h3>\n<p>Los clientes que proporcionan datos personales operativos garantizan que tienen una base legal para procesar los datos personales antes de que se proporcionen a Palletforce.<\/p>\n<p>Los clientes deben asegurarse de que los Datos Personales Operativos proporcionados por ellos sean:<\/p>\n<ul>\n<li>Preciso y actualizado.<\/li>\n<li>Relevantes y limitados a lo necesario en relaci\u00f3n con los fines para los que son tratados.<\/li>\n<li>Se utiliza \u00fanicamente con el fin de recopilar, rastrear y entregar env\u00edos.<\/li>\n<li>Adecuadamente asegurado para minimizar el riesgo de p\u00e9rdida y\/o violaci\u00f3n.<\/li>\n<\/ul>\n<h3>Retenci\u00f3n<\/h3>\n<p>Cuando los datos personales operativos se almacenan en los sistemas inform\u00e1ticos de los clientes, el miembro debe conservar los datos personales operativos para env\u00edos individuales durante no m\u00e1s de 730 d\u00edas calendario a partir de la fecha de importaci\u00f3n a sus sistemas.<\/p>\n\n\t<\/div>\n\n<\/section>","protected":false},"excerpt":{"rendered":"","protected":false},"author":18,"featured_media":111843,"parent":0,"menu_order":0,"comment_status":"closed","ping_status":"open","template":"","meta":{"_acf_changed":false,"inline_featured_image":false,"footnotes":""},"class_list":["post-113487","page","type-page","status-publish","has-post-thumbnail","hentry"],"acf":[],"yoast_head":"<!-- This site is optimized with the Yoast SEO plugin v26.6 - https:\/\/yoast.com\/wordpress\/plugins\/seo\/ -->\n<title>Operational Privacy Policy - Palletforce<\/title>\n<meta name=\"robots\" content=\"index, follow, max-snippet:-1, max-image-preview:large, max-video-preview:-1\" \/>\n<link rel=\"canonical\" href=\"https:\/\/www.palletforce.com\/es\/operational-privacy-policy\/\" \/>\n<meta property=\"og:locale\" content=\"es_ES\" \/>\n<meta property=\"og:type\" content=\"article\" \/>\n<meta property=\"og:title\" content=\"Operational Privacy Policy - Palletforce\" \/>\n<meta property=\"og:url\" content=\"https:\/\/www.palletforce.com\/es\/operational-privacy-policy\/\" \/>\n<meta property=\"og:site_name\" content=\"Palletforce\" \/>\n<meta property=\"og:image\" content=\"https:\/\/www.palletforce.com\/wp-content\/uploads\/2024\/04\/Careers-Web-Banners-9.png\" \/>\n\t<meta property=\"og:image:width\" content=\"1855\" \/>\n\t<meta property=\"og:image:height\" content=\"550\" \/>\n\t<meta property=\"og:image:type\" content=\"image\/png\" \/>\n<meta name=\"twitter:card\" content=\"summary_large_image\" \/>\n<script type=\"application\/ld+json\" class=\"yoast-schema-graph\">{\"@context\":\"https:\/\/schema.org\",\"@graph\":[{\"@type\":\"WebPage\",\"@id\":\"https:\/\/www.palletforce.com\/operational-privacy-policy\/\",\"url\":\"https:\/\/www.palletforce.com\/operational-privacy-policy\/\",\"name\":\"Operational Privacy Policy - Palletforce\",\"isPartOf\":{\"@id\":\"https:\/\/www.palletforce.com\/#website\"},\"primaryImageOfPage\":{\"@id\":\"https:\/\/www.palletforce.com\/operational-privacy-policy\/#primaryimage\"},\"image\":{\"@id\":\"https:\/\/www.palletforce.com\/operational-privacy-policy\/#primaryimage\"},\"thumbnailUrl\":\"https:\/\/www.palletforce.com\/wp-content\/uploads\/2024\/04\/Careers-Web-Banners-9.png\",\"datePublished\":\"2025-01-22T15:54:17+00:00\",\"inLanguage\":\"es\",\"potentialAction\":[{\"@type\":\"ReadAction\",\"target\":[\"https:\/\/www.palletforce.com\/operational-privacy-policy\/\"]}]},{\"@type\":\"ImageObject\",\"inLanguage\":\"es\",\"@id\":\"https:\/\/www.palletforce.com\/operational-privacy-policy\/#primaryimage\",\"url\":\"https:\/\/www.palletforce.com\/wp-content\/uploads\/2024\/04\/Careers-Web-Banners-9.png\",\"contentUrl\":\"https:\/\/www.palletforce.com\/wp-content\/uploads\/2024\/04\/Careers-Web-Banners-9.png\",\"width\":1855,\"height\":550},{\"@type\":\"WebSite\",\"@id\":\"https:\/\/www.palletforce.com\/#website\",\"url\":\"https:\/\/www.palletforce.com\/\",\"name\":\"Palletforce\",\"description\":\"\",\"potentialAction\":[{\"@type\":\"SearchAction\",\"target\":{\"@type\":\"EntryPoint\",\"urlTemplate\":\"https:\/\/www.palletforce.com\/?s={search_term_string}\"},\"query-input\":{\"@type\":\"PropertyValueSpecification\",\"valueRequired\":true,\"valueName\":\"search_term_string\"}}],\"inLanguage\":\"es\"}]}<\/script>\n<!-- \/ Yoast SEO plugin. -->","yoast_head_json":{"title":"Pol\u00edtica de privacidad operativa - Palletforce","robots":{"index":"index","follow":"follow","max-snippet":"max-snippet:-1","max-image-preview":"max-image-preview:large","max-video-preview":"max-video-preview:-1"},"canonical":"https:\/\/www.palletforce.com\/es\/operational-privacy-policy\/","og_locale":"es_ES","og_type":"article","og_title":"Operational Privacy Policy - Palletforce","og_url":"https:\/\/www.palletforce.com\/es\/operational-privacy-policy\/","og_site_name":"Palletforce","og_image":[{"width":1855,"height":550,"url":"https:\/\/www.palletforce.com\/wp-content\/uploads\/2024\/04\/Careers-Web-Banners-9.png","type":"image\/png"}],"twitter_card":"summary_large_image","schema":{"@context":"https:\/\/schema.org","@graph":[{"@type":"WebPage","@id":"https:\/\/www.palletforce.com\/operational-privacy-policy\/","url":"https:\/\/www.palletforce.com\/operational-privacy-policy\/","name":"Pol\u00edtica de privacidad operativa - Palletforce","isPartOf":{"@id":"https:\/\/www.palletforce.com\/#website"},"primaryImageOfPage":{"@id":"https:\/\/www.palletforce.com\/operational-privacy-policy\/#primaryimage"},"image":{"@id":"https:\/\/www.palletforce.com\/operational-privacy-policy\/#primaryimage"},"thumbnailUrl":"https:\/\/www.palletforce.com\/wp-content\/uploads\/2024\/04\/Careers-Web-Banners-9.png","datePublished":"2025-01-22T15:54:17+00:00","inLanguage":"es","potentialAction":[{"@type":"ReadAction","target":["https:\/\/www.palletforce.com\/operational-privacy-policy\/"]}]},{"@type":"ImageObject","inLanguage":"es","@id":"https:\/\/www.palletforce.com\/operational-privacy-policy\/#primaryimage","url":"https:\/\/www.palletforce.com\/wp-content\/uploads\/2024\/04\/Careers-Web-Banners-9.png","contentUrl":"https:\/\/www.palletforce.com\/wp-content\/uploads\/2024\/04\/Careers-Web-Banners-9.png","width":1855,"height":550},{"@type":"WebSite","@id":"https:\/\/www.palletforce.com\/#website","url":"https:\/\/www.palletforce.com\/","name":"Palletforce","description":"","potentialAction":[{"@type":"SearchAction","target":{"@type":"EntryPoint","urlTemplate":"https:\/\/www.palletforce.com\/?s={search_term_string}"},"query-input":{"@type":"PropertyValueSpecification","valueRequired":true,"valueName":"search_term_string"}}],"inLanguage":"es"}]}},"_links":{"self":[{"href":"https:\/\/www.palletforce.com\/es\/wp-json\/wp\/v2\/pages\/113487","targetHints":{"allow":["GET"]}}],"collection":[{"href":"https:\/\/www.palletforce.com\/es\/wp-json\/wp\/v2\/pages"}],"about":[{"href":"https:\/\/www.palletforce.com\/es\/wp-json\/wp\/v2\/types\/page"}],"author":[{"embeddable":true,"href":"https:\/\/www.palletforce.com\/es\/wp-json\/wp\/v2\/users\/18"}],"replies":[{"embeddable":true,"href":"https:\/\/www.palletforce.com\/es\/wp-json\/wp\/v2\/comments?post=113487"}],"version-history":[{"count":2,"href":"https:\/\/www.palletforce.com\/es\/wp-json\/wp\/v2\/pages\/113487\/revisions"}],"predecessor-version":[{"id":113489,"href":"https:\/\/www.palletforce.com\/es\/wp-json\/wp\/v2\/pages\/113487\/revisions\/113489"}],"wp:featuredmedia":[{"embeddable":true,"href":"https:\/\/www.palletforce.com\/es\/wp-json\/wp\/v2\/media\/111843"}],"wp:attachment":[{"href":"https:\/\/www.palletforce.com\/es\/wp-json\/wp\/v2\/media?parent=113487"}],"curies":[{"name":"wp","href":"https:\/\/api.w.org\/{rel}","templated":true}]}}