{"id":98936,"date":"2021-07-19T16:00:56","date_gmt":"2021-07-19T15:00:56","guid":{"rendered":"https:\/\/www.palletforce.com\/?page_id=98936"},"modified":"2022-01-04T16:50:03","modified_gmt":"2022-01-04T16:50:03","slug":"media","status":"publish","type":"page","link":"https:\/\/www.palletforce.com\/es\/company\/media\/","title":{"rendered":"Medios de comunicaci\u00f3n"},"content":{"rendered":"<section class=\"hero-block bg-image\" data-aos=\"fade\" style=\"background-image: url(https:\/\/www.palletforce.com\/wp-content\/uploads\/2021\/08\/Solutions-1024x478-1.jpg);\">\n\n\t<div class=\"container-fluid\">\n\n\t\t<div class=\"hero-block__titles\">\n\n\t\t\t<h1>Medios de comunicaci\u00f3n<\/h1>\n\t\t\t\n\t\t\t\t\t\t\t\t<\/div>\n\n\n\t\t        \n\t<\/div>\n\n<\/section>\n\n\t<div class=\"breadcrumbs\" typeof=\"BreadcrumbList\" vocab=\"https:\/\/schema.org\/\">\n\t\t<div class=\"container-fluid\">\n\t\t\t<!-- Breadcrumb NavXT 7.5.0 -->\n<span property=\"itemListElement\" typeof=\"ListItem\"><a property=\"item\" typeof=\"WebPage\" title=\"Soy un Palletforce.\" href=\"https:\/\/www.palletforce.com\/es\" class=\"home\" aria-current=\"page\"><span property=\"name\">Palletforce<\/span><\/a><meta property=\"position\" content=\"1\"><\/span>\t\t<\/div>\n\t<\/div>\n\n\n<section class=\"centered-text-icons\">\n\n\t<div class=\"container-fluid\">\n\n\t\t<div class=\"centered-text-icons__titles\">\n\n\t\t<h2 data-aos=\"fade\">\u00daltimas noticias<\/h2>\t\t<div data-aos=\"fade\" class=\"wysiwyg\"><p>Mant\u00e9ngase al d\u00eda con las noticias de nuestros miembros, historias sobre nuestros patrocinios e iniciativas de caridad y todo lo relacionado con Palletforce.<\/p>\n<\/div>\t\n\t\t<\/div>\n\n\t\t\t\n\n\t\t<div class=\"centered-text-icons__btn\" data-aos=\"fade\">\n\n\t\t\t\t\n\n\t\t\t\t\t<a href=\"https:\/\/www.palletforce.com\/company\/media\/newsroom\/\" target=\"_self\" class=\"btn green-btn\">\n\t\t\t\t\t\tLea las \u00faltimas actualizaciones de noticias\t\t\t\t\t<\/a>\n\n\t\t\t\t\n\n\t\t<\/div>\n\n\t<\/div>\n\n<\/section>\n\n\n\n\n<section class=\"text-image  background__primary background__style__solid\">\n\n\t<div class=\"container-fluid\">\n\n\t\t<div class=\"row\">\n\n\t\t\t<div class=\"text-image__image col-md-6 order-md-2\" data-aos=\"fade-left\">\n                <div>\n    \t\t\t\t    \n    \t\t\t\t    \n    \t\t\t\t        \t\t\t\t        \t\t\t\t        \t\t\t\t        \t\t\t\t    \n    \t\t\t\t    <img decoding=\"async\" src=\"https:\/\/www.palletforce.com\/wp-content\/uploads\/2021\/10\/PF-MGM-20-069_1000-446x362.jpg\" alt=\"PF-MGM-20-069_1000\" \/>\n    \t\t\t\t\t\n    \t\t\t\t    \t\t\t<\/div>\n\n\t\t\t<\/div>\n\n\n\t\t\t<div class=\"text-image__text col-md-6 order-md-1\" data-aos=\"fade-right\">\n\n\t\t\t\t<h2>Eventos<\/h2>\t\t\t\t<div class=\"wysiwyg\"><p>Pon tus ojos sobre nuestros eventos pasados y pr\u00f3ximos.<\/p>\n<p>Desde seminarios web en l\u00ednea hasta actualizaciones estrat\u00e9gicas, reuniones de redes, ceremonias de premiaci\u00f3n y exhibiciones, podr\u00e1 mantenerse al d\u00eda con todos los eventos de Palletforce y los eventos a los que asistir\u00e1 Palletforce.<\/p>\n<\/div>\n\t\t\t\t\n\t\t\t\t\n\t\t\t\t<a href=\"https:\/\/www.palletforce.com\/company\/events\/\" target=\"_self\" class=\"btn btn-grey\">\t\n\t\t\t\t\tVer todos los eventos\t\t\t\t<\/a>\n\n\t\t\t\t\n\t\t\t<\/div>\n\n\t\t<\/div>\n\n\t<\/div>\n    \n    <div class=\"watermark\"><\/div>\n    \n<\/section>\n\n<section class=\"wide-image-text background__white\" style=\"background-image: url(https:\/\/www.palletforce.com\/wp-content\/uploads\/2021\/10\/19.png);\">\n\n\t<div class=\"container-fluid\">\n\n\t\t<div class=\"row\">\n\n\t\t\t<div class=\"col-md-8 text-image__text\" data-aos=\"fade-left\">\n\n\t\t\t\t<div class=\"text-image__text__wrap\">\n    \t\t\t\t<h2>\u00bfC\u00f3mo podemos ayudar?<\/h2>    \t\t\t\t<div class=\"wysiwyg\"><p>Hable con nuestro equipo de medios.<\/p>\n<\/div>    \t\t\t\t    \t\t\t\t    <div class=\"actions\">\n    \t\t\t\t        <a class=\"btn green-btn\" href=\"https:\/\/www.palletforce.com\/company\/media-contact\/\">Cont\u00e1ctenos<\/a>\n    \t\t\t\t    <\/div>\n    \t\t\t\t\t\t\t\t<\/div>\n\n\t\t\t<\/div>\n\n\t\t<\/div>\n\t\t\n\t<\/div>\n\n<\/section>\n\n\n\n<p><\/p>","protected":false},"excerpt":{"rendered":"","protected":false},"author":5,"featured_media":98836,"parent":1451,"menu_order":0,"comment_status":"closed","ping_status":"closed","template":"","meta":{"_acf_changed":false,"inline_featured_image":false,"footnotes":""},"class_list":["post-98936","page","type-page","status-publish","has-post-thumbnail","hentry"],"acf":[],"yoast_head":"<!-- This site is optimized with the Yoast SEO plugin v26.6 - https:\/\/yoast.com\/wordpress\/plugins\/seo\/ -->\n<title>Media - Palletforce<\/title>\n<meta name=\"robots\" content=\"index, follow, max-snippet:-1, max-image-preview:large, max-video-preview:-1\" \/>\n<link rel=\"canonical\" href=\"https:\/\/www.palletforce.com\/es\/company\/media\/\" \/>\n<meta property=\"og:locale\" content=\"es_ES\" \/>\n<meta property=\"og:type\" content=\"article\" \/>\n<meta property=\"og:title\" content=\"Media - Palletforce\" \/>\n<meta property=\"og:url\" content=\"https:\/\/www.palletforce.com\/es\/company\/media\/\" \/>\n<meta property=\"og:site_name\" content=\"Palletforce\" \/>\n<meta property=\"article:modified_time\" content=\"2022-01-04T16:50:03+00:00\" \/>\n<meta property=\"og:image\" content=\"https:\/\/www.palletforce.com\/wp-content\/uploads\/2021\/07\/Banners-2021-05-21T114656.856-1024x427-2.png\" \/>\n\t<meta property=\"og:image:width\" content=\"1024\" \/>\n\t<meta property=\"og:image:height\" content=\"427\" \/>\n\t<meta property=\"og:image:type\" content=\"image\/png\" \/>\n<meta name=\"twitter:card\" content=\"summary_large_image\" \/>\n<script type=\"application\/ld+json\" class=\"yoast-schema-graph\">{\"@context\":\"https:\/\/schema.org\",\"@graph\":[{\"@type\":\"WebPage\",\"@id\":\"https:\/\/www.palletforce.com\/company\/media\/\",\"url\":\"https:\/\/www.palletforce.com\/company\/media\/\",\"name\":\"Media - Palletforce\",\"isPartOf\":{\"@id\":\"https:\/\/www.palletforce.com\/#website\"},\"primaryImageOfPage\":{\"@id\":\"https:\/\/www.palletforce.com\/company\/media\/#primaryimage\"},\"image\":{\"@id\":\"https:\/\/www.palletforce.com\/company\/media\/#primaryimage\"},\"thumbnailUrl\":\"https:\/\/www.palletforce.com\/wp-content\/uploads\/2021\/07\/Banners-2021-05-21T114656.856-1024x427-2.png\",\"datePublished\":\"2021-07-19T15:00:56+00:00\",\"dateModified\":\"2022-01-04T16:50:03+00:00\",\"breadcrumb\":{\"@id\":\"https:\/\/www.palletforce.com\/company\/media\/#breadcrumb\"},\"inLanguage\":\"es\",\"potentialAction\":[{\"@type\":\"ReadAction\",\"target\":[\"https:\/\/www.palletforce.com\/company\/media\/\"]}]},{\"@type\":\"ImageObject\",\"inLanguage\":\"es\",\"@id\":\"https:\/\/www.palletforce.com\/company\/media\/#primaryimage\",\"url\":\"https:\/\/www.palletforce.com\/wp-content\/uploads\/2021\/07\/Banners-2021-05-21T114656.856-1024x427-2.png\",\"contentUrl\":\"https:\/\/www.palletforce.com\/wp-content\/uploads\/2021\/07\/Banners-2021-05-21T114656.856-1024x427-2.png\",\"width\":1024,\"height\":427,\"caption\":\"heath in hong kong office\"},{\"@type\":\"BreadcrumbList\",\"@id\":\"https:\/\/www.palletforce.com\/company\/media\/#breadcrumb\",\"itemListElement\":[{\"@type\":\"ListItem\",\"position\":1,\"name\":\"Company\",\"item\":\"https:\/\/www.palletforce.com\/?page_id=1451\"},{\"@type\":\"ListItem\",\"position\":2,\"name\":\"Media\"}]},{\"@type\":\"WebSite\",\"@id\":\"https:\/\/www.palletforce.com\/#website\",\"url\":\"https:\/\/www.palletforce.com\/\",\"name\":\"Palletforce\",\"description\":\"\",\"potentialAction\":[{\"@type\":\"SearchAction\",\"target\":{\"@type\":\"EntryPoint\",\"urlTemplate\":\"https:\/\/www.palletforce.com\/?s={search_term_string}\"},\"query-input\":{\"@type\":\"PropertyValueSpecification\",\"valueRequired\":true,\"valueName\":\"search_term_string\"}}],\"inLanguage\":\"es\"}]}<\/script>\n<!-- \/ Yoast SEO plugin. -->","yoast_head_json":{"title":"Medios de comunicaci\u00f3n - Palletforce","robots":{"index":"index","follow":"follow","max-snippet":"max-snippet:-1","max-image-preview":"max-image-preview:large","max-video-preview":"max-video-preview:-1"},"canonical":"https:\/\/www.palletforce.com\/es\/company\/media\/","og_locale":"es_ES","og_type":"article","og_title":"Media - Palletforce","og_url":"https:\/\/www.palletforce.com\/es\/company\/media\/","og_site_name":"Palletforce","article_modified_time":"2022-01-04T16:50:03+00:00","og_image":[{"width":1024,"height":427,"url":"https:\/\/www.palletforce.com\/wp-content\/uploads\/2021\/07\/Banners-2021-05-21T114656.856-1024x427-2.png","type":"image\/png"}],"twitter_card":"summary_large_image","schema":{"@context":"https:\/\/schema.org","@graph":[{"@type":"WebPage","@id":"https:\/\/www.palletforce.com\/company\/media\/","url":"https:\/\/www.palletforce.com\/company\/media\/","name":"Medios de comunicaci\u00f3n - Palletforce","isPartOf":{"@id":"https:\/\/www.palletforce.com\/#website"},"primaryImageOfPage":{"@id":"https:\/\/www.palletforce.com\/company\/media\/#primaryimage"},"image":{"@id":"https:\/\/www.palletforce.com\/company\/media\/#primaryimage"},"thumbnailUrl":"https:\/\/www.palletforce.com\/wp-content\/uploads\/2021\/07\/Banners-2021-05-21T114656.856-1024x427-2.png","datePublished":"2021-07-19T15:00:56+00:00","dateModified":"2022-01-04T16:50:03+00:00","breadcrumb":{"@id":"https:\/\/www.palletforce.com\/company\/media\/#breadcrumb"},"inLanguage":"es","potentialAction":[{"@type":"ReadAction","target":["https:\/\/www.palletforce.com\/company\/media\/"]}]},{"@type":"ImageObject","inLanguage":"es","@id":"https:\/\/www.palletforce.com\/company\/media\/#primaryimage","url":"https:\/\/www.palletforce.com\/wp-content\/uploads\/2021\/07\/Banners-2021-05-21T114656.856-1024x427-2.png","contentUrl":"https:\/\/www.palletforce.com\/wp-content\/uploads\/2021\/07\/Banners-2021-05-21T114656.856-1024x427-2.png","width":1024,"height":427,"caption":"heath in hong kong office"},{"@type":"BreadcrumbList","@id":"https:\/\/www.palletforce.com\/company\/media\/#breadcrumb","itemListElement":[{"@type":"ListItem","position":1,"name":"Company","item":"https:\/\/www.palletforce.com\/?page_id=1451"},{"@type":"ListItem","position":2,"name":"Media"}]},{"@type":"WebSite","@id":"https:\/\/www.palletforce.com\/#website","url":"https:\/\/www.palletforce.com\/","name":"Palletforce","description":"","potentialAction":[{"@type":"SearchAction","target":{"@type":"EntryPoint","urlTemplate":"https:\/\/www.palletforce.com\/?s={search_term_string}"},"query-input":{"@type":"PropertyValueSpecification","valueRequired":true,"valueName":"search_term_string"}}],"inLanguage":"es"}]}},"_links":{"self":[{"href":"https:\/\/www.palletforce.com\/es\/wp-json\/wp\/v2\/pages\/98936","targetHints":{"allow":["GET"]}}],"collection":[{"href":"https:\/\/www.palletforce.com\/es\/wp-json\/wp\/v2\/pages"}],"about":[{"href":"https:\/\/www.palletforce.com\/es\/wp-json\/wp\/v2\/types\/page"}],"author":[{"embeddable":true,"href":"https:\/\/www.palletforce.com\/es\/wp-json\/wp\/v2\/users\/5"}],"replies":[{"embeddable":true,"href":"https:\/\/www.palletforce.com\/es\/wp-json\/wp\/v2\/comments?post=98936"}],"version-history":[{"count":31,"href":"https:\/\/www.palletforce.com\/es\/wp-json\/wp\/v2\/pages\/98936\/revisions"}],"predecessor-version":[{"id":103581,"href":"https:\/\/www.palletforce.com\/es\/wp-json\/wp\/v2\/pages\/98936\/revisions\/103581"}],"up":[{"embeddable":true,"href":"https:\/\/www.palletforce.com\/es\/wp-json\/wp\/v2\/pages\/1451"}],"wp:featuredmedia":[{"embeddable":true,"href":"https:\/\/www.palletforce.com\/es\/wp-json\/wp\/v2\/media\/98836"}],"wp:attachment":[{"href":"https:\/\/www.palletforce.com\/es\/wp-json\/wp\/v2\/media?parent=98936"}],"curies":[{"name":"wp","href":"https:\/\/api.w.org\/{rel}","templated":true}]}}