{"id":101251,"date":"2021-09-22T14:40:37","date_gmt":"2021-09-22T13:40:37","guid":{"rendered":"https:\/\/www.palletforce.com\/?page_id=101251"},"modified":"2021-11-03T17:32:57","modified_gmt":"2021-11-03T17:32:57","slug":"terms-and-conditions","status":"publish","type":"page","link":"https:\/\/www.palletforce.com\/fr\/terms-and-conditions\/","title":{"rendered":"Termes et conditions"},"content":{"rendered":"<section class=\"small-banner\" style=\"background-image: url(https:\/\/www.palletforce.com\/wp-content\/uploads\/2021\/09\/Banner-1200x318.png); \">\n\n\t<div class=\"container-fluid\">\n\n\t\t<h1>      <\/h1>\n\t<\/div>\n\n<\/section>\n\n<section class=\"wysiwyg\">\n\n\t<div class=\"container-fluid\">\n\n\t<h1>Termes et conditions<\/h1>\n<p>L&#039;utilisation de ce site constitue votre acceptation de ces termes et conditions, qui entrent en vigueur imm\u00e9diatement lors de votre premi\u00e8re utilisation du site. Palletforce se r\u00e9serve le droit de modifier ces termes et conditions \u00e0 tout moment en publiant les modifications en ligne.<\/p>\n<p>En acc\u00e9dant \u00e0 www.palletforce.com, vous acceptez d&#039;acc\u00e9der au contenu uniquement pour votre usage priv\u00e9 et non \u00e0 des fins commerciales. Vous pouvez imprimer une seule copie papier de n&#039;importe quelle partie du contenu de www.palletforce.com pour votre usage personnel.<\/p>\n<p>Sauf autorisation ci-dessus, vous vous engagez \u00e0 ne pas copier, stocker sur tout support (y compris sur tout autre site Web), distribuer, transmettre, retransmettre, diffuser, modifier ou montrer en public toute partie de www.palletforce.com sans l&#039;autorisation pr\u00e9alable autorisation \u00e9crite du service marketing \u00e0 c\/o marketing@evcargo.com, ou conform\u00e9ment \u00e0 la loi de 1988 sur le droit d&#039;auteur, les dessins et les brevets.<\/p>\n<p>Vous vous engagez \u00e0 ne pas adapter, modifier ou cr\u00e9er une \u0153uvre d\u00e9riv\u00e9e de tout \u00e9l\u00e9ment contenu dans ce site ou \u00e0 l&#039;utiliser \u00e0 d&#039;autres fins que pour votre usage personnel et non commercial.<\/p>\n<p>Vous acceptez d&#039;utiliser ce site uniquement \u00e0 des fins licites et d&#039;une mani\u00e8re qui n&#039;enfreint pas les droits de, ou ne limite pas ou n&#039;emp\u00eache pas l&#039;utilisation et la jouissance de ce site par un tiers. Une telle restriction ou inhibition comprend, sans s&#039;y limiter, une conduite qui est ill\u00e9gale ou qui peut harceler ou causer de la d\u00e9tresse ou des inconv\u00e9nients \u00e0 toute personne et la transmission de contenu obsc\u00e8ne ou offensant ou la perturbation du flux normal de dialogue sur ce site.<\/p>\n\n\t<\/div>\n\n<\/section>","protected":false},"excerpt":{"rendered":"","protected":false},"author":5,"featured_media":0,"parent":0,"menu_order":0,"comment_status":"closed","ping_status":"open","template":"","meta":{"_acf_changed":false,"inline_featured_image":false,"footnotes":""},"class_list":["post-101251","page","type-page","status-publish","hentry"],"acf":[],"yoast_head":"<!-- This site is optimized with the Yoast SEO plugin v26.6 - https:\/\/yoast.com\/wordpress\/plugins\/seo\/ -->\n<title>Terms and Conditions - Palletforce<\/title>\n<meta name=\"robots\" content=\"index, follow, max-snippet:-1, max-image-preview:large, max-video-preview:-1\" \/>\n<link rel=\"canonical\" href=\"https:\/\/www.palletforce.com\/fr\/terms-and-conditions\/\" \/>\n<meta property=\"og:locale\" content=\"fr_FR\" \/>\n<meta property=\"og:type\" content=\"article\" \/>\n<meta property=\"og:title\" content=\"Terms and Conditions - Palletforce\" \/>\n<meta property=\"og:url\" content=\"https:\/\/www.palletforce.com\/fr\/terms-and-conditions\/\" \/>\n<meta property=\"og:site_name\" content=\"Palletforce\" \/>\n<meta property=\"article:modified_time\" content=\"2021-11-03T17:32:57+00:00\" \/>\n<meta name=\"twitter:card\" content=\"summary_large_image\" \/>\n<script type=\"application\/ld+json\" class=\"yoast-schema-graph\">{\"@context\":\"https:\/\/schema.org\",\"@graph\":[{\"@type\":\"WebPage\",\"@id\":\"https:\/\/www.palletforce.com\/terms-and-conditions\/\",\"url\":\"https:\/\/www.palletforce.com\/terms-and-conditions\/\",\"name\":\"Terms and Conditions - Palletforce\",\"isPartOf\":{\"@id\":\"https:\/\/www.palletforce.com\/#website\"},\"datePublished\":\"2021-09-22T13:40:37+00:00\",\"dateModified\":\"2021-11-03T17:32:57+00:00\",\"inLanguage\":\"fr-FR\",\"potentialAction\":[{\"@type\":\"ReadAction\",\"target\":[\"https:\/\/www.palletforce.com\/terms-and-conditions\/\"]}]},{\"@type\":\"WebSite\",\"@id\":\"https:\/\/www.palletforce.com\/#website\",\"url\":\"https:\/\/www.palletforce.com\/\",\"name\":\"Palletforce\",\"description\":\"\",\"potentialAction\":[{\"@type\":\"SearchAction\",\"target\":{\"@type\":\"EntryPoint\",\"urlTemplate\":\"https:\/\/www.palletforce.com\/?s={search_term_string}\"},\"query-input\":{\"@type\":\"PropertyValueSpecification\",\"valueRequired\":true,\"valueName\":\"search_term_string\"}}],\"inLanguage\":\"fr-FR\"}]}<\/script>\n<!-- \/ Yoast SEO plugin. -->","yoast_head_json":{"title":"Conditions g\u00e9n\u00e9rales - Palletforce","robots":{"index":"index","follow":"follow","max-snippet":"max-snippet:-1","max-image-preview":"max-image-preview:large","max-video-preview":"max-video-preview:-1"},"canonical":"https:\/\/www.palletforce.com\/fr\/terms-and-conditions\/","og_locale":"fr_FR","og_type":"article","og_title":"Terms and Conditions - Palletforce","og_url":"https:\/\/www.palletforce.com\/fr\/terms-and-conditions\/","og_site_name":"Palletforce","article_modified_time":"2021-11-03T17:32:57+00:00","twitter_card":"summary_large_image","schema":{"@context":"https:\/\/schema.org","@graph":[{"@type":"WebPage","@id":"https:\/\/www.palletforce.com\/terms-and-conditions\/","url":"https:\/\/www.palletforce.com\/terms-and-conditions\/","name":"Conditions g\u00e9n\u00e9rales - Palletforce","isPartOf":{"@id":"https:\/\/www.palletforce.com\/#website"},"datePublished":"2021-09-22T13:40:37+00:00","dateModified":"2021-11-03T17:32:57+00:00","inLanguage":"fr-FR","potentialAction":[{"@type":"ReadAction","target":["https:\/\/www.palletforce.com\/terms-and-conditions\/"]}]},{"@type":"WebSite","@id":"https:\/\/www.palletforce.com\/#website","url":"https:\/\/www.palletforce.com\/","name":"Force de palette","description":"","potentialAction":[{"@type":"SearchAction","target":{"@type":"EntryPoint","urlTemplate":"https:\/\/www.palletforce.com\/?s={search_term_string}"},"query-input":{"@type":"PropertyValueSpecification","valueRequired":true,"valueName":"search_term_string"}}],"inLanguage":"fr-FR"}]}},"_links":{"self":[{"href":"https:\/\/www.palletforce.com\/fr\/wp-json\/wp\/v2\/pages\/101251","targetHints":{"allow":["GET"]}}],"collection":[{"href":"https:\/\/www.palletforce.com\/fr\/wp-json\/wp\/v2\/pages"}],"about":[{"href":"https:\/\/www.palletforce.com\/fr\/wp-json\/wp\/v2\/types\/page"}],"author":[{"embeddable":true,"href":"https:\/\/www.palletforce.com\/fr\/wp-json\/wp\/v2\/users\/5"}],"replies":[{"embeddable":true,"href":"https:\/\/www.palletforce.com\/fr\/wp-json\/wp\/v2\/comments?post=101251"}],"version-history":[{"count":18,"href":"https:\/\/www.palletforce.com\/fr\/wp-json\/wp\/v2\/pages\/101251\/revisions"}],"predecessor-version":[{"id":102629,"href":"https:\/\/www.palletforce.com\/fr\/wp-json\/wp\/v2\/pages\/101251\/revisions\/102629"}],"wp:attachment":[{"href":"https:\/\/www.palletforce.com\/fr\/wp-json\/wp\/v2\/media?parent=101251"}],"curies":[{"name":"wp","href":"https:\/\/api.w.org\/{rel}","templated":true}]}}