{"id":110281,"date":"2023-09-14T13:56:45","date_gmt":"2023-09-14T12:56:45","guid":{"rendered":"https:\/\/www.palletforce.com\/?page_id=110281"},"modified":"2023-09-14T14:17:25","modified_gmt":"2023-09-14T13:17:25","slug":"alliance-status","status":"publish","type":"page","link":"https:\/\/www.palletforce.com\/fr\/alliance-status\/","title":{"rendered":"Statut d&#039;alliance"},"content":{"rendered":"<section class=\"hero-block bg-image\" data-aos=\"fade\" style=\"background-image: url(https:\/\/www.palletforce.com\/wp-content\/uploads\/2023\/09\/Careers-Web-Banners-5.png);\">\n\n\t<div class=\"container-fluid\">\n\n\t\t<div class=\"hero-block__titles\">\n\n\t\t\t<h1>Statut d&#039;alliance<\/h1>\n\t\t\t\n\t\t\t\t\t\t\t\t<\/div>\n\n\n\t\t        \n\t<\/div>\n\n<\/section>\n\n\t<div class=\"breadcrumbs\" typeof=\"BreadcrumbList\" vocab=\"https:\/\/schema.org\/\">\n\t\t<div class=\"container-fluid\">\n\t\t\t<!-- Breadcrumb NavXT 7.5.0 -->\n<span property=\"itemListElement\" typeof=\"ListItem\"><a property=\"item\" typeof=\"WebPage\" title=\"Aller \u00e0 Palletforce.\" href=\"https:\/\/www.palletforce.com\/fr\" class=\"home\" aria-current=\"page\"><span property=\"name\">Force de palette<\/span><\/a><meta property=\"position\" content=\"1\"><\/span>\t\t<\/div>\n\t<\/div>\n\n\n\n\n\n<section class=\"text-image  background__white\">\n\n\t<div class=\"container-fluid\">\n\n\t\t<div class=\"row\">\n\n\t\t\t<div class=\"text-image__image col-md-6 order-md-2\" data-aos=\"fade-left\">\n                <div>\n    \t\t\t\t    \n    \t\t\t\t    \n    \t\t\t\t        \t\t\t\t        \t\t\t\t        \t\t\t\t        \t\t\t\t    \n    \t\t\t\t    <img decoding=\"async\" src=\"https:\/\/www.palletforce.com\/wp-content\/uploads\/2023\/09\/Untitled-design-55-446x362.png\" alt=\"Alliance Working\" \/>\n    \t\t\t\t\t\n    \t\t\t\t    \t\t\t<\/div>\n\n\t\t\t<\/div>\n\n\n\t\t\t<div class=\"text-image__text col-md-6 order-md-1\" data-aos=\"fade-right\">\n\n\t\t\t\t<h2>Mise \u00e0 jour du statut de l&#039;alliance<\/h2>\t\t\t\t<div class=\"wysiwyg\"><p>Alliance est disponible et fonctionne normalement.<\/p>\n<p>&nbsp;<\/p>\n<p>Veuillez signaler tout probl\u00e8me \u00e0 l&#039;\u00e9quipe informatique via it@palletforce.com et un membre de l&#039;\u00e9quipe vous r\u00e9pondra dans les plus brefs d\u00e9lais. Pour tout probl\u00e8me urgent, veuillez appeler l&#039;\u00e9quipe informatique au 01283 539392 (Opt 2).<\/p>\n<\/div>\n\t\t\t\t\n\t\t\t\t\n\t\t\t<\/div>\n\n\t\t<\/div>\n\n\t<\/div>\n    \n    <div class=\"watermark\"><\/div>\n    \n<\/section>","protected":false},"excerpt":{"rendered":"<p>EV Cargo Technology fournit des solutions logicielles de cha\u00eene d&#039;approvisionnement depuis plus de 25 ans et est utilis\u00e9 par de nombreux grands d\u00e9taillants d&#039;aujourd&#039;hui.<\/p>","protected":false},"author":18,"featured_media":102977,"parent":0,"menu_order":0,"comment_status":"closed","ping_status":"closed","template":"","meta":{"_acf_changed":false,"inline_featured_image":false,"footnotes":""},"class_list":["post-110281","page","type-page","status-publish","has-post-thumbnail","hentry"],"acf":[],"yoast_head":"<!-- This site is optimized with the Yoast SEO plugin v26.6 - https:\/\/yoast.com\/wordpress\/plugins\/seo\/ -->\n<title>Alliance Status - Palletforce<\/title>\n<meta name=\"robots\" content=\"index, follow, max-snippet:-1, max-image-preview:large, max-video-preview:-1\" \/>\n<link rel=\"canonical\" href=\"https:\/\/www.palletforce.com\/fr\/alliance-status\/\" \/>\n<meta property=\"og:locale\" content=\"fr_FR\" \/>\n<meta property=\"og:type\" content=\"article\" \/>\n<meta property=\"og:title\" content=\"Alliance Status - Palletforce\" \/>\n<meta property=\"og:description\" content=\"EV Cargo Technology has been providing supply chain software solutions for over 25 years and is used by many of today\u2019s leading high street retailers.\" \/>\n<meta property=\"og:url\" content=\"https:\/\/www.palletforce.com\/fr\/alliance-status\/\" \/>\n<meta property=\"og:site_name\" content=\"Palletforce\" \/>\n<meta property=\"article:modified_time\" content=\"2023-09-14T13:17:25+00:00\" \/>\n<meta property=\"og:image\" content=\"https:\/\/www.palletforce.com\/wp-content\/uploads\/2021\/12\/PF-FLT-Nov-21-019-e1639583405850.jpg\" \/>\n\t<meta property=\"og:image:width\" content=\"1108\" \/>\n\t<meta property=\"og:image:height\" content=\"1156\" \/>\n\t<meta property=\"og:image:type\" content=\"image\/jpeg\" \/>\n<meta name=\"twitter:card\" content=\"summary_large_image\" \/>\n<script type=\"application\/ld+json\" class=\"yoast-schema-graph\">{\"@context\":\"https:\/\/schema.org\",\"@graph\":[{\"@type\":\"WebPage\",\"@id\":\"https:\/\/www.palletforce.com\/alliance-status\/\",\"url\":\"https:\/\/www.palletforce.com\/alliance-status\/\",\"name\":\"Alliance Status - Palletforce\",\"isPartOf\":{\"@id\":\"https:\/\/www.palletforce.com\/#website\"},\"primaryImageOfPage\":{\"@id\":\"https:\/\/www.palletforce.com\/alliance-status\/#primaryimage\"},\"image\":{\"@id\":\"https:\/\/www.palletforce.com\/alliance-status\/#primaryimage\"},\"thumbnailUrl\":\"https:\/\/www.palletforce.com\/wp-content\/uploads\/2021\/12\/PF-FLT-Nov-21-019-e1639583405850.jpg\",\"datePublished\":\"2023-09-14T12:56:45+00:00\",\"dateModified\":\"2023-09-14T13:17:25+00:00\",\"inLanguage\":\"fr-FR\",\"potentialAction\":[{\"@type\":\"ReadAction\",\"target\":[\"https:\/\/www.palletforce.com\/alliance-status\/\"]}]},{\"@type\":\"ImageObject\",\"inLanguage\":\"fr-FR\",\"@id\":\"https:\/\/www.palletforce.com\/alliance-status\/#primaryimage\",\"url\":\"https:\/\/www.palletforce.com\/wp-content\/uploads\/2021\/12\/PF-FLT-Nov-21-019-e1639583405850.jpg\",\"contentUrl\":\"https:\/\/www.palletforce.com\/wp-content\/uploads\/2021\/12\/PF-FLT-Nov-21-019-e1639583405850.jpg\",\"width\":1108,\"height\":1156},{\"@type\":\"WebSite\",\"@id\":\"https:\/\/www.palletforce.com\/#website\",\"url\":\"https:\/\/www.palletforce.com\/\",\"name\":\"Palletforce\",\"description\":\"\",\"potentialAction\":[{\"@type\":\"SearchAction\",\"target\":{\"@type\":\"EntryPoint\",\"urlTemplate\":\"https:\/\/www.palletforce.com\/?s={search_term_string}\"},\"query-input\":{\"@type\":\"PropertyValueSpecification\",\"valueRequired\":true,\"valueName\":\"search_term_string\"}}],\"inLanguage\":\"fr-FR\"}]}<\/script>\n<!-- \/ Yoast SEO plugin. -->","yoast_head_json":{"title":"Statut de l&#039;alliance - Palletforce","robots":{"index":"index","follow":"follow","max-snippet":"max-snippet:-1","max-image-preview":"max-image-preview:large","max-video-preview":"max-video-preview:-1"},"canonical":"https:\/\/www.palletforce.com\/fr\/alliance-status\/","og_locale":"fr_FR","og_type":"article","og_title":"Alliance Status - Palletforce","og_description":"EV Cargo Technology has been providing supply chain software solutions for over 25 years and is used by many of today\u2019s leading high street retailers.","og_url":"https:\/\/www.palletforce.com\/fr\/alliance-status\/","og_site_name":"Palletforce","article_modified_time":"2023-09-14T13:17:25+00:00","og_image":[{"width":1108,"height":1156,"url":"https:\/\/www.palletforce.com\/wp-content\/uploads\/2021\/12\/PF-FLT-Nov-21-019-e1639583405850.jpg","type":"image\/jpeg"}],"twitter_card":"summary_large_image","schema":{"@context":"https:\/\/schema.org","@graph":[{"@type":"WebPage","@id":"https:\/\/www.palletforce.com\/alliance-status\/","url":"https:\/\/www.palletforce.com\/alliance-status\/","name":"Statut de l&#039;alliance - Palletforce","isPartOf":{"@id":"https:\/\/www.palletforce.com\/#website"},"primaryImageOfPage":{"@id":"https:\/\/www.palletforce.com\/alliance-status\/#primaryimage"},"image":{"@id":"https:\/\/www.palletforce.com\/alliance-status\/#primaryimage"},"thumbnailUrl":"https:\/\/www.palletforce.com\/wp-content\/uploads\/2021\/12\/PF-FLT-Nov-21-019-e1639583405850.jpg","datePublished":"2023-09-14T12:56:45+00:00","dateModified":"2023-09-14T13:17:25+00:00","inLanguage":"fr-FR","potentialAction":[{"@type":"ReadAction","target":["https:\/\/www.palletforce.com\/alliance-status\/"]}]},{"@type":"ImageObject","inLanguage":"fr-FR","@id":"https:\/\/www.palletforce.com\/alliance-status\/#primaryimage","url":"https:\/\/www.palletforce.com\/wp-content\/uploads\/2021\/12\/PF-FLT-Nov-21-019-e1639583405850.jpg","contentUrl":"https:\/\/www.palletforce.com\/wp-content\/uploads\/2021\/12\/PF-FLT-Nov-21-019-e1639583405850.jpg","width":1108,"height":1156},{"@type":"WebSite","@id":"https:\/\/www.palletforce.com\/#website","url":"https:\/\/www.palletforce.com\/","name":"Force de palette","description":"","potentialAction":[{"@type":"SearchAction","target":{"@type":"EntryPoint","urlTemplate":"https:\/\/www.palletforce.com\/?s={search_term_string}"},"query-input":{"@type":"PropertyValueSpecification","valueRequired":true,"valueName":"search_term_string"}}],"inLanguage":"fr-FR"}]}},"_links":{"self":[{"href":"https:\/\/www.palletforce.com\/fr\/wp-json\/wp\/v2\/pages\/110281","targetHints":{"allow":["GET"]}}],"collection":[{"href":"https:\/\/www.palletforce.com\/fr\/wp-json\/wp\/v2\/pages"}],"about":[{"href":"https:\/\/www.palletforce.com\/fr\/wp-json\/wp\/v2\/types\/page"}],"author":[{"embeddable":true,"href":"https:\/\/www.palletforce.com\/fr\/wp-json\/wp\/v2\/users\/18"}],"replies":[{"embeddable":true,"href":"https:\/\/www.palletforce.com\/fr\/wp-json\/wp\/v2\/comments?post=110281"}],"version-history":[{"count":18,"href":"https:\/\/www.palletforce.com\/fr\/wp-json\/wp\/v2\/pages\/110281\/revisions"}],"predecessor-version":[{"id":110306,"href":"https:\/\/www.palletforce.com\/fr\/wp-json\/wp\/v2\/pages\/110281\/revisions\/110306"}],"wp:featuredmedia":[{"embeddable":true,"href":"https:\/\/www.palletforce.com\/fr\/wp-json\/wp\/v2\/media\/102977"}],"wp:attachment":[{"href":"https:\/\/www.palletforce.com\/fr\/wp-json\/wp\/v2\/media?parent=110281"}],"curies":[{"name":"wp","href":"https:\/\/api.w.org\/{rel}","templated":true}]}}