{"id":113645,"date":"2025-03-12T09:38:12","date_gmt":"2025-03-12T09:38:12","guid":{"rendered":"https:\/\/www.palletforce.com\/?page_id=113645"},"modified":"2025-03-12T09:42:22","modified_gmt":"2025-03-12T09:42:22","slug":"get-a-quote-2","status":"publish","type":"page","link":"https:\/\/www.palletforce.com\/fr\/get-a-quote-2\/","title":{"rendered":"Obtenez un devis"},"content":{"rendered":"<section class=\"hero-block bg-image\" data-aos=\"fade\" style=\"background-image: url(https:\/\/www.palletforce.com\/wp-content\/uploads\/2022\/11\/Careers-Web-Banners-4-1.png);\">\n\n\t<div class=\"container-fluid\">\n\n\t\t<div class=\"hero-block__titles\">\n\n\t\t\t<h1>Obtenez un devis<\/h1>\n\t\t\t\n\t\t\t<div class=\"wysiwyg\"><p>Veuillez remplir le formulaire ci-dessous et l&#039;un de nos d\u00e9p\u00f4ts membres vous contactera dans les plus brefs d\u00e9lais avec un devis sur mesure adapt\u00e9 \u00e0 vos besoins. Merci.<\/p>\n<\/div>\t\t\t\t\t<\/div>\n\n\n\t\t        \n\t<\/div>\n\n<\/section>\n\n\t<div class=\"breadcrumbs\" typeof=\"BreadcrumbList\" vocab=\"https:\/\/schema.org\/\">\n\t\t<div class=\"container-fluid\">\n\t\t\t<!-- Breadcrumb NavXT 7.5.0 -->\n<span property=\"itemListElement\" typeof=\"ListItem\"><a property=\"item\" typeof=\"WebPage\" title=\"Aller \u00e0 Palletforce.\" href=\"https:\/\/www.palletforce.com\/fr\" class=\"home\" aria-current=\"page\"><span property=\"name\">Force de palette<\/span><\/a><meta property=\"position\" content=\"1\"><\/span>\t\t<\/div>\n\t<\/div>\n\n\n<section class=\"wysiwyg\">\n\n\t<div class=\"container-fluid\">\n\n\t<p><script charset=\"utf-8\" type=\"text\/javascript\" src=\"\/\/js-eu1.hsforms.net\/forms\/embed\/v2.js\"><\/script><br \/>\n<script>\n  hbspt.forms.create({\n    portalId: \"143969548\",\n    formId: \"7003ea30-306f-4e96-975e-c15005b7ec85\",\n    region: \"eu1\"\n  });\n<\/script><\/p>\n\n\t<\/div>\n\n<\/section>\n\n\n\n\n<section class=\"text-image  background__white\">\n\n\t<div class=\"container-fluid\">\n\n\t\t<div class=\"row\">\n\n\t\t\t<div class=\"text-image__image col-md-6 order-md-2\" data-aos=\"fade-left\">\n                <div>\n    \t\t\t\t    \n    \t\t\t\t    \n    \t\t\t\t        \t\t\t\t        \t\t\t\t        \t\t\t\t        \t\t\t\t    \n    \t\t\t\t    <img decoding=\"async\" src=\"https:\/\/www.palletforce.com\/wp-content\/uploads\/2024\/10\/pallet-dimensions-1.png\" alt=\"pallet dimensions (1)\" \/>\n    \t\t\t\t\t\n    \t\t\t\t    \t\t\t<\/div>\n\n\t\t\t<\/div>\n\n\n\t\t\t<div class=\"text-image__text col-md-6 order-md-1\" data-aos=\"fade-right\">\n\n\t\t\t\t<h2>Distribution de fret express prim\u00e9e<\/h2>\t\t\t\t<div class=\"wysiwyg\"><p>Avec plus de 120 d\u00e9p\u00f4ts \u00e0 travers le Royaume-Uni, Palletforce propose un r\u00e9seau de distribution express prim\u00e9 qui livre chaque jour tous les codes postaux du Royaume-Uni. Nous rendons facile et rentable l&#039;envoi d&#039;une palette de fret avec un suivi en direct et des mises \u00e0 jour en temps r\u00e9el.<\/p>\n<p>Nous proposons trois tailles diff\u00e9rentes de fret palettis\u00e9 :<\/p>\n<p>Quart de palette\u00a0: 1,2\u00a0mx 1,2\u00a0mx 1\u00a0m de haut, poids maximum 250\u00a0kg<br \/>\nDemi-palette\u00a0: 1,2\u00a0mx 1,2\u00a0mx 2\u00a0m de haut, poids maximum 500\u00a0kg<br \/>\nPalette compl\u00e8te : 1,2 mx 1,2 mx 2,44 m de haut, poids maximum 1 250 kg<\/p>\n<p>Que vous ayez besoin d&#039;un service express le lendemain, d&#039;une option \u00e9conomique abordable ou que vous ayez besoin de votre fret \u00e0 un moment pr\u00e9cis, nos v\u00e9hicules de collecte et de livraison d\u00e9di\u00e9s, \u00e9quip\u00e9s de hayons \u00e9l\u00e9vateurs, offrent une flexibilit\u00e9 maximale.<\/p>\n<\/div>\n\t\t\t\t\n\t\t\t\t\n\t\t\t\t<a href=\"https:\/\/www.palletforce.com\/en\/our-services\/palletised-distribution\/\" target=\"_self\" class=\"btn btn-grey\">\t\n\t\t\t\t\tEn savoir plus\t\t\t\t<\/a>\n\n\t\t\t\t\n\t\t\t<\/div>\n\n\t\t<\/div>\n\n\t<\/div>\n    \n    <div class=\"watermark\"><\/div>\n    \n<\/section>","protected":false},"excerpt":{"rendered":"","protected":false},"author":18,"featured_media":0,"parent":0,"menu_order":0,"comment_status":"closed","ping_status":"closed","template":"","meta":{"_acf_changed":false,"inline_featured_image":false,"footnotes":""},"class_list":["post-113645","page","type-page","status-publish","hentry"],"acf":[],"yoast_head":"<!-- This site is optimized with the Yoast SEO plugin v26.6 - https:\/\/yoast.com\/wordpress\/plugins\/seo\/ -->\n<title>Get a Quote - Palletforce<\/title>\n<meta name=\"robots\" content=\"index, follow, max-snippet:-1, max-image-preview:large, max-video-preview:-1\" \/>\n<link rel=\"canonical\" href=\"https:\/\/www.palletforce.com\/fr\/get-a-quote-2\/\" \/>\n<meta property=\"og:locale\" content=\"fr_FR\" \/>\n<meta property=\"og:type\" content=\"article\" \/>\n<meta property=\"og:title\" content=\"Get a Quote - Palletforce\" \/>\n<meta property=\"og:url\" content=\"https:\/\/www.palletforce.com\/fr\/get-a-quote-2\/\" \/>\n<meta property=\"og:site_name\" content=\"Palletforce\" \/>\n<meta property=\"article:modified_time\" content=\"2025-03-12T09:42:22+00:00\" \/>\n<meta name=\"twitter:card\" content=\"summary_large_image\" \/>\n<script type=\"application\/ld+json\" class=\"yoast-schema-graph\">{\"@context\":\"https:\/\/schema.org\",\"@graph\":[{\"@type\":\"WebPage\",\"@id\":\"https:\/\/www.palletforce.com\/get-a-quote-2\/\",\"url\":\"https:\/\/www.palletforce.com\/get-a-quote-2\/\",\"name\":\"Get a Quote - Palletforce\",\"isPartOf\":{\"@id\":\"https:\/\/www.palletforce.com\/#website\"},\"datePublished\":\"2025-03-12T09:38:12+00:00\",\"dateModified\":\"2025-03-12T09:42:22+00:00\",\"inLanguage\":\"fr-FR\",\"potentialAction\":[{\"@type\":\"ReadAction\",\"target\":[\"https:\/\/www.palletforce.com\/get-a-quote-2\/\"]}]},{\"@type\":\"WebSite\",\"@id\":\"https:\/\/www.palletforce.com\/#website\",\"url\":\"https:\/\/www.palletforce.com\/\",\"name\":\"Palletforce\",\"description\":\"\",\"potentialAction\":[{\"@type\":\"SearchAction\",\"target\":{\"@type\":\"EntryPoint\",\"urlTemplate\":\"https:\/\/www.palletforce.com\/?s={search_term_string}\"},\"query-input\":{\"@type\":\"PropertyValueSpecification\",\"valueRequired\":true,\"valueName\":\"search_term_string\"}}],\"inLanguage\":\"fr-FR\"}]}<\/script>\n<!-- \/ Yoast SEO plugin. -->","yoast_head_json":{"title":"Obtenez un devis - Palletforce","robots":{"index":"index","follow":"follow","max-snippet":"max-snippet:-1","max-image-preview":"max-image-preview:large","max-video-preview":"max-video-preview:-1"},"canonical":"https:\/\/www.palletforce.com\/fr\/get-a-quote-2\/","og_locale":"fr_FR","og_type":"article","og_title":"Get a Quote - Palletforce","og_url":"https:\/\/www.palletforce.com\/fr\/get-a-quote-2\/","og_site_name":"Palletforce","article_modified_time":"2025-03-12T09:42:22+00:00","twitter_card":"summary_large_image","schema":{"@context":"https:\/\/schema.org","@graph":[{"@type":"WebPage","@id":"https:\/\/www.palletforce.com\/get-a-quote-2\/","url":"https:\/\/www.palletforce.com\/get-a-quote-2\/","name":"Obtenez un devis - Palletforce","isPartOf":{"@id":"https:\/\/www.palletforce.com\/#website"},"datePublished":"2025-03-12T09:38:12+00:00","dateModified":"2025-03-12T09:42:22+00:00","inLanguage":"fr-FR","potentialAction":[{"@type":"ReadAction","target":["https:\/\/www.palletforce.com\/get-a-quote-2\/"]}]},{"@type":"WebSite","@id":"https:\/\/www.palletforce.com\/#website","url":"https:\/\/www.palletforce.com\/","name":"Force de palette","description":"","potentialAction":[{"@type":"SearchAction","target":{"@type":"EntryPoint","urlTemplate":"https:\/\/www.palletforce.com\/?s={search_term_string}"},"query-input":{"@type":"PropertyValueSpecification","valueRequired":true,"valueName":"search_term_string"}}],"inLanguage":"fr-FR"}]}},"_links":{"self":[{"href":"https:\/\/www.palletforce.com\/fr\/wp-json\/wp\/v2\/pages\/113645","targetHints":{"allow":["GET"]}}],"collection":[{"href":"https:\/\/www.palletforce.com\/fr\/wp-json\/wp\/v2\/pages"}],"about":[{"href":"https:\/\/www.palletforce.com\/fr\/wp-json\/wp\/v2\/types\/page"}],"author":[{"embeddable":true,"href":"https:\/\/www.palletforce.com\/fr\/wp-json\/wp\/v2\/users\/18"}],"replies":[{"embeddable":true,"href":"https:\/\/www.palletforce.com\/fr\/wp-json\/wp\/v2\/comments?post=113645"}],"version-history":[{"count":4,"href":"https:\/\/www.palletforce.com\/fr\/wp-json\/wp\/v2\/pages\/113645\/revisions"}],"predecessor-version":[{"id":113650,"href":"https:\/\/www.palletforce.com\/fr\/wp-json\/wp\/v2\/pages\/113645\/revisions\/113650"}],"wp:attachment":[{"href":"https:\/\/www.palletforce.com\/fr\/wp-json\/wp\/v2\/media?parent=113645"}],"curies":[{"name":"wp","href":"https:\/\/api.w.org\/{rel}","templated":true}]}}