{"id":3,"date":"2020-06-08T16:33:17","date_gmt":"2020-06-08T15:33:17","guid":{"rendered":"http:\/\/localhost\/emc-2020\/?page_id=3"},"modified":"2023-11-01T12:05:44","modified_gmt":"2023-11-01T12:05:44","slug":"privacy-policy","status":"publish","type":"page","link":"https:\/\/www.palletforce.com\/fr\/privacy-policy\/","title":{"rendered":"Politique de confidentialit\u00e9"},"content":{"rendered":"<section class=\"small-banner\" style=\"background-image: url(https:\/\/www.palletforce.com\/wp-content\/uploads\/2021\/10\/internal-hub-5-1140x318.jpg); \">\n\n\t<div class=\"container-fluid\">\n\n\t\t<h1>Politique de confidentialit\u00e9<\/h1>\n\t<\/div>\n\n<\/section>\n\n<section class=\"wysiwyg\">\n\n\t<div class=\"container-fluid\">\n\n\t<p><strong>Politique de confidentialit\u00e9 des v\u00e9hicules \u00e9lectriques<\/strong><\/p>\n<p>EV Cargo Limited est le contr\u00f4leur des informations (donn\u00e9es personnelles) que nous collectons. Cette politique explique comment nous utilisons vos donn\u00e9es personnelles, combien de temps nous les conservons et vos droits l\u00e9gaux. Cette politique s&#039;applique \u00e0 toutes les filiales EV Cargo au sein du groupe.<\/p>\n<p><strong>Contact<\/strong><\/p>\n<p>Si vous avez des questions sur cette politique ou sur la protection des donn\u00e9es en g\u00e9n\u00e9ral, vous pouvez contacter le d\u00e9l\u00e9gu\u00e9 \u00e0 la protection des donn\u00e9es de EV Cargo Group, Phoenix House, Oxford Road, Gerrards Cross, SL9 7AP ou par e-mail\u00a0: <a href=\"mailto:dataprotection@evcargo.com\">dataprotection@evcargo.com<\/a><\/p>\n<p><strong>Comment vos donn\u00e9es sont stock\u00e9es<\/strong><\/p>\n<p>Vos donn\u00e9es personnelles sont conserv\u00e9es sous forme papier et \u00e9lectronique.<br \/>\nLes donn\u00e9es \u00e9lectroniques, y compris les e-mails, sont stock\u00e9es sur les serveurs d&#039;EV Cargo et sur les serveurs de nos fournisseurs de logiciels, situ\u00e9s au Royaume-Uni.<\/p>\n<p>Lorsque nous passons un contrat avec un fournisseur de logiciels qui stocke des donn\u00e9es en dehors de l&#039;UE, seules un minimum de donn\u00e9es sont trait\u00e9es et nous veillons \u00e0 ce que des garanties appropri\u00e9es soient en place si n\u00e9cessaire.<\/p>\n<p><strong>Combien de temps les donn\u00e9es sont-elles conserv\u00e9es ?<\/strong><\/p>\n<p>Cela d\u00e9pendra des informations collect\u00e9es, il existe des d\u00e9lais diff\u00e9rents pour certaines donn\u00e9es. Nous sommes li\u00e9s par des p\u00e9riodes de conservation l\u00e9gales et conformes aux meilleures pratiques. Lorsque les informations ne sont plus n\u00e9cessaires, nous les d\u00e9truisons en toute s\u00e9curit\u00e9.<\/p>\n<p><strong>Type de donn\u00e9es collect\u00e9es et finalit\u00e9.<\/strong><\/p>\n<table style=\"height: 3601px;\" width=\"687\">\n<tbody>\n<thead>\n<th scope=\"col\"><strong>Raison du traitement<\/strong><\/th>\n<th scope=\"col\"><strong>Base l\u00e9gale<\/strong><\/th>\n<\/thead>\n<tr>\n<td data-label=\"Reason for processing\"><strong>Utilisation du site Web<br \/>\n    <\/strong>L\u2019inscription sur le site EV Cargo est facultative. EV Cargo consid\u00e8re les informations clients qu&#039;elle collecte comme un actif pr\u00e9cieux et confidentiel dont nous prenons grand soin pour assurer sa s\u00e9curit\u00e9. Nous utilisons des cookies sur notre site Web, veuillez acc\u00e9der \u00e0 la politique en mati\u00e8re de cookies pour plus d&#039;informations. Nous utilisons les informations \u00e0 trois fins g\u00e9n\u00e9rales\u00a0: r\u00e9pondre \u00e0 vos demandes pour certaines zones du site Web, vous contacter si n\u00e9cessaire et nous aider \u00e0 maintenir le logiciel du site Web. et le mat\u00e9riel.<\/p>\n<h3><strong>\u00a0<\/strong><\/h3>\n<\/td>\n<td data-label=\"Legal basis\">Ces informations sont trait\u00e9es pour notre int\u00e9r\u00eat l\u00e9gitime de r\u00e9pondre \u00e0 toutes les demandes que vous effectuez via notre site Web, nos applications et nos logiciels clients et pour nous aider \u00e0 comprendre et \u00e0 am\u00e9liorer notre site Web.<\/td>\n<\/tr>\n<tr>\n<td data-label=\"Reason for processing\">\n<h3><strong>Contacts professionnels<\/strong><\/h3>\n<p>    Les coordonn\u00e9es des personnes, organisations et entreprises avec lesquelles nous travaillons sont des donn\u00e9es personnelles et nous les traitons en cons\u00e9quence. Nous l&#039;utiliserons uniquement dans le cadre de notre relation avec votre organisation, que nous travaillions en partenariat ou que nous ayons une relation client\/fournisseur.<\/td>\n<td data-label=\"Legal basis\">Ce traitement repose sur nos int\u00e9r\u00eats l\u00e9gitimes de gestion des relations commerciales et des relations avec les membres. Nous utilisons les donn\u00e9es uniquement aux fins indiqu\u00e9es, nous n&#039;utiliserons pas les donn\u00e9es pour une autre raison et celles-ci sont s\u00e9curis\u00e9es.<\/td>\n<\/tr>\n<tr>\n<td data-label=\"Reason for processing\">\n<h3><strong>EVCargo.com<br \/>\n    Un v\u00e9hicule \u00e9lectrique cargo<br \/>\n    applications<\/strong><\/h3>\n<p>    Nom, adresse e-mail, informations sur l&#039;appareil, cela peut \u00e9galement inclure le comportement de navigation et les publicit\u00e9s sur lesquelles vous cliquez.<\/td>\n<td data-label=\"Legal basis\">Il vous sera demand\u00e9 de confirmer que vous acceptez de fournir vos donn\u00e9es personnelles et que vous autorisez EV Cargo \u00e0 traiter vos donn\u00e9es personnelles. Tous les d\u00e9tails tels que pourquoi Boots veut vos donn\u00e9es, comment elles seront utilis\u00e9es et si vos donn\u00e9es seront partag\u00e9es, seront fournis au moment de vous demander votre consentement. Lorsque EV Cargo s&#039;appuie sur le consentement, vous verrez g\u00e9n\u00e9ralement une case \u00e0 cocher. Vous avez le droit de retirer votre consentement \u00e0 tout moment si vous ne souhaitez plus participer \u00e0 l&#039;activit\u00e9 de traitement d&#039;EV Cargo.<\/td>\n<\/tr>\n<tr>\n<td data-label=\"Reason for processing\">\n<h3><strong>Marketing direct <\/strong><\/h3>\n<p>    Nous vous enverrons des informations que nous pensons utiles ou susceptibles de vous int\u00e9resser sur les services que nous fournissons, qu&#039;ils soient payants ou gratuits.<\/p>\n<p>    Si vous choisissez de vous inscrire, vos informations ne seront plus anonymes et seront disponibles au personnel d&#039;EV Cargo et aux d\u00e9l\u00e9gations \u00e0 des fins de marketing. Si vous ne souhaitez plus continuer \u00e0 recevoir des informations promotionnelles ou marketing, veuillez nous en informer par e-mail \u00e0\u00a0<a href=\"mailto:info@evcargo.com\">info@evcargo.com<\/a>.<\/p>\n<p>    &nbsp;<\/td>\n<td data-label=\"Legal basis\">Nous vous envoyons des e-mails ou des SMS (marketing direct \u00e9lectronique) avec ce type d&#039;informations si nous avons votre consentement pour le faire. Pour les services ou produits commerciaux, y compris lorsque vous avez achet\u00e9 ou entam\u00e9 des n\u00e9gociations avec nous pour un service ou un produit similaire, cela est consid\u00e9r\u00e9 par la loi comme un consentement implicite. Cependant, chaque fois que nous enverrons un e-mail ou un SMS, vous aurez la possibilit\u00e9 de vous d\u00e9sabonner des messages marketing similaires.<\/td>\n<\/tr>\n<tr>\n<td data-label=\"Reason for processing\">\n<h3><strong>\u00a0\u00ab Processeurs \u00bb<\/strong><\/h3>\n<p>    Lorsque nous faisons appel \u00e0 d&#039;autres soci\u00e9t\u00e9s pour livrer nos produits ou services en notre nom, nous devons parfois partager des informations pertinentes avec ces fournisseurs et sous-traitants afin qu&#039;ils puissent effectuer le travail en notre nom. Ils sont connus sous le nom de \u00ab\u00a0Sous-traitants\u00a0\u00bb et sont l\u00e9galement tenus par contrat d&#039;agir uniquement selon nos instructions concernant vos donn\u00e9es personnelles et de ne pas les utiliser \u00e0 leurs propres fins.<\/td>\n<td>La base juridique pertinente pour chaque sous-traitant que nous utilisons d\u00e9pendra du type de travail qu&#039;il effectue et de notre base juridique pour entreprendre le travail. Nous avons des contrats avec des sous-traitants qui respectent l&#039;article 28 du r\u00e8glement g\u00e9n\u00e9ral sur la protection des donn\u00e9es (RGPD).<\/td>\n<\/tr>\n<tr>\n<td data-label=\"Reason for processing\"><strong>Vid\u00e9osurveillance<\/strong><\/p>\n<p>    EV Cargo utilise la vid\u00e9osurveillance dans nos bureaux, entrep\u00f4ts et sites pour la s\u00fbret\u00e9 et la s\u00e9curit\u00e9 des locaux, des produits, des coll\u00e8gues, des sous-traitants, des clients, du public et de tout tiers. Certains syst\u00e8mes sont exploit\u00e9s par des soci\u00e9t\u00e9s de s\u00e9curit\u00e9 sp\u00e9cialis\u00e9es, avec lesquelles nous avons des contrats.<\/p>\n<p>    Les images de vid\u00e9osurveillance peuvent \u00eatre divulgu\u00e9es aux organisations agissant sous l&#039;autorit\u00e9 officielle, y compris la police, si n\u00e9cessaire pour enqu\u00eater sur des crimes potentiels et poursuivre les crimes.<\/td>\n<td data-label=\"Legal basis\">Nous traitons les donn\u00e9es de CCTV dans notre int\u00e9r\u00eat l\u00e9gitime pour prot\u00e9ger la propri\u00e9t\u00e9, l&#039;entreposage et pour ex\u00e9cuter des t\u00e2ches relevant de nos obligations l\u00e9gales et dans l&#039;int\u00e9r\u00eat public\/int\u00e9r\u00eat public substantiel\u00a0; il s\u2019agit notamment de prot\u00e9ger la s\u00e9curit\u00e9 des personnes et des locaux et de soutenir les enqu\u00eates et les poursuites en mati\u00e8re de criminalit\u00e9, de fraude et d\u2019autres fautes.<\/td>\n<\/tr>\n<tr>\n<td data-label=\"Reason for processing\"><strong>Recrutement<\/strong><\/p>\n<p>    Si vous postulez \u00e0 un emploi, nous collectons des informations sur votre aptitude au poste.<\/p>\n<p>    Nous collectons des informations sur la race\/origine ethnique, la religion, la sant\u00e9\/le handicap, ou l&#039;orientation sexuelle et le sexe.<\/td>\n<td data-label=\"Legal basis\">Les donn\u00e9es personnelles collect\u00e9es sont n\u00e9cessaires \u00e0 la conclusion d&#039;un contrat de travail ou \u00e0 la conclusion d&#039;un contrat de travail avec vous.<\/p>\n<p>    &nbsp;<\/p>\n<p>    Lorsqu\u2019il est n\u00e9cessaire pour nous de surveiller et d\u2019am\u00e9liorer l\u2019\u00e9galit\u00e9 des chances et de traitement, dans l\u2019int\u00e9r\u00eat public substantiel, et qu\u2019il est facultatif pour vous de fournir ces informations. Nous n&#039;utilisons pas les informations collect\u00e9es pour l&#039;\u00e9galit\u00e9 des chances pour \u00e9valuer l&#039;ad\u00e9quation des candidatures. Il existe une politique de recrutement distincte qui vous indique comment et pourquoi vos donn\u00e9es sont utilis\u00e9es.<\/td>\n<\/tr>\n<tr>\n<td data-label=\"Reason for processing\"><strong>Employ\u00e9s<\/strong><\/p>\n<p>    Nous collectons et traitons des informations sur les employ\u00e9s actuels et anciens.<\/td>\n<td data-label=\"Legal basis\">La plupart de ces traitements sont n\u00e9cessaires \u00e0 la gestion de votre contrat de travail. Nous devons \u00e9galement remplir nos obligations l\u00e9gales en vertu du droit du travail \u00e0 l\u2019\u00e9gard de nos employ\u00e9s actuels et anciens. Il existe une politique de confidentialit\u00e9 des employ\u00e9s qui vous indique comment et pourquoi vos donn\u00e9es sont utilis\u00e9es.<\/p>\n<p>    &nbsp;<\/p>\n<p>    &nbsp;<\/td>\n<\/tr>\n<tr>\n<td data-label=\"Reason for processing\"><strong>\u00c9galit\u00e9 de traitement et des chances<\/strong><\/p>\n<p>    Nous traitons tout le monde \u00e9quitablement et offrons des chances \u00e9gales, quelles que soient les diff\u00e9rences de race ou d&#039;origine ethnique, les croyances religieuses ou philosophiques, la sant\u00e9 physique ou mentale ou l&#039;orientation sexuelle, c&#039;est l\u00e0 qu&#039;il est n\u00e9cessaire pour nous de surveiller et d&#039;am\u00e9liorer l&#039;\u00e9galit\u00e9 des chances, dans le un int\u00e9r\u00eat public consid\u00e9rable. Lorsque nous collectons des informations sur l\u2019\u00e9galit\u00e9 des chances, elles ne sont pas utilis\u00e9es pour \u00e9valuer votre aptitude au recrutement ou \u00e0 l\u2019emploi.<\/p>\n<p>    &nbsp;<\/p>\n<p>    &nbsp;<\/td>\n<td data-label=\"Legal basis\">Le traitement de ces cat\u00e9gories particuli\u00e8res de donn\u00e9es est n\u00e9cessaire \u00e0 l&#039;ex\u00e9cution d&#039;une mission d&#039;int\u00e9r\u00eat public majeur, notamment aux fins d&#039;identification et de contr\u00f4le de l&#039;\u00e9galit\u00e9 de chances et de traitement entre diff\u00e9rents groupes de personnes, en vue de permettre la promotion ou la promotion de l&#039;\u00e9galit\u00e9. entretenu. Il est facultatif pour vous de fournir ces informations.<\/td>\n<\/tr>\n<tr>\n<td data-label=\"Reason for processing\"><strong>Biscuits <\/strong><\/p>\n<p>    Les cookies, pixels invisibles et technologies similaires (collectivement \u00ab cookies \u00bb) sont des fichiers contenant de petites quantit\u00e9s d&#039;informations qui sont t\u00e9l\u00e9charg\u00e9es sur tout appareil connect\u00e9 \u00e0 Internet \u2013 tel que votre ordinateur, smartphone ou tablette \u2013 lorsque vous visitez un site Web.<\/td>\n<td data-label=\"Legal basis\">Pour savoir quels cookies nous utilisons et pour quelles raisons, veuillez consulter notre politique en mati\u00e8re de cookies.<\/td>\n<\/tr>\n<\/tbody>\n<\/table>\n<p><strong>\u00a0<\/strong><\/p>\n<p><strong>Retrait du consentement<\/strong><\/p>\n<p><strong>Droits <\/strong><\/p>\n<ul>\n<li><strong>Votre droit d&#039;acc\u00e8s<\/strong> \u2013 Vous avez le droit de nous demander des copies de vos informations personnelles connues sous le nom de demande d\u2019acc\u00e8s au sujet ou SAR. Avant d&#039;envoyer des donn\u00e9es personnelles, nous pouvons vous demander de fournir une preuve de votre identit\u00e9. Si vous n&#039;\u00eates pas en mesure de justifier de votre identit\u00e9, nous nous r\u00e9servons le droit de refuser de vous envoyer les donn\u00e9es personnelles.<\/li>\n<li><strong>Votre droit de rectification<\/strong> \u2013 Vous avez le droit de nous demander de rectifier les informations personnelles que vous jugez inexactes. Vous avez \u00e9galement le droit de nous demander de compl\u00e9ter les informations que vous jugez incompl\u00e8tes.<\/li>\n<li><strong>Votre droit \u00e0 l&#039;effacement<\/strong> \u2013 Vous avez le droit de nous demander d\u2019effacer vos informations personnelles dans certaines circonstances.<\/li>\n<li><strong>Votre droit \u00e0 la limitation du traitement<\/strong> \u2013 Vous avez le droit de nous demander de limiter le traitement de vos informations personnelles dans certaines circonstances.<\/li>\n<li><strong>Votre droit de vous opposer au traitement<\/strong> \u2013 Vous avez le droit de vous opposer au traitement de vos informations personnelles dans certaines circonstances.<\/li>\n<li><strong>Votre droit \u00e0 la portabilit\u00e9 des donn\u00e9es<\/strong> \u2013 Vous avez le droit de demander que nous transf\u00e9rions les informations personnelles que vous nous avez fournies \u00e0 une autre organisation, ou \u00e0 vous, dans certaines circonstances.<\/li>\n<li><strong>Votre droit de ne pas \u00eatre soumis \u00e0 une d\u00e9cision enti\u00e8rement automatis\u00e9e-<\/strong>processus de prise de d\u00e9cision (c&#039;est-\u00e0-dire une d\u00e9cision g\u00e9n\u00e9r\u00e9e par le syst\u00e8me sans aucune intervention humaine), dont le r\u00e9sultat a un effet juridique ou tout aussi important sur vous.<\/li>\n<li>Vous avez le droit de retirer votre consentement \u00e0 tout moment en nous contactant.<\/li>\n<\/ul>\n<p>Vous n\u2019\u00eates tenu \u00e0 aucun frais pour exercer vos droits. Si vous faites une demande, nous disposons d&#039;un mois pour vous r\u00e9pondre, nous avons le droit de refuser une demande dans certaines circonstances et la loi nous permet de prolonger le d\u00e9lai jusqu&#039;\u00e0 deux mois. Il peut arriver que des frais administratifs soient appliqu\u00e9s.<\/p>\n<p><strong>S\u00c9CURIT\u00c9<\/strong><\/p>\n<p>Nous avons l&#039;intention de prot\u00e9ger la qualit\u00e9 et l&#039;int\u00e9grit\u00e9 de nos informations personnelles. EV Cargo a mis en \u0153uvre des technologies et des politiques de s\u00e9curit\u00e9 pour prot\u00e9ger les donn\u00e9es personnelles stock\u00e9es de nos utilisateurs contre tout acc\u00e8s non autoris\u00e9, utilisation inappropri\u00e9e, alt\u00e9ration, destruction ill\u00e9gale ou accidentelle et perte accidentelle. Les employ\u00e9s et sous-traitants d&#039;EV Cargo qui ont acc\u00e8s aux donn\u00e9es personnelles sont tenus de respecter la vie priv\u00e9e de nos visiteurs et la confidentialit\u00e9 de leurs donn\u00e9es personnelles.<\/p>\n<p><strong>Liens<br \/>\n<\/strong>Sur le site Web d\u2019EV Cargo, vous trouverez des liens vers des sites Web de tiers. Veuillez noter qu&#039;EV Cargo n&#039;est pas responsable des politiques de confidentialit\u00e9 ou du contenu des sites Web tiers.<\/p>\n<p><strong>Plaintes<\/strong><\/p>\n<p>Si vous avez des inqui\u00e9tudes concernant notre utilisation de vos informations personnelles, vous pouvez nous d\u00e9poser une plainte \u00e0 <a href=\"mailto:dataprotection@evcargo.com\">dataprotection@evcargo.com<\/a>.<\/p>\n<p>Vous pouvez \u00e9galement vous plaindre aupr\u00e8s de l&#039;ICO si vous n&#039;\u00eates pas satisfait de la fa\u00e7on dont nous avons utilis\u00e9 vos donn\u00e9es.<\/p>\n<p>Bureau du commissaire \u00e0 l&#039;information<\/p>\n<p>Maison Wycliffe<\/p>\n<p>Voie d&#039;eau<\/p>\n<p>Wilmslow<\/p>\n<p>Cheshire<\/p>\n<p>SK9 5AF<\/p>\n<p>&nbsp;<\/p>\n<h3>T\u00e9l\u00e9phone : 0303 123 1113<\/h3>\n\n\t<\/div>\n\n<\/section>","protected":false},"excerpt":{"rendered":"","protected":false},"author":18,"featured_media":0,"parent":0,"menu_order":0,"comment_status":"closed","ping_status":"open","template":"","meta":{"_acf_changed":false,"inline_featured_image":false,"footnotes":""},"class_list":["post-3","page","type-page","status-publish","hentry"],"acf":[],"yoast_head":"<!-- This site is optimized with the Yoast SEO plugin v26.6 - https:\/\/yoast.com\/wordpress\/plugins\/seo\/ -->\n<title>Privacy Policy - Palletforce<\/title>\n<meta name=\"robots\" content=\"index, follow, max-snippet:-1, max-image-preview:large, max-video-preview:-1\" \/>\n<link rel=\"canonical\" href=\"https:\/\/www.palletforce.com\/fr\/privacy-policy\/\" \/>\n<meta property=\"og:locale\" content=\"fr_FR\" \/>\n<meta property=\"og:type\" content=\"article\" \/>\n<meta property=\"og:title\" content=\"Privacy Policy - Palletforce\" \/>\n<meta property=\"og:url\" content=\"https:\/\/www.palletforce.com\/fr\/privacy-policy\/\" \/>\n<meta property=\"og:site_name\" content=\"Palletforce\" \/>\n<meta property=\"article:modified_time\" content=\"2023-11-01T12:05:44+00:00\" \/>\n<meta name=\"twitter:card\" content=\"summary_large_image\" \/>\n<script type=\"application\/ld+json\" class=\"yoast-schema-graph\">{\"@context\":\"https:\/\/schema.org\",\"@graph\":[{\"@type\":\"WebPage\",\"@id\":\"https:\/\/www.palletforce.com\/privacy-policy\/\",\"url\":\"https:\/\/www.palletforce.com\/privacy-policy\/\",\"name\":\"Privacy Policy - Palletforce\",\"isPartOf\":{\"@id\":\"https:\/\/www.palletforce.com\/#website\"},\"datePublished\":\"2020-06-08T15:33:17+00:00\",\"dateModified\":\"2023-11-01T12:05:44+00:00\",\"inLanguage\":\"fr-FR\",\"potentialAction\":[{\"@type\":\"ReadAction\",\"target\":[\"https:\/\/www.palletforce.com\/privacy-policy\/\"]}]},{\"@type\":\"WebSite\",\"@id\":\"https:\/\/www.palletforce.com\/#website\",\"url\":\"https:\/\/www.palletforce.com\/\",\"name\":\"Palletforce\",\"description\":\"\",\"potentialAction\":[{\"@type\":\"SearchAction\",\"target\":{\"@type\":\"EntryPoint\",\"urlTemplate\":\"https:\/\/www.palletforce.com\/?s={search_term_string}\"},\"query-input\":{\"@type\":\"PropertyValueSpecification\",\"valueRequired\":true,\"valueName\":\"search_term_string\"}}],\"inLanguage\":\"fr-FR\"}]}<\/script>\n<!-- \/ Yoast SEO plugin. -->","yoast_head_json":{"title":"Politique de confidentialit\u00e9 - Palletforce","robots":{"index":"index","follow":"follow","max-snippet":"max-snippet:-1","max-image-preview":"max-image-preview:large","max-video-preview":"max-video-preview:-1"},"canonical":"https:\/\/www.palletforce.com\/fr\/privacy-policy\/","og_locale":"fr_FR","og_type":"article","og_title":"Privacy Policy - Palletforce","og_url":"https:\/\/www.palletforce.com\/fr\/privacy-policy\/","og_site_name":"Palletforce","article_modified_time":"2023-11-01T12:05:44+00:00","twitter_card":"summary_large_image","schema":{"@context":"https:\/\/schema.org","@graph":[{"@type":"WebPage","@id":"https:\/\/www.palletforce.com\/privacy-policy\/","url":"https:\/\/www.palletforce.com\/privacy-policy\/","name":"Politique de confidentialit\u00e9 - Palletforce","isPartOf":{"@id":"https:\/\/www.palletforce.com\/#website"},"datePublished":"2020-06-08T15:33:17+00:00","dateModified":"2023-11-01T12:05:44+00:00","inLanguage":"fr-FR","potentialAction":[{"@type":"ReadAction","target":["https:\/\/www.palletforce.com\/privacy-policy\/"]}]},{"@type":"WebSite","@id":"https:\/\/www.palletforce.com\/#website","url":"https:\/\/www.palletforce.com\/","name":"Force de palette","description":"","potentialAction":[{"@type":"SearchAction","target":{"@type":"EntryPoint","urlTemplate":"https:\/\/www.palletforce.com\/?s={search_term_string}"},"query-input":{"@type":"PropertyValueSpecification","valueRequired":true,"valueName":"search_term_string"}}],"inLanguage":"fr-FR"}]}},"_links":{"self":[{"href":"https:\/\/www.palletforce.com\/fr\/wp-json\/wp\/v2\/pages\/3","targetHints":{"allow":["GET"]}}],"collection":[{"href":"https:\/\/www.palletforce.com\/fr\/wp-json\/wp\/v2\/pages"}],"about":[{"href":"https:\/\/www.palletforce.com\/fr\/wp-json\/wp\/v2\/types\/page"}],"author":[{"embeddable":true,"href":"https:\/\/www.palletforce.com\/fr\/wp-json\/wp\/v2\/users\/18"}],"replies":[{"embeddable":true,"href":"https:\/\/www.palletforce.com\/fr\/wp-json\/wp\/v2\/comments?post=3"}],"version-history":[{"count":19,"href":"https:\/\/www.palletforce.com\/fr\/wp-json\/wp\/v2\/pages\/3\/revisions"}],"predecessor-version":[{"id":110810,"href":"https:\/\/www.palletforce.com\/fr\/wp-json\/wp\/v2\/pages\/3\/revisions\/110810"}],"wp:attachment":[{"href":"https:\/\/www.palletforce.com\/fr\/wp-json\/wp\/v2\/media?parent=3"}],"curies":[{"name":"wp","href":"https:\/\/api.w.org\/{rel}","templated":true}]}}