{"id":99505,"date":"2021-07-22T09:32:04","date_gmt":"2021-07-22T08:32:04","guid":{"rendered":"https:\/\/www.palletforce.com\/?page_id=99505"},"modified":"2023-03-03T11:27:14","modified_gmt":"2023-03-03T11:27:14","slug":"newsroom","status":"publish","type":"page","link":"https:\/\/www.palletforce.com\/fr\/company\/media\/newsroom\/","title":{"rendered":"R\u00e9daction"},"content":{"rendered":"<section class=\"hero-block bg-image\" data-aos=\"fade\" style=\"background-image: url(https:\/\/www.palletforce.com\/wp-content\/uploads\/2021\/06\/shutterstock_521213980-scaled.jpg);\">\n\n\t<div class=\"container-fluid\">\n\n\t\t<div class=\"hero-block__titles\">\n\n\t\t\t<h1>R\u00e9daction<\/h1>\n\t\t\t\n\t\t\t\t\t\t\t\t<\/div>\n\n\n\t\t        \n\t<\/div>\n\n<\/section>\n\n\t<div class=\"breadcrumbs\" typeof=\"BreadcrumbList\" vocab=\"https:\/\/schema.org\/\">\n\t\t<div class=\"container-fluid\">\n\t\t\t<!-- Breadcrumb NavXT 7.5.0 -->\n<span property=\"itemListElement\" typeof=\"ListItem\"><a property=\"item\" typeof=\"WebPage\" title=\"Aller \u00e0 Palletforce.\" href=\"https:\/\/www.palletforce.com\/fr\" class=\"home\" aria-current=\"page\"><span property=\"name\">Force de palette<\/span><\/a><meta property=\"position\" content=\"1\"><\/span>\t\t<\/div>\n\t<\/div>\n\n\n\n<div style=\"height:100px\" aria-hidden=\"true\" class=\"wp-block-spacer\"><\/div>\n\n\n<section class=\"articles-list\">\n      <div class=\"container-fluid\">\n        <div class=\"row justify-content-flex-start align-items-center mb-5\">\n            <div class=\"articles-list_title col-12 col-md-4\" data-aos=\"fade\">\n                <h2>Tous les articles<\/h2>\n            <\/div>\n        <\/div>\n\n        <div id=\"post-list\" class=\"articles-list__posts post-styles row\">\n            \n                    <div class=\"articles-list__posts__col post-styles__col col-md-4\" data-aos=\"fade\">\n\n                        <div class=\"articles-list__posts__col__wrap post-styles__col__wrap\">\n\n                        <div class=\"articles-list__posts__col__img post-styles__col__img\" style=\"background-image: url(https:\/\/www.palletforce.com\/wp-content\/uploads\/2026\/05\/Web-Banners-1.png); \"><\/div>\n                        <div class=\"articles-list__posts__col__txt post-styles__col__txt\">\n                                                        <div class=\"cats\">\n                                                                    <div class=\"btn btn-primary\">Derni\u00e8res nouvelles<\/div>\n                                                            <\/div>\n                            <h4>Palletforce conclut un accord de distribution national avec Flue &amp; Ducting<\/h4>\n                            <a href=\"https:\/\/www.palletforce.com\/fr\/palletforce-secures-national-distribution-deal-with-flue-ducting\/\">\n                                                              Lire la suite <i class=\"fal fa-arrow-circle-right\"><\/i>\n                                                          <\/a>\n\n                        <\/div>\n\n                        <\/div>\n\n                    <\/div>\n\n                    \n                    <div class=\"articles-list__posts__col post-styles__col col-md-4\" data-aos=\"fade\">\n\n                        <div class=\"articles-list__posts__col__wrap post-styles__col__wrap\">\n\n                        <div class=\"articles-list__posts__col__img post-styles__col__img\" style=\"background-image: url(https:\/\/www.palletforce.com\/wp-content\/uploads\/2026\/04\/Web-Banners-21.png); \"><\/div>\n                        <div class=\"articles-list__posts__col__txt post-styles__col__txt\">\n                                                        <div class=\"cats\">\n                                                                    <div class=\"btn btn-primary\">Derni\u00e8res nouvelles<\/div>\n                                                            <\/div>\n                            <h4>L&#039;\u00e9quipe de Palletforce ouvre une collecte sp\u00e9ciale d&#039;\u0153ufs de P\u00e2ques caritative<\/h4>\n                            <a href=\"https:\/\/www.palletforce.com\/fr\/palletforce-staff-crack-special-easter-egg-charity-drive\/\">\n                                                              Lire la suite <i class=\"fal fa-arrow-circle-right\"><\/i>\n                                                          <\/a>\n\n                        <\/div>\n\n                        <\/div>\n\n                    <\/div>\n\n                    \n                    <div class=\"articles-list__posts__col post-styles__col col-md-4\" data-aos=\"fade\">\n\n                        <div class=\"articles-list__posts__col__wrap post-styles__col__wrap\">\n\n                        <div class=\"articles-list__posts__col__img post-styles__col__img\" style=\"background-image: url(https:\/\/www.palletforce.com\/wp-content\/uploads\/2026\/02\/Web-Banners-10.png); \"><\/div>\n                        <div class=\"articles-list__posts__col__txt post-styles__col__txt\">\n                                                        <div class=\"cats\">\n                                                                    <div class=\"btn btn-primary\">G\u00e9n\u00e9ral<\/div>\n                                                            <\/div>\n                            <h4>Palletforce MGM, entreprise record, c\u00e9l\u00e8bre 25 ans de succ\u00e8s<\/h4>\n                            <a href=\"https:\/\/www.palletforce.com\/fr\/record-breaking-palletforce-mgm-celebrates-25-years-of-success\/\">\n                                                              Lire la suite <i class=\"fal fa-arrow-circle-right\"><\/i>\n                                                          <\/a>\n\n                        <\/div>\n\n                        <\/div>\n\n                    <\/div>\n\n                    \n                    <div class=\"articles-list__posts__col post-styles__col col-md-4\" data-aos=\"fade\">\n\n                        <div class=\"articles-list__posts__col__wrap post-styles__col__wrap\">\n\n                        <div class=\"articles-list__posts__col__img post-styles__col__img\" style=\"background-image: url(https:\/\/www.palletforce.com\/wp-content\/uploads\/2026\/02\/Web-Banners-9.png); \"><\/div>\n                        <div class=\"articles-list__posts__col__txt post-styles__col__txt\">\n                                                        <div class=\"cats\">\n                                                                    <div class=\"btn btn-primary\">G\u00e9n\u00e9ral<\/div>\n                                                            <\/div>\n                            <h4>Hi-Speed s&#039;associe \u00e0 Palletforce pour renforcer sa couverture et son service \u00e0 Guildford.<\/h4>\n                            <a href=\"https:\/\/www.palletforce.com\/fr\/hi-speed-joins-palletforce-to-bolster-coverage-service-in-guildford\/\">\n                                                              Lire la suite <i class=\"fal fa-arrow-circle-right\"><\/i>\n                                                          <\/a>\n\n                        <\/div>\n\n                        <\/div>\n\n                    <\/div>\n\n                    \n                    <div class=\"articles-list__posts__col post-styles__col col-md-4\" data-aos=\"fade\">\n\n                        <div class=\"articles-list__posts__col__wrap post-styles__col__wrap\">\n\n                        <div class=\"articles-list__posts__col__img post-styles__col__img\" style=\"background-image: url(https:\/\/www.palletforce.com\/wp-content\/uploads\/2026\/01\/Web-Banners-8.png); \"><\/div>\n                        <div class=\"articles-list__posts__col__txt post-styles__col__txt\">\n                                                        <div class=\"cats\">\n                                                                    <div class=\"btn btn-primary\">Derni\u00e8res nouvelles<\/div>\n                                                            <\/div>\n                            <h4>Currie Solutions s&#039;associe \u00e0 Palletforce pour d\u00e9velopper son activit\u00e9 de palettes.<\/h4>\n                            <a href=\"https:\/\/www.palletforce.com\/fr\/currie-solutions-joins-palletforce-to-grow-pallet-business\/\">\n                                                              Lire la suite <i class=\"fal fa-arrow-circle-right\"><\/i>\n                                                          <\/a>\n\n                        <\/div>\n\n                        <\/div>\n\n                    <\/div>\n\n                    \n                    <div class=\"articles-list__posts__col post-styles__col col-md-4\" data-aos=\"fade\">\n\n                        <div class=\"articles-list__posts__col__wrap post-styles__col__wrap\">\n\n                        <div class=\"articles-list__posts__col__img post-styles__col__img\" style=\"background-image: url(https:\/\/www.palletforce.com\/wp-content\/uploads\/2025\/11\/Web-Banners-4.png); \"><\/div>\n                        <div class=\"articles-list__posts__col__txt post-styles__col__txt\">\n                                                        <div class=\"cats\">\n                                                                    <div class=\"btn btn-primary\">G\u00e9n\u00e9ral<\/div>\n                                                            <\/div>\n                            <h4>L&#039;accent mis sur la qualit\u00e9 permet \u00e0 Palletforce de retrouver l&#039;ISO avec un rapport d&#039;audit \u00e9logieux<\/h4>\n                            <a href=\"https:\/\/www.palletforce.com\/fr\/focus-on-quality-sees-palletforce-regain-iso-with-glowing-auditor-report-2\/\">\n                                                              Lire la suite <i class=\"fal fa-arrow-circle-right\"><\/i>\n                                                          <\/a>\n\n                        <\/div>\n\n                        <\/div>\n\n                    <\/div>\n\n                            <\/div>\n    <\/div>\n    <div class=\"pagination\">\n        <div class=\"container-fluid\">\n            <a href=\"https:\/\/www.palletforce.com\/fr\/wp-json\/wp\/v2\/pages\/99505\/page\/2\/\" >Montre plus<\/a>        <\/div>\n    <\/div>\n<\/section>\n\n\n<section class=\"wide-image-text background__white\" style=\"background-image: url(https:\/\/www.palletforce.com\/wp-content\/uploads\/2021\/07\/Banners-2021-07-13T120807.280.png);\">\n\n\t<div class=\"container-fluid\">\n\n\t\t<div class=\"row\">\n\n\t\t\t<div class=\"col-md-8 text-image__text\" data-aos=\"fade-left\">\n\n\t\t\t\t<div class=\"text-image__text__wrap\">\n    \t\t\t\t<h2>Vous avez une demande m\u00e9diatique?<\/h2>    \t\t\t\t<div class=\"wysiwyg\"><p>Prenez contact avec nous.<\/p>\n<\/div>    \t\t\t\t    \t\t\t\t    <div class=\"actions\">\n    \t\t\t\t        <a class=\"btn green-btn\" href=\"https:\/\/www.palletforce.com\/company\/media-contact\/\">Nous contacter<\/a>\n    \t\t\t\t    <\/div>\n    \t\t\t\t\t\t\t\t<\/div>\n\n\t\t\t<\/div>\n\n\t\t<\/div>\n\t\t\n\t<\/div>\n\n<\/section>","protected":false},"excerpt":{"rendered":"","protected":false},"author":18,"featured_media":0,"parent":98936,"menu_order":0,"comment_status":"closed","ping_status":"closed","template":"","meta":{"_acf_changed":false,"inline_featured_image":false,"footnotes":""},"class_list":["post-99505","page","type-page","status-publish","hentry"],"acf":[],"yoast_head":"<!-- This site is optimized with the Yoast SEO plugin v26.6 - https:\/\/yoast.com\/wordpress\/plugins\/seo\/ -->\n<title>Newsroom - Palletforce<\/title>\n<meta name=\"robots\" content=\"index, follow, max-snippet:-1, max-image-preview:large, max-video-preview:-1\" \/>\n<link rel=\"canonical\" href=\"https:\/\/www.palletforce.com\/fr\/company\/media\/newsroom\/\" \/>\n<meta property=\"og:locale\" content=\"fr_FR\" \/>\n<meta property=\"og:type\" content=\"article\" \/>\n<meta property=\"og:title\" content=\"Newsroom - Palletforce\" \/>\n<meta property=\"og:url\" content=\"https:\/\/www.palletforce.com\/fr\/company\/media\/newsroom\/\" \/>\n<meta property=\"og:site_name\" content=\"Palletforce\" \/>\n<meta property=\"article:modified_time\" content=\"2023-03-03T11:27:14+00:00\" \/>\n<meta name=\"twitter:card\" content=\"summary_large_image\" \/>\n<script type=\"application\/ld+json\" class=\"yoast-schema-graph\">{\"@context\":\"https:\/\/schema.org\",\"@graph\":[{\"@type\":\"WebPage\",\"@id\":\"https:\/\/www.palletforce.com\/company\/media\/newsroom\/\",\"url\":\"https:\/\/www.palletforce.com\/company\/media\/newsroom\/\",\"name\":\"Newsroom - Palletforce\",\"isPartOf\":{\"@id\":\"https:\/\/www.palletforce.com\/#website\"},\"datePublished\":\"2021-07-22T08:32:04+00:00\",\"dateModified\":\"2023-03-03T11:27:14+00:00\",\"breadcrumb\":{\"@id\":\"https:\/\/www.palletforce.com\/company\/media\/newsroom\/#breadcrumb\"},\"inLanguage\":\"fr-FR\",\"potentialAction\":[{\"@type\":\"ReadAction\",\"target\":[\"https:\/\/www.palletforce.com\/company\/media\/newsroom\/\"]}]},{\"@type\":\"BreadcrumbList\",\"@id\":\"https:\/\/www.palletforce.com\/company\/media\/newsroom\/#breadcrumb\",\"itemListElement\":[{\"@type\":\"ListItem\",\"position\":1,\"name\":\"Company\",\"item\":\"https:\/\/www.palletforce.com\/?page_id=1451\"},{\"@type\":\"ListItem\",\"position\":2,\"name\":\"Media\",\"item\":\"https:\/\/www.palletforce.com\/company\/media\/\"},{\"@type\":\"ListItem\",\"position\":3,\"name\":\"Newsroom\"}]},{\"@type\":\"WebSite\",\"@id\":\"https:\/\/www.palletforce.com\/#website\",\"url\":\"https:\/\/www.palletforce.com\/\",\"name\":\"Palletforce\",\"description\":\"\",\"potentialAction\":[{\"@type\":\"SearchAction\",\"target\":{\"@type\":\"EntryPoint\",\"urlTemplate\":\"https:\/\/www.palletforce.com\/?s={search_term_string}\"},\"query-input\":{\"@type\":\"PropertyValueSpecification\",\"valueRequired\":true,\"valueName\":\"search_term_string\"}}],\"inLanguage\":\"fr-FR\"}]}<\/script>\n<!-- \/ Yoast SEO plugin. -->","yoast_head_json":{"title":"Salle de presse - Palletforce","robots":{"index":"index","follow":"follow","max-snippet":"max-snippet:-1","max-image-preview":"max-image-preview:large","max-video-preview":"max-video-preview:-1"},"canonical":"https:\/\/www.palletforce.com\/fr\/company\/media\/newsroom\/","og_locale":"fr_FR","og_type":"article","og_title":"Newsroom - Palletforce","og_url":"https:\/\/www.palletforce.com\/fr\/company\/media\/newsroom\/","og_site_name":"Palletforce","article_modified_time":"2023-03-03T11:27:14+00:00","twitter_card":"summary_large_image","schema":{"@context":"https:\/\/schema.org","@graph":[{"@type":"WebPage","@id":"https:\/\/www.palletforce.com\/company\/media\/newsroom\/","url":"https:\/\/www.palletforce.com\/company\/media\/newsroom\/","name":"Salle de presse - Palletforce","isPartOf":{"@id":"https:\/\/www.palletforce.com\/#website"},"datePublished":"2021-07-22T08:32:04+00:00","dateModified":"2023-03-03T11:27:14+00:00","breadcrumb":{"@id":"https:\/\/www.palletforce.com\/company\/media\/newsroom\/#breadcrumb"},"inLanguage":"fr-FR","potentialAction":[{"@type":"ReadAction","target":["https:\/\/www.palletforce.com\/company\/media\/newsroom\/"]}]},{"@type":"BreadcrumbList","@id":"https:\/\/www.palletforce.com\/company\/media\/newsroom\/#breadcrumb","itemListElement":[{"@type":"ListItem","position":1,"name":"Company","item":"https:\/\/www.palletforce.com\/?page_id=1451"},{"@type":"ListItem","position":2,"name":"Media","item":"https:\/\/www.palletforce.com\/company\/media\/"},{"@type":"ListItem","position":3,"name":"Newsroom"}]},{"@type":"WebSite","@id":"https:\/\/www.palletforce.com\/#website","url":"https:\/\/www.palletforce.com\/","name":"Force de palette","description":"","potentialAction":[{"@type":"SearchAction","target":{"@type":"EntryPoint","urlTemplate":"https:\/\/www.palletforce.com\/?s={search_term_string}"},"query-input":{"@type":"PropertyValueSpecification","valueRequired":true,"valueName":"search_term_string"}}],"inLanguage":"fr-FR"}]}},"_links":{"self":[{"href":"https:\/\/www.palletforce.com\/fr\/wp-json\/wp\/v2\/pages\/99505","targetHints":{"allow":["GET"]}}],"collection":[{"href":"https:\/\/www.palletforce.com\/fr\/wp-json\/wp\/v2\/pages"}],"about":[{"href":"https:\/\/www.palletforce.com\/fr\/wp-json\/wp\/v2\/types\/page"}],"author":[{"embeddable":true,"href":"https:\/\/www.palletforce.com\/fr\/wp-json\/wp\/v2\/users\/18"}],"replies":[{"embeddable":true,"href":"https:\/\/www.palletforce.com\/fr\/wp-json\/wp\/v2\/comments?post=99505"}],"version-history":[{"count":25,"href":"https:\/\/www.palletforce.com\/fr\/wp-json\/wp\/v2\/pages\/99505\/revisions"}],"predecessor-version":[{"id":108614,"href":"https:\/\/www.palletforce.com\/fr\/wp-json\/wp\/v2\/pages\/99505\/revisions\/108614"}],"up":[{"embeddable":true,"href":"https:\/\/www.palletforce.com\/fr\/wp-json\/wp\/v2\/pages\/98936"}],"wp:attachment":[{"href":"https:\/\/www.palletforce.com\/fr\/wp-json\/wp\/v2\/media?parent=99505"}],"curies":[{"name":"wp","href":"https:\/\/api.w.org\/{rel}","templated":true}]}}