{"id":113487,"date":"2025-01-22T15:54:17","date_gmt":"2025-01-22T15:54:17","guid":{"rendered":"https:\/\/www.palletforce.com\/?page_id=113487"},"modified":"2025-01-22T15:54:17","modified_gmt":"2025-01-22T15:54:17","slug":"operational-privacy-policy","status":"publish","type":"page","link":"https:\/\/www.palletforce.com\/pl\/operational-privacy-policy\/","title":{"rendered":"Polityka prywatno\u015bci operacyjnej"},"content":{"rendered":"<section class=\"wysiwyg\">\n\n\t<div class=\"container-fluid\">\n\n\t<h1>Polityka prywatno\u015bci operacyjnej<\/h1>\n<p><strong>Palletforce, Cz\u0142onkowie Palletforce oraz dostawcy us\u0142ug odbioru i dostawy dla Palletforce lub Cz\u0142onk\u00f3w Palletforce b\u0119d\u0105 przetwarza\u0107 Dane Osobowe zgodnie z Og\u00f3lnym Rozporz\u0105dzeniem o Ochronie Danych (RODO) w celu wykonania umowy i wype\u0142nienia naszych zobowi\u0105za\u0144 prawnych.<\/strong><\/p>\n<p>W przypadku przetwarzania Danych Osobowych przez Palletforce na potrzeby obs\u0142ugi sieci paletowej, Palletforce jest Administratorem Danych, a Cz\u0142onkowie s\u0105 Podmiotami Przetwarzaj\u0105cymi Dane.<\/p>\n<p>Dane osobowe b\u0119d\u0105 przetwarzane w spos\u00f3b zgodny z prawem, rzetelny i przejrzysty, umo\u017cliwiaj\u0105cy identyfikacj\u0119 os\u00f3b fizycznych.<\/p>\n<p>Palletforce Ltd znajduje si\u0119 przy Callister Way, Burton on Trent, DE14 2SY. Nasz numer rejestracyjny ochrony danych to ZA313616.<\/p>\n<h3>Dane osobowe operacyjne<\/h3>\n<p>Dane osobowe operacyjne to dane osobowe identyfikuj\u0105ce pracownik\u00f3w, agent\u00f3w i kontrahent\u00f3w Cz\u0142onk\u00f3w, klient\u00f3w, partner\u00f3w transportowych, dostawc\u00f3w, punkty odbioru, nadawc\u00f3w i odbiorc\u00f3w.<\/p>\n<p>Wyja\u015bnienie to jest konieczne, poniewa\u017c Palletforce przetwarza r\u00f3wnie\u017c Dane Osobowe swoich pracownik\u00f3w, co jest obj\u0119te odr\u0119bn\u0105 polityk\u0105.<\/p>\n<p>Dane osobowe operacyjne obejmuj\u0105 takie dane, jak:<\/p>\n<ul>\n<li>Nazwy<\/li>\n<li>Numery telefon\u00f3w<\/li>\n<li>Adresy e-mail<\/li>\n<li>Adresy mieszkalne<\/li>\n<li>Obrazy podpis\u00f3w<\/li>\n<li>Wsp\u00f3\u0142rz\u0119dne miejsca, w kt\u00f3rym odbywa si\u0119 odbi\u00f3r i\/lub dostawa<\/li>\n<li>Obecna i historyczna lokalizacja urz\u0105dze\u0144 ePOD<\/li>\n<li>Nagrania z monitoringu obszar\u00f3w operacyjnych plac\u00f3wek Palletforce<\/li>\n<li>Nazwiska kierowc\u00f3w samochod\u00f3w dostawczych i odbiorczych<\/li>\n<\/ul>\n<h3>Cel przetwarzania danych<\/h3>\n<p>Palletforce przetwarza Dane Osobowe Operacyjne w zakresie niezb\u0119dnym do obs\u0142ugi sieci paletowej.<br \/>\nNasze podstawy prawne przetwarzania Danych Osobowych Operacyjnych to:<\/p>\n<ul>\n<li>Przetwarzanie Danych Osobowych Operacyjnych jest niezb\u0119dne w celu realizacji um\u00f3w z cz\u0142onkami, nadawcami i odbiorcami.<\/li>\n<li>Przetwarzanie jest niezb\u0119dne do wype\u0142nienia obowi\u0105zku prawnego.<\/li>\n<li>Przetwarzanie Danych Osobowych jest konieczne dla cel\u00f3w realizacji naszych uzasadnionych interes\u00f3w jako administratora danych (chyba \u017ce nadrz\u0119dny charakter wobec tych interes\u00f3w maj\u0105 interesy, prawa lub wolno\u015bci osoby fizycznej).<\/li>\n<\/ul>\n<p>Obejmuje to przetwarzanie Danych Osobowych Operacyjnych w celu u\u0142atwienia takich dzia\u0142a\u0144, jak:<\/p>\n<ul>\n<li>Odbi\u00f3r i dostawa przesy\u0142ek<\/li>\n<li>Zarz\u0105dzanie kontami u\u017cytkownik\u00f3w w celu uzyskania dost\u0119pu do system\u00f3w informatycznych Palletforce<\/li>\n<li>\u015aledzenie i potwierdzenie dostawy<\/li>\n<li>Rozliczenia i p\u0142atno\u015bci<\/li>\n<li>Raportowanie, planowanie i analiza<\/li>\n<li>Sprzeda\u017c i marketing<\/li>\n<li>Integracja system\u00f3w informatycznych Cz\u0142onk\u00f3w i Klient\u00f3w<\/li>\n<li>Monitoring CCTV w celach zapewnienia zdrowia i bezpiecze\u0144stwa, ochrony obiektu, zapobiegania przest\u0119pczo\u015bci oraz identyfikacji problem\u00f3w zwi\u0105zanych z obs\u0142ug\u0105 towar\u00f3w<\/li>\n<\/ul>\n<h3>Transfery os\u00f3b trzecich<\/h3>\n<p>Dane osobowe dotycz\u0105ce operacji b\u0119d\u0105 udost\u0119pniane naszym cz\u0142onkom, partnerom dostawczym i klientom w celu realizacji um\u00f3w.<\/p>\n<h3>Bezpiecze\u0144stwo danych<\/h3>\n<p>Palletforce wdro\u017cy odpowiednie zasoby fizyczne i techniczne w celu ochrony Danych osobowych przed nieautoryzowanym dost\u0119pem, wykorzystaniem lub ujawnieniem.<\/p>\n<p>Dane osobowe s\u0105 przetwarzane na terenie Wielkiej Brytanii, Europejskiego Obszaru Gospodarczego lub z podmiotami trzecimi w krajach uznanych przez KE za zapewniaj\u0105ce odpowiedni\u0105 ochron\u0119, takich jak Stany Zjednoczone Ameryki stosuj\u0105ce Tarcz\u0119 Prywatno\u015bci.<\/p>\n<p>Palletforce niezw\u0142ocznie powiadomi Cz\u0142onk\u00f3w o ka\u017cdym znanym przypadku nieautoryzowanego dost\u0119pu, u\u017cycia lub ujawnienia.<\/p>\n<h3>Zatrzymanie<\/h3>\n<p>Palletforce b\u0119dzie przechowywa\u0107 Dane Osobowe Operacyjne w Alliance dotycz\u0105ce poszczeg\u00f3lnych przesy\u0142ek nie d\u0142u\u017cej ni\u017c 730 dni kalendarzowych od daty wprowadzenia danych.<\/p>\n<h3>Pliki cookie przegl\u0105darki internetowej<\/h3>\n<p>Pliki cookie to ma\u0142e fragmenty danych wysy\u0142ane do Twojej przegl\u0105darki internetowej przez odwiedzan\u0105 witryn\u0119 internetow\u0105. Plik cookie jest przechowywany w Twojej przegl\u0105darce internetowej i umo\u017cliwia us\u0142ugom rozpoznanie Ciebie.<\/p>\n<p>Palletforce wykorzystuje zar\u00f3wno trwa\u0142e, jak i tymczasowe (sesyjne) pliki cookie do:<\/p>\n<ul>\n<li>Przechowywanie informacji o Twojej sesji i preferencjach witryny podczas korzystania z witryn Palletforce w celu zapewnienia funkcjonalno\u015bci naszych witryn. Wy\u0142\u0105czenie tego pliku cookie wp\u0142ynie na Twoj\u0105 mo\u017cliwo\u015b\u0107 dost\u0119pu do cz\u0119\u015bci naszej witryny Alliance.<\/li>\n<li>Zapami\u0119tywanie Ci\u0119 pomi\u0119dzy logowaniami w celu u\u0142atwienia szybszego procesu logowania. Ten plik cookie nie jest niezb\u0119dny do korzystania ze strony internetowej Alliance.<\/li>\n<li>Korzystanie z us\u0142ug analitycznych w celu przechowywania anonimowych informacji o Twojej przegl\u0105darce internetowej, adresie IP i innych informacjach sieciowych. Informacje te s\u0105 wykorzystywane w celu monitorowania bie\u017c\u0105cej wydajno\u015bci, bezpiecze\u0144stwa i korzystania z naszych witryn internetowych. Ten plik cookie nie jest niezb\u0119dny do korzystania z witryny internetowej Alliance.<\/li>\n<li>Palletforce nie przechowuje danych osobowych w plikach cookies.<\/li>\n<\/ul>\n<p>Wszystkie komputery maj\u0105 mo\u017cliwo\u015b\u0107 odrzucania plik\u00f3w cookie. Mo\u017cna to zrobi\u0107, aktywuj\u0105c ustawienie w przegl\u0105darce, kt\u00f3re umo\u017cliwia odrzucenie plik\u00f3w cookie. Nale\u017cy pami\u0119ta\u0107, \u017ce je\u015bli zdecydujesz si\u0119 odrzuci\u0107 pliki cookie, mo\u017cesz nie mie\u0107 dost\u0119pu do niekt\u00f3rych obszar\u00f3w naszej Witryny.<\/p>\n<p>Aby uzyska\u0107 wi\u0119cej informacji na temat plik\u00f3w cookie, zapoznaj si\u0119 ze wskaz\u00f3wkami na stronie All About Cookies lub na stronie pomocy technicznej dla Twojej przegl\u0105darki internetowej.<\/p>\n<h3>Prawa podmiotu danych<\/h3>\n<p>Osobom fizycznym przys\u0142uguj\u0105 okre\u015blone w RODO prawa dotycz\u0105ce ich danych osobowych:<\/p>\n<ul>\n<li>Prawo do bycia informowanym. Niniejsza Polityka Prywatno\u015bci Operacyjnej opisuje spos\u00f3b, w jaki Palletforce przetwarza Dane Osobowe Operacyjne.<\/li>\n<\/ul>\n<p>Osoby fizyczne mog\u0105 skorzysta\u0107 z nast\u0119puj\u0105cych praw, kontaktuj\u0105c si\u0119 z zespo\u0142em ds. ochrony danych Palletforce pod adresem dpt@palletforce.com lub za po\u015brednictwem adresu pocztowego podanego w cz\u0119\u015bci \u201eZapytania\u201d niniejszego dokumentu:<\/p>\n<ul>\n<li>Prawo dost\u0119pu do swoich danych osobowych przetwarzanych przez Palletforce.<\/li>\n<li>Prawo do sprostowania nieprawid\u0142owych danych osobowych.<\/li>\n<li>Prawo do usuni\u0119cia swoich danych osobowych i skr\u00f3cenia okresu ich przechowywania.<\/li>\n<li>Prawo do ograniczenia przetwarzania danych osobowych, je\u017celi dane s\u0105 nieprawid\u0142owe, je\u017celi osoba, kt\u00f3rej dane dotycz\u0105, uwa\u017ca, \u017ce nie wyst\u0119puje uzasadniony interes lub je\u017celi przetwarzanie jest niezgodne z prawem.<\/li>\n<li>Prawo do przenoszenia danych osobowych w ustrukturyzowanym formacie nadaj\u0105cym si\u0119 do odczytu maszynowego.<\/li>\n<li>Prawo do sprzeciwu wobec przetwarzania danych osobowych, je\u017celi Palletforce nie mo\u017ce wykaza\u0107 istnienia wa\u017cnych prawnie uzasadnionych podstaw do przetwarzania.<\/li>\n<\/ul>\n<p>Wi\u0119cej informacji dotycz\u0105cych praw jednostek mo\u017cna znale\u017a\u0107 na stronie internetowej ICO pod adresem https:\/\/ico.org.uk\/for-the-public\/.<\/p>\n<h3>Zapytania<\/h3>\n<p>Wszelkie zapytania, w tym pro\u015bby o dost\u0119p, sprostowanie i usuni\u0119cie danych, nale\u017cy kierowa\u0107 na adres dpt@palletforce.com lub poczt\u0105 na adres:<\/p>\n<p>Zesp\u00f3\u0142 ds. Ochrony Danych<br \/>\nPalletforce Ltd<br \/>\nCallister spos\u00f3b<br \/>\nBurton on Trent<br \/>\nDE14 2SY<\/p>\n<h3>Uskar\u017canie si\u0119<\/h3>\n<p>Podmioty danych maj\u0105 prawo do z\u0142o\u017cenia skargi, je\u015bli ich prawa nie s\u0105 przestrzegane. Skargi nale\u017cy sk\u0142ada\u0107 do biura Information Commissioners:<\/p>\n<p>Biuro Komisarza ds. Informacji<br \/>\nDom Wyklifa<br \/>\nTor wodny<br \/>\nWilmslow<br \/>\nCheshire<br \/>\nSK9 5AF<\/p>\n<p>Telefon: 0303 123 1113<\/p>\n<h3>Obowi\u0105zki Klienta<\/h3>\n<p>Klienci udost\u0119pniaj\u0105cy operacyjne dane osobowe gwarantuj\u0105, \u017ce maj\u0105 podstaw\u0119 prawn\u0105 do przetwarzania danych osobowych przed udost\u0119pnieniem operacyjnych danych osobowych firmie Palletforce.<\/p>\n<p>Klienci musz\u0105 zapewni\u0107, \u017ce przekazane przez nich Dane Osobowe Operacyjne s\u0105:<\/p>\n<ul>\n<li>Dok\u0142adne i aktualne.<\/li>\n<li>Istotne i ograniczone do tego, co niezb\u0119dne do osi\u0105gni\u0119cia cel\u00f3w, w kt\u00f3rych s\u0105 przetwarzane.<\/li>\n<li>Wykorzystywane wy\u0142\u0105cznie w celu odbioru, \u015bledzenia i dostarczania przesy\u0142ek.<\/li>\n<li>Odpowiednio zabezpieczone, aby zminimalizowa\u0107 ryzyko straty i\/lub naruszenia.<\/li>\n<\/ul>\n<h3>Zatrzymanie<\/h3>\n<p>W przypadku przechowywania Danych Osobowych Operacyjnych w systemach informatycznych klient\u00f3w, Cz\u0142onek musi przechowywa\u0107 Dane Osobowe Operacyjne dla poszczeg\u00f3lnych przesy\u0142ek nie d\u0142u\u017cej ni\u017c 730 dni kalendarzowych od daty zaimportowania ich do swoich system\u00f3w.<\/p>\n\n\t<\/div>\n\n<\/section>","protected":false},"excerpt":{"rendered":"","protected":false},"author":18,"featured_media":111843,"parent":0,"menu_order":0,"comment_status":"closed","ping_status":"open","template":"","meta":{"_acf_changed":false,"inline_featured_image":false,"footnotes":""},"class_list":["post-113487","page","type-page","status-publish","has-post-thumbnail","hentry"],"acf":[],"yoast_head":"<!-- This site is optimized with the Yoast SEO plugin v26.6 - https:\/\/yoast.com\/wordpress\/plugins\/seo\/ -->\n<title>Operational Privacy Policy - Palletforce<\/title>\n<meta name=\"robots\" content=\"index, follow, max-snippet:-1, max-image-preview:large, max-video-preview:-1\" \/>\n<link rel=\"canonical\" href=\"https:\/\/www.palletforce.com\/pl\/operational-privacy-policy\/\" \/>\n<meta property=\"og:locale\" content=\"pl_PL\" \/>\n<meta property=\"og:type\" content=\"article\" \/>\n<meta property=\"og:title\" content=\"Operational Privacy Policy - Palletforce\" \/>\n<meta property=\"og:url\" content=\"https:\/\/www.palletforce.com\/pl\/operational-privacy-policy\/\" \/>\n<meta property=\"og:site_name\" content=\"Palletforce\" \/>\n<meta property=\"og:image\" content=\"https:\/\/www.palletforce.com\/wp-content\/uploads\/2024\/04\/Careers-Web-Banners-9.png\" \/>\n\t<meta property=\"og:image:width\" content=\"1855\" \/>\n\t<meta property=\"og:image:height\" content=\"550\" \/>\n\t<meta property=\"og:image:type\" content=\"image\/png\" \/>\n<meta name=\"twitter:card\" content=\"summary_large_image\" \/>\n<script type=\"application\/ld+json\" class=\"yoast-schema-graph\">{\"@context\":\"https:\/\/schema.org\",\"@graph\":[{\"@type\":\"WebPage\",\"@id\":\"https:\/\/www.palletforce.com\/operational-privacy-policy\/\",\"url\":\"https:\/\/www.palletforce.com\/operational-privacy-policy\/\",\"name\":\"Operational Privacy Policy - Palletforce\",\"isPartOf\":{\"@id\":\"https:\/\/www.palletforce.com\/#website\"},\"primaryImageOfPage\":{\"@id\":\"https:\/\/www.palletforce.com\/operational-privacy-policy\/#primaryimage\"},\"image\":{\"@id\":\"https:\/\/www.palletforce.com\/operational-privacy-policy\/#primaryimage\"},\"thumbnailUrl\":\"https:\/\/www.palletforce.com\/wp-content\/uploads\/2024\/04\/Careers-Web-Banners-9.png\",\"datePublished\":\"2025-01-22T15:54:17+00:00\",\"inLanguage\":\"pl-PL\",\"potentialAction\":[{\"@type\":\"ReadAction\",\"target\":[\"https:\/\/www.palletforce.com\/operational-privacy-policy\/\"]}]},{\"@type\":\"ImageObject\",\"inLanguage\":\"pl-PL\",\"@id\":\"https:\/\/www.palletforce.com\/operational-privacy-policy\/#primaryimage\",\"url\":\"https:\/\/www.palletforce.com\/wp-content\/uploads\/2024\/04\/Careers-Web-Banners-9.png\",\"contentUrl\":\"https:\/\/www.palletforce.com\/wp-content\/uploads\/2024\/04\/Careers-Web-Banners-9.png\",\"width\":1855,\"height\":550},{\"@type\":\"WebSite\",\"@id\":\"https:\/\/www.palletforce.com\/#website\",\"url\":\"https:\/\/www.palletforce.com\/\",\"name\":\"Palletforce\",\"description\":\"\",\"potentialAction\":[{\"@type\":\"SearchAction\",\"target\":{\"@type\":\"EntryPoint\",\"urlTemplate\":\"https:\/\/www.palletforce.com\/?s={search_term_string}\"},\"query-input\":{\"@type\":\"PropertyValueSpecification\",\"valueRequired\":true,\"valueName\":\"search_term_string\"}}],\"inLanguage\":\"pl-PL\"}]}<\/script>\n<!-- \/ Yoast SEO plugin. -->","yoast_head_json":{"title":"Polityka prywatno\u015bci operacyjnej - Palletforce","robots":{"index":"index","follow":"follow","max-snippet":"max-snippet:-1","max-image-preview":"max-image-preview:large","max-video-preview":"max-video-preview:-1"},"canonical":"https:\/\/www.palletforce.com\/pl\/operational-privacy-policy\/","og_locale":"pl_PL","og_type":"article","og_title":"Operational Privacy Policy - Palletforce","og_url":"https:\/\/www.palletforce.com\/pl\/operational-privacy-policy\/","og_site_name":"Palletforce","og_image":[{"width":1855,"height":550,"url":"https:\/\/www.palletforce.com\/wp-content\/uploads\/2024\/04\/Careers-Web-Banners-9.png","type":"image\/png"}],"twitter_card":"summary_large_image","schema":{"@context":"https:\/\/schema.org","@graph":[{"@type":"WebPage","@id":"https:\/\/www.palletforce.com\/operational-privacy-policy\/","url":"https:\/\/www.palletforce.com\/operational-privacy-policy\/","name":"Polityka prywatno\u015bci operacyjnej - Palletforce","isPartOf":{"@id":"https:\/\/www.palletforce.com\/#website"},"primaryImageOfPage":{"@id":"https:\/\/www.palletforce.com\/operational-privacy-policy\/#primaryimage"},"image":{"@id":"https:\/\/www.palletforce.com\/operational-privacy-policy\/#primaryimage"},"thumbnailUrl":"https:\/\/www.palletforce.com\/wp-content\/uploads\/2024\/04\/Careers-Web-Banners-9.png","datePublished":"2025-01-22T15:54:17+00:00","inLanguage":"pl-PL","potentialAction":[{"@type":"ReadAction","target":["https:\/\/www.palletforce.com\/operational-privacy-policy\/"]}]},{"@type":"ImageObject","inLanguage":"pl-PL","@id":"https:\/\/www.palletforce.com\/operational-privacy-policy\/#primaryimage","url":"https:\/\/www.palletforce.com\/wp-content\/uploads\/2024\/04\/Careers-Web-Banners-9.png","contentUrl":"https:\/\/www.palletforce.com\/wp-content\/uploads\/2024\/04\/Careers-Web-Banners-9.png","width":1855,"height":550},{"@type":"WebSite","@id":"https:\/\/www.palletforce.com\/#website","url":"https:\/\/www.palletforce.com\/","name":"Si\u0142a palet","description":"","potentialAction":[{"@type":"SearchAction","target":{"@type":"EntryPoint","urlTemplate":"https:\/\/www.palletforce.com\/?s={search_term_string}"},"query-input":{"@type":"PropertyValueSpecification","valueRequired":true,"valueName":"search_term_string"}}],"inLanguage":"pl-PL"}]}},"_links":{"self":[{"href":"https:\/\/www.palletforce.com\/pl\/wp-json\/wp\/v2\/pages\/113487","targetHints":{"allow":["GET"]}}],"collection":[{"href":"https:\/\/www.palletforce.com\/pl\/wp-json\/wp\/v2\/pages"}],"about":[{"href":"https:\/\/www.palletforce.com\/pl\/wp-json\/wp\/v2\/types\/page"}],"author":[{"embeddable":true,"href":"https:\/\/www.palletforce.com\/pl\/wp-json\/wp\/v2\/users\/18"}],"replies":[{"embeddable":true,"href":"https:\/\/www.palletforce.com\/pl\/wp-json\/wp\/v2\/comments?post=113487"}],"version-history":[{"count":2,"href":"https:\/\/www.palletforce.com\/pl\/wp-json\/wp\/v2\/pages\/113487\/revisions"}],"predecessor-version":[{"id":113489,"href":"https:\/\/www.palletforce.com\/pl\/wp-json\/wp\/v2\/pages\/113487\/revisions\/113489"}],"wp:featuredmedia":[{"embeddable":true,"href":"https:\/\/www.palletforce.com\/pl\/wp-json\/wp\/v2\/media\/111843"}],"wp:attachment":[{"href":"https:\/\/www.palletforce.com\/pl\/wp-json\/wp\/v2\/media?parent=113487"}],"curies":[{"name":"wp","href":"https:\/\/api.w.org\/{rel}","templated":true}]}}