{"id":113645,"date":"2025-03-12T09:38:12","date_gmt":"2025-03-12T09:38:12","guid":{"rendered":"https:\/\/www.palletforce.com\/?page_id=113645"},"modified":"2025-03-12T09:42:22","modified_gmt":"2025-03-12T09:42:22","slug":"get-a-quote-2","status":"publish","type":"page","link":"https:\/\/www.palletforce.com\/pl\/get-a-quote-2\/","title":{"rendered":"Uzyskaj wycen\u0119"},"content":{"rendered":"<section class=\"hero-block bg-image\" data-aos=\"fade\" style=\"background-image: url(https:\/\/www.palletforce.com\/wp-content\/uploads\/2022\/11\/Careers-Web-Banners-4-1.png);\">\n\n\t<div class=\"container-fluid\">\n\n\t\t<div class=\"hero-block__titles\">\n\n\t\t\t<h1>Uzyskaj wycen\u0119<\/h1>\n\t\t\t\n\t\t\t<div class=\"wysiwyg\"><p>Wype\u0142nij poni\u017cszy formularz, a jeden z naszych magazyn\u00f3w cz\u0142onkowskich skontaktuje si\u0119 z Tob\u0105 tak szybko, jak to mo\u017cliwe, z indywidualn\u0105 wycen\u0105, kt\u00f3ra b\u0119dzie odpowiada\u0107 Twoim potrzebom. Dzi\u0119kuj\u0119 Ci.<\/p>\n<\/div>\t\t\t\t\t<\/div>\n\n\n\t\t        \n\t<\/div>\n\n<\/section>\n\n\t<div class=\"breadcrumbs\" typeof=\"BreadcrumbList\" vocab=\"https:\/\/schema.org\/\">\n\t\t<div class=\"container-fluid\">\n\t\t\t<!-- Breadcrumb NavXT 7.5.0 -->\n<span property=\"itemListElement\" typeof=\"ListItem\"><a property=\"item\" typeof=\"WebPage\" title=\"Przejd\u017a do Palletforce.\" href=\"https:\/\/www.palletforce.com\/pl\" class=\"home\" aria-current=\"page\"><span property=\"name\">Si\u0142a palet<\/span><\/a><meta property=\"position\" content=\"1\"><\/span>\t\t<\/div>\n\t<\/div>\n\n\n<section class=\"wysiwyg\">\n\n\t<div class=\"container-fluid\">\n\n\t<p><script charset=\"utf-8\" type=\"text\/javascript\" src=\"\/\/js-eu1.hsforms.net\/forms\/embed\/v2.js\"><\/script><br \/>\n<script>\n  hbspt.forms.create({\n    portalId: \"143969548\",\n    formId: \"7003ea30-306f-4e96-975e-c15005b7ec85\",\n    region: \"eu1\"\n  });\n<\/script><\/p>\n\n\t<\/div>\n\n<\/section>\n\n\n\n\n<section class=\"text-image  background__white\">\n\n\t<div class=\"container-fluid\">\n\n\t\t<div class=\"row\">\n\n\t\t\t<div class=\"text-image__image col-md-6 order-md-2\" data-aos=\"fade-left\">\n                <div>\n    \t\t\t\t    \n    \t\t\t\t    \n    \t\t\t\t        \t\t\t\t        \t\t\t\t        \t\t\t\t        \t\t\t\t    \n    \t\t\t\t    <img decoding=\"async\" src=\"https:\/\/www.palletforce.com\/wp-content\/uploads\/2024\/10\/pallet-dimensions-1.png\" alt=\"pallet dimensions (1)\" \/>\n    \t\t\t\t\t\n    \t\t\t\t    \t\t\t<\/div>\n\n\t\t\t<\/div>\n\n\n\t\t\t<div class=\"text-image__text col-md-6 order-md-1\" data-aos=\"fade-right\">\n\n\t\t\t\t<h2>Nagradzana ekspresowa dystrybucja \u0142adunk\u00f3w<\/h2>\t\t\t\t<div class=\"wysiwyg\"><p>Z ponad 120 magazynami w ca\u0142ej Wielkiej Brytanii, Palletforce oferuje nagradzan\u0105 sie\u0107 dystrybucji ekspresowej, kt\u00f3ra ka\u017cdego dnia dostarcza do ka\u017cdego kodu pocztowego w Wielkiej Brytanii. Dzi\u0119ki \u015bledzeniu na \u017cywo i aktualizacjom w czasie rzeczywistym wysy\u0142anie palet z \u0142adunkiem jest \u0142atwe i op\u0142acalne.<\/p>\n<p>Oferujemy trzy r\u00f3\u017cne rozmiary \u0142adunk\u00f3w paletowych:<\/p>\n<p>\u0106wier\u0107paleta: 1,2mx 1,2mx 1m wysoko\u015bci, maksymalna waga 250kg<br \/>\nP\u00f3\u0142paleta: 1,2mx 1,2mx 2m wysoko\u015bci, maksymalna waga 500kg<br \/>\nPe\u0142na paleta: 1,2mx 1,2mx 2,44m wysoko\u015bci, maksymalna waga 1250kg<\/p>\n<p>Niezale\u017cnie od tego, czy potrzebujesz ekspresowej us\u0142ugi nast\u0119pnego dnia, niedrogiej opcji ekonomicznej, czy te\u017c potrzebujesz \u0142adunku w okre\u015blonym czasie, nasze dedykowane pojazdy do odbioru i dostawy \u2013 wyposa\u017cone w windy za\u0142adowcze \u2013 zapewniaj\u0105 maksymaln\u0105 elastyczno\u015b\u0107.<\/p>\n<\/div>\n\t\t\t\t\n\t\t\t\t\n\t\t\t\t<a href=\"https:\/\/www.palletforce.com\/en\/our-services\/palletised-distribution\/\" target=\"_self\" class=\"btn btn-grey\">\t\n\t\t\t\t\tOdkryj wi\u0119cej\t\t\t\t<\/a>\n\n\t\t\t\t\n\t\t\t<\/div>\n\n\t\t<\/div>\n\n\t<\/div>\n    \n    <div class=\"watermark\"><\/div>\n    \n<\/section>","protected":false},"excerpt":{"rendered":"","protected":false},"author":18,"featured_media":0,"parent":0,"menu_order":0,"comment_status":"closed","ping_status":"closed","template":"","meta":{"_acf_changed":false,"inline_featured_image":false,"footnotes":""},"class_list":["post-113645","page","type-page","status-publish","hentry"],"acf":[],"yoast_head":"<!-- This site is optimized with the Yoast SEO plugin v26.6 - https:\/\/yoast.com\/wordpress\/plugins\/seo\/ -->\n<title>Get a Quote - Palletforce<\/title>\n<meta name=\"robots\" content=\"index, follow, max-snippet:-1, max-image-preview:large, max-video-preview:-1\" \/>\n<link rel=\"canonical\" href=\"https:\/\/www.palletforce.com\/pl\/get-a-quote-2\/\" \/>\n<meta property=\"og:locale\" content=\"pl_PL\" \/>\n<meta property=\"og:type\" content=\"article\" \/>\n<meta property=\"og:title\" content=\"Get a Quote - Palletforce\" \/>\n<meta property=\"og:url\" content=\"https:\/\/www.palletforce.com\/pl\/get-a-quote-2\/\" \/>\n<meta property=\"og:site_name\" content=\"Palletforce\" \/>\n<meta property=\"article:modified_time\" content=\"2025-03-12T09:42:22+00:00\" \/>\n<meta name=\"twitter:card\" content=\"summary_large_image\" \/>\n<script type=\"application\/ld+json\" class=\"yoast-schema-graph\">{\"@context\":\"https:\/\/schema.org\",\"@graph\":[{\"@type\":\"WebPage\",\"@id\":\"https:\/\/www.palletforce.com\/get-a-quote-2\/\",\"url\":\"https:\/\/www.palletforce.com\/get-a-quote-2\/\",\"name\":\"Get a Quote - Palletforce\",\"isPartOf\":{\"@id\":\"https:\/\/www.palletforce.com\/#website\"},\"datePublished\":\"2025-03-12T09:38:12+00:00\",\"dateModified\":\"2025-03-12T09:42:22+00:00\",\"inLanguage\":\"pl-PL\",\"potentialAction\":[{\"@type\":\"ReadAction\",\"target\":[\"https:\/\/www.palletforce.com\/get-a-quote-2\/\"]}]},{\"@type\":\"WebSite\",\"@id\":\"https:\/\/www.palletforce.com\/#website\",\"url\":\"https:\/\/www.palletforce.com\/\",\"name\":\"Palletforce\",\"description\":\"\",\"potentialAction\":[{\"@type\":\"SearchAction\",\"target\":{\"@type\":\"EntryPoint\",\"urlTemplate\":\"https:\/\/www.palletforce.com\/?s={search_term_string}\"},\"query-input\":{\"@type\":\"PropertyValueSpecification\",\"valueRequired\":true,\"valueName\":\"search_term_string\"}}],\"inLanguage\":\"pl-PL\"}]}<\/script>\n<!-- \/ Yoast SEO plugin. -->","yoast_head_json":{"title":"Uzyskaj wycen\u0119 - Palletforce","robots":{"index":"index","follow":"follow","max-snippet":"max-snippet:-1","max-image-preview":"max-image-preview:large","max-video-preview":"max-video-preview:-1"},"canonical":"https:\/\/www.palletforce.com\/pl\/get-a-quote-2\/","og_locale":"pl_PL","og_type":"article","og_title":"Get a Quote - Palletforce","og_url":"https:\/\/www.palletforce.com\/pl\/get-a-quote-2\/","og_site_name":"Palletforce","article_modified_time":"2025-03-12T09:42:22+00:00","twitter_card":"summary_large_image","schema":{"@context":"https:\/\/schema.org","@graph":[{"@type":"WebPage","@id":"https:\/\/www.palletforce.com\/get-a-quote-2\/","url":"https:\/\/www.palletforce.com\/get-a-quote-2\/","name":"Uzyskaj wycen\u0119 - Palletforce","isPartOf":{"@id":"https:\/\/www.palletforce.com\/#website"},"datePublished":"2025-03-12T09:38:12+00:00","dateModified":"2025-03-12T09:42:22+00:00","inLanguage":"pl-PL","potentialAction":[{"@type":"ReadAction","target":["https:\/\/www.palletforce.com\/get-a-quote-2\/"]}]},{"@type":"WebSite","@id":"https:\/\/www.palletforce.com\/#website","url":"https:\/\/www.palletforce.com\/","name":"Si\u0142a palet","description":"","potentialAction":[{"@type":"SearchAction","target":{"@type":"EntryPoint","urlTemplate":"https:\/\/www.palletforce.com\/?s={search_term_string}"},"query-input":{"@type":"PropertyValueSpecification","valueRequired":true,"valueName":"search_term_string"}}],"inLanguage":"pl-PL"}]}},"_links":{"self":[{"href":"https:\/\/www.palletforce.com\/pl\/wp-json\/wp\/v2\/pages\/113645","targetHints":{"allow":["GET"]}}],"collection":[{"href":"https:\/\/www.palletforce.com\/pl\/wp-json\/wp\/v2\/pages"}],"about":[{"href":"https:\/\/www.palletforce.com\/pl\/wp-json\/wp\/v2\/types\/page"}],"author":[{"embeddable":true,"href":"https:\/\/www.palletforce.com\/pl\/wp-json\/wp\/v2\/users\/18"}],"replies":[{"embeddable":true,"href":"https:\/\/www.palletforce.com\/pl\/wp-json\/wp\/v2\/comments?post=113645"}],"version-history":[{"count":4,"href":"https:\/\/www.palletforce.com\/pl\/wp-json\/wp\/v2\/pages\/113645\/revisions"}],"predecessor-version":[{"id":113650,"href":"https:\/\/www.palletforce.com\/pl\/wp-json\/wp\/v2\/pages\/113645\/revisions\/113650"}],"wp:attachment":[{"href":"https:\/\/www.palletforce.com\/pl\/wp-json\/wp\/v2\/media?parent=113645"}],"curies":[{"name":"wp","href":"https:\/\/api.w.org\/{rel}","templated":true}]}}