{"id":3,"date":"2020-06-08T16:33:17","date_gmt":"2020-06-08T15:33:17","guid":{"rendered":"http:\/\/localhost\/emc-2020\/?page_id=3"},"modified":"2023-11-01T12:05:44","modified_gmt":"2023-11-01T12:05:44","slug":"privacy-policy","status":"publish","type":"page","link":"https:\/\/www.palletforce.com\/pl\/privacy-policy\/","title":{"rendered":"Polityka prywatno\u015bci"},"content":{"rendered":"<section class=\"small-banner\" style=\"background-image: url(https:\/\/www.palletforce.com\/wp-content\/uploads\/2021\/10\/internal-hub-5-1140x318.jpg); \">\n\n\t<div class=\"container-fluid\">\n\n\t\t<h1>Polityka prywatno\u015bci<\/h1>\n\t<\/div>\n\n<\/section>\n\n<section class=\"wysiwyg\">\n\n\t<div class=\"container-fluid\">\n\n\t<p><strong>Polityka prywatno\u015bci dotycz\u0105ca \u0142adunk\u00f3w elektrycznych<\/strong><\/p>\n<p>Administratorem gromadzonych przez nas informacji (danych osobowych) jest firma EV Cargo Limited. Niniejsza polityka wyja\u015bnia, w jaki spos\u00f3b wykorzystujemy Twoje dane osobowe, jak d\u0142ugo je przechowujemy oraz jakie s\u0105 Twoje prawa. Niniejsza polityka dotyczy wszystkich sp\u00f3\u0142ek zale\u017cnych EV Cargo w grupie.<\/p>\n<p><strong>Kontakt<\/strong><\/p>\n<p>Je\u015bli masz jakiekolwiek pytania dotycz\u0105ce tej polityki lub og\u00f3lnie ochrony danych, mo\u017cesz skontaktowa\u0107 si\u0119 z inspektorem ochrony danych w EV Cargo Group, Phoenix House, Oxford Road, Gerrards Cross, SL9 7AP lub e-mailem: <a href=\"mailto:dataprotection@evcargo.com\">dataprotection@evcargo.com<\/a><\/p>\n<p><strong>Jak przechowywane s\u0105 Twoje dane<\/strong><\/p>\n<p>Twoje dane osobowe s\u0105 przechowywane zar\u00f3wno w formie papierowej, jak i elektronicznej.<br \/>\nDane elektroniczne, w tym wiadomo\u015bci e-mail, s\u0105 przechowywane na serwerach EV Cargo i na serwerach naszych dostawc\u00f3w oprogramowania, kt\u00f3re znajduj\u0105 si\u0119 w Wielkiej Brytanii.<\/p>\n<p>W przypadku zawarcia umowy z dostawc\u0105 oprogramowania, kt\u00f3ry przechowuje dane poza UE, przetwarzana jest tylko minimalna ilo\u015b\u0107 danych i w razie potrzeby zapewniamy wprowadzenie odpowiednich zabezpiecze\u0144.<\/p>\n<p><strong>Jak d\u0142ugo przechowywane s\u0105 dane?<\/strong><\/p>\n<p>B\u0119dzie to zale\u017ce\u0107 od zebranych informacji, dla niekt\u00f3rych danych obowi\u0105zuj\u0105 r\u00f3\u017cne ramy czasowe. Jeste\u015bmy zwi\u0105zani okresami przechowywania zgodnymi z prawem i najlepszymi praktykami. Kiedy informacje nie s\u0105 ju\u017c potrzebne, niszczymy je w bezpieczny spos\u00f3b.<\/p>\n<p><strong>Rodzaj zbieranych danych i cel.<\/strong><\/p>\n<table style=\"height: 3601px;\" width=\"687\">\n<tbody>\n<thead>\n<th scope=\"col\"><strong>Pow\u00f3d przetwarzania<\/strong><\/th>\n<th scope=\"col\"><strong>Podstawa prawna<\/strong><\/th>\n<\/thead>\n<tr>\n<td data-label=\"Reason for processing\"><strong>Korzystanie ze strony internetowej<br \/>\n    <\/strong>Rejestracja na stronie internetowej EV Cargo jest opcjonalna. EV Cargo postrzega gromadzone przez siebie informacje o klientach jako cenne i poufne aktywa, kt\u00f3rych bezpiecze\u0144stwo przywi\u0105zujemy szczeg\u00f3ln\u0105 wag\u0119 do zapewnienia ich bezpiecze\u0144stwa. Na naszej stronie internetowej u\u017cywamy plik\u00f3w cookie. Aby uzyska\u0107 wi\u0119cej informacji, zapoznaj si\u0119 z Polityk\u0105 dotycz\u0105c\u0105 plik\u00f3w cookie. U\u017cywamy tych informacji w trzech og\u00f3lnych celach: aby spe\u0142ni\u0107 Twoje \u017c\u0105dania dotycz\u0105ce niekt\u00f3rych obszar\u00f3w witryny, aby w razie potrzeby skontaktowa\u0107 si\u0119 z Tob\u0105 oraz aby pom\u00f3c nam w utrzymaniu oprogramowania witryny i sprz\u0119t.<\/p>\n<h3><strong>\u00a0<\/strong><\/h3>\n<\/td>\n<td data-label=\"Legal basis\">Informacje te s\u0105 przetwarzane w naszym uzasadnionym interesie, polegaj\u0105cym na odpowiadaniu na wszelkie zapytania kierowane przez Ciebie za po\u015brednictwem naszej witryny internetowej, aplikacji i oprogramowania klienta, a tak\u017ce pomaganiu nam w zrozumieniu i ulepszaniu naszej witryny internetowej.<\/td>\n<\/tr>\n<tr>\n<td data-label=\"Reason for processing\">\n<h3><strong>Kontakty biznesowe<\/strong><\/h3>\n<p>    Dane kontaktowe os\u00f3b, organizacji i firm, z kt\u00f3rymi wsp\u00f3\u0142pracujemy, s\u0105 danymi osobowymi i odpowiednio je traktujemy. B\u0119dziemy go u\u017cywa\u0107 wy\u0142\u0105cznie w ramach naszych relacji z Twoj\u0105 organizacj\u0105, niezale\u017cnie od tego, czy wsp\u00f3\u0142pracujemy ze sob\u0105, czy mamy relacj\u0119 klient\/dostawca.<\/td>\n<td data-label=\"Legal basis\">Przetwarzanie to opiera si\u0119 na naszych uzasadnionych interesach polegaj\u0105cych na zarz\u0105dzaniu relacjami biznesowymi i relacjami z cz\u0142onkami. Wykorzystujemy dane wy\u0142\u0105cznie w podanym celu, nie b\u0119dziemy ich wykorzystywa\u0107 z innego powodu i s\u0105 one bezpieczne<\/td>\n<\/tr>\n<tr>\n<td data-label=\"Reason for processing\">\n<h3><strong>EVCargo.com<br \/>\n    Jeden \u0142adunek elektryczny<br \/>\n    Aplikacje<\/strong><\/h3>\n<p>    Imi\u0119 i nazwisko, adres e-mail, informacje o urz\u0105dzeniu, mog\u0105 r\u00f3wnie\u017c obejmowa\u0107 zachowanie podczas przegl\u0105dania i klikane reklamy.<\/td>\n<td data-label=\"Legal basis\">Zostaniesz poproszony o potwierdzenie, \u017ce zgadzasz si\u0119 na przekazanie swoich danych osobowych i \u017ce wyra\u017casz zgod\u0119 na przetwarzanie przez EV Cargo Twoich danych osobowych. Wszystkie szczeg\u00f3\u0142y, takie jak to, dlaczego Boots chce Twoich danych, w jaki spos\u00f3b b\u0119d\u0105 one wykorzystywane i czy Twoje dane b\u0119d\u0105 udost\u0119pniane, zostan\u0105 podane w momencie poproszenia Ci\u0119 o zgod\u0119. Je\u017celi EV Cargo opiera si\u0119 na zgodzie, zwykle widoczne jest pole wyboru. Masz prawo wycofa\u0107 swoj\u0105 zgod\u0119 w dowolnym momencie, je\u015bli nie chcesz ju\u017c bra\u0107 udzia\u0142u w przetwarzaniu danych EV Cargo<\/td>\n<\/tr>\n<tr>\n<td data-label=\"Reason for processing\">\n<h3><strong>Marketing bezpo\u015bredni <\/strong><\/h3>\n<p>    B\u0119dziemy przesy\u0142a\u0107 Ci informacje, kt\u00f3re naszym zdaniem b\u0119d\u0105 dla Ciebie przydatne lub interesuj\u0105ce, na temat \u015bwiadczonych przez nas us\u0142ug, niezale\u017cnie od tego, czy s\u0105 one odp\u0142atne czy bezp\u0142atne.<\/p>\n<p>    Je\u015bli zdecydujesz si\u0119 na rejestracj\u0119, Twoje dane nie b\u0119d\u0105 ju\u017c anonimowe i b\u0119d\u0105 dost\u0119pne dla pracownik\u00f3w EV Cargo i delegacji w celach marketingowych. Je\u015bli nie chcesz ju\u017c otrzymywa\u0107 informacji promocyjnych lub marketingowych, powiadom nas o tym poczt\u0105 elektroniczn\u0105 na adres\u00a0<a href=\"mailto:info@evcargo.com\">info@evcargo.com<\/a>.<\/p>\n<p>    &nbsp;<\/td>\n<td data-label=\"Legal basis\">Wysy\u0142amy Ci e-maile lub SMS-y (elektroniczny marketing bezpo\u015bredni) z tego typu informacjami, je\u015bli mamy na to Twoj\u0105 zgod\u0119. W przypadku us\u0142ug lub produkt\u00f3w komercyjnych, co obejmuje miejsce zakupu podobnej us\u0142ugi lub produktu lub rozpocz\u0119cia z nami negocjacji w sprawie podobnej us\u0142ugi lub produktu, prawo uwa\u017ca to za dorozumian\u0105 zgod\u0119. Jednak\u017ce za ka\u017cdym razem, gdy wysy\u0142amy wiadomo\u015b\u0107 e-mail lub SMS, b\u0119dziesz mie\u0107 mo\u017cliwo\u015b\u0107 rezygnacji z subskrypcji podobnych wiadomo\u015bci marketingowych.<\/td>\n<\/tr>\n<tr>\n<td data-label=\"Reason for processing\">\n<h3><strong>\u00a0\u201eProcesory\u201d<\/strong><\/h3>\n<p>    Kiedy korzystamy z us\u0142ug innych firm w celu dostarczania naszych produkt\u00f3w lub us\u0142ug w naszym imieniu, czasami musimy udost\u0119pni\u0107 odpowiednie informacje tym dostawcom i podwykonawcom, aby mogli wykonywa\u0107 prace w naszym imieniu. Nazywani s\u0105 oni naszymi \u201ePodmiotami przetwarzaj\u0105cymi\u201d i s\u0105 prawnie zobowi\u0105zani umow\u0105 do dzia\u0142ania wy\u0142\u0105cznie zgodnie z naszymi instrukcjami dotycz\u0105cymi Twoich danych osobowych i nie wykorzystywania ich do w\u0142asnych cel\u00f3w.<\/td>\n<td>Odpowiednia podstawa prawna dla ka\u017cdego Podmiotu przetwarzaj\u0105cego, z kt\u00f3rego korzystamy, b\u0119dzie zale\u017ca\u0142a od rodzaju wykonywanej przez niego pracy oraz naszej podstawy prawnej do podejmowania tej pracy. Mamy umowy z podmiotami przetwarzaj\u0105cymi, kt\u00f3re s\u0105 zgodne z art. 28 og\u00f3lnego rozporz\u0105dzenia o ochronie danych (RODO).<\/td>\n<\/tr>\n<tr>\n<td data-label=\"Reason for processing\"><strong>CCTV<\/strong><\/p>\n<p>    EV Cargo korzysta z telewizji przemys\u0142owej w naszych biurach, magazynach i lokalizacjach w celu zapewnienia bezpiecze\u0144stwa i ochrony obiekt\u00f3w, produkt\u00f3w, wsp\u00f3\u0142pracownik\u00f3w, wykonawc\u00f3w, klient\u00f3w, spo\u0142ecze\u0144stwa i wszelkich stron trzecich. Niekt\u00f3re systemy obs\u0142ugiwane s\u0105 przez specjalistyczne firmy ochroniarskie, z kt\u00f3rymi mamy podpisane umowy.<\/p>\n<p>    Nagrania z telewizji przemys\u0142owej mog\u0105 zosta\u0107 ujawnione organizacjom dzia\u0142aj\u0105cym na podstawie w\u0142adzy publicznej, w tym policji, je\u015bli jest to konieczne do zbadania potencjalnych przest\u0119pstw i \u015bcigania przest\u0119pstw.<\/td>\n<td data-label=\"Legal basis\">Przetwarzamy dane z telewizji przemys\u0142owej w naszym prawnie uzasadnionym interesie w celu ochrony mienia, magazynowania oraz w celu realizacji zada\u0144 wynikaj\u0105cych z naszych obowi\u0105zk\u00f3w prawnych oraz w interesie publicznym\/istotnym interesie publicznym; obejmuj\u0105 one ochron\u0119 bezpiecze\u0144stwa ludzi i obiekt\u00f3w oraz wspieranie dochodze\u0144 i \u015bcigania przest\u0119pstw, oszustw i innych niew\u0142a\u015bciwych zachowa\u0144.<\/td>\n<\/tr>\n<tr>\n<td data-label=\"Reason for processing\"><strong>Rekrutacja<\/strong><\/p>\n<p>    Je\u015bli ubiegasz si\u0119 o prac\u0119, zbieramy informacje o Twojej przydatno\u015bci na dane stanowisko.<\/p>\n<p>    Gromadzimy informacje na temat rasy\/pochodzenia etnicznego, religii, zdrowia\/niepe\u0142nosprawno\u015bci lub orientacji seksualnej i p\u0142ci.<\/td>\n<td data-label=\"Legal basis\">Gromadzone dane osobowe opieraj\u0105 si\u0119 na tym, \u017ce s\u0105 one niezb\u0119dne do zawarcia umowy o prac\u0119 lub zawarcia z Tob\u0105 umowy o prac\u0119.<\/p>\n<p>    &nbsp;<\/p>\n<p>    Je\u017celi konieczne jest dla nas monitorowanie i poprawa r\u00f3wno\u015bci szans i traktowania, w istotnym interesie publicznym, a podanie tych informacji jest opcjonalne. Nie wykorzystujemy zebranych informacji na temat r\u00f3wno\u015bci szans do oceny przydatno\u015bci aplikacji. Istnieje odr\u0119bna polityka dotycz\u0105ca rekrutacji, kt\u00f3ra informuje Ci\u0119, w jaki spos\u00f3b i dlaczego wykorzystywane s\u0105 Twoje dane.<\/td>\n<\/tr>\n<tr>\n<td data-label=\"Reason for processing\"><strong>Pracownicy<\/strong><\/p>\n<p>    Gromadzimy i przetwarzamy informacje o obecnych i by\u0142ych pracownikach.<\/td>\n<td data-label=\"Legal basis\">Wi\u0119kszo\u015b\u0107 tego przetwarzania opiera si\u0119 na tym, \u017ce jest to niezb\u0119dne do zarz\u0105dzania umow\u0105 o prac\u0119. Musimy tak\u017ce wype\u0142nia\u0107 nasze obowi\u0105zki prawne wynikaj\u0105ce z prawa pracy w stosunku do obecnych i by\u0142ych pracownik\u00f3w. Istnieje polityka prywatno\u015bci pracownik\u00f3w, kt\u00f3ra informuje, w jaki spos\u00f3b i dlaczego wykorzystywane s\u0105 Twoje dane.<\/p>\n<p>    &nbsp;<\/p>\n<p>    &nbsp;<\/td>\n<\/tr>\n<tr>\n<td data-label=\"Reason for processing\"><strong>R\u00f3wno\u015b\u0107 traktowania i mo\u017cliwo\u015bci<\/strong><\/p>\n<p>    Traktujemy wszystkich sprawiedliwie i zapewniamy r\u00f3wne szanse, niezale\u017cnie od r\u00f3\u017cnic rasowych lub pochodzenia etnicznego, przekona\u0144 religijnych lub filozoficznych, zdrowia fizycznego lub psychicznego lub orientacji seksualnej. W tym zakresie konieczne jest monitorowanie i doskonalenie r\u00f3wno\u015bci szans, w istotny interes publiczny. Gdy zbieramy informacje dotycz\u0105ce r\u00f3wnych szans, nie wykorzystujemy ich do oceny przydatno\u015bci kandydata do rekrutacji lub zatrudnienia.<\/p>\n<p>    &nbsp;<\/p>\n<p>    &nbsp;<\/td>\n<td data-label=\"Legal basis\">Przetwarzanie tych szczeg\u00f3lnych kategorii danych jest niezb\u0119dne do wykonania zadania le\u017c\u0105cego w istotnym interesie publicznym, w szczeg\u00f3lno\u015bci w celu okre\u015blenia i monitorowania r\u00f3wno\u015bci szans i traktowania r\u00f3\u017cnych grup os\u00f3b, aby umo\u017cliwi\u0107 promowanie lub r\u00f3wno\u015b\u0107 r\u00f3wno\u015bci utrzymany. Podanie tych informacji jest opcjonalne.<\/td>\n<\/tr>\n<tr>\n<td data-label=\"Reason for processing\"><strong>Ciasteczka <\/strong><\/p>\n<p>    Pliki cookie, znaczniki pikselowe i podobne technologie (zwane \u0142\u0105cznie \u201eplikami cookie\u201d) to pliki zawieraj\u0105ce niewielkie ilo\u015bci informacji, kt\u00f3re s\u0105 pobierane na dowolne urz\u0105dzenie z dost\u0119pem do Internetu \u2013 takie jak komputer, smartfon lub tablet \u2013 podczas odwiedzania witryny internetowej.<\/td>\n<td data-label=\"Legal basis\">Aby zobaczy\u0107, jakich plik\u00f3w cookie u\u017cywamy i dlaczego, zapoznaj si\u0119 z nasz\u0105 polityk\u0105 dotycz\u0105c\u0105 plik\u00f3w cookie.<\/td>\n<\/tr>\n<\/tbody>\n<\/table>\n<p><strong>\u00a0<\/strong><\/p>\n<p><strong>Wycofanie zgody<\/strong><\/p>\n<p><strong>Prawa <\/strong><\/p>\n<ul>\n<li><strong>Twoje prawo dost\u0119pu<\/strong> \u2013 Masz prawo poprosi\u0107 nas o kopie Twoich danych osobowych, zwane wnioskiem o dost\u0119p do podmiotu lub SAR. Przed przes\u0142aniem danych osobowych mo\u017cemy poprosi\u0107 Ci\u0119 o przedstawienie dowodu to\u017csamo\u015bci. Je\u017celi nie jeste\u015b w stanie przedstawi\u0107 dowodu to\u017csamo\u015bci, zastrzegamy sobie prawo do odmowy przes\u0142ania danych osobowych.<\/li>\n<li><strong>Twoje prawo do sprostowania<\/strong> \u2013 Masz prawo poprosi\u0107 nas o sprostowanie danych osobowych, kt\u00f3re Twoim zdaniem s\u0105 nieprawid\u0142owe. Masz r\u00f3wnie\u017c prawo poprosi\u0107 nas o uzupe\u0142nienie informacji, kt\u00f3re Twoim zdaniem s\u0105 niekompletne.<\/li>\n<li><strong>Twoje prawo do usuni\u0119cia<\/strong> \u2013 W pewnych okoliczno\u015bciach masz prawo poprosi\u0107 nas o usuni\u0119cie Twoich danych osobowych.<\/li>\n<li><strong>Twoje prawo do ograniczenia przetwarzania<\/strong> \u2013 Masz prawo poprosi\u0107 nas o ograniczenie przetwarzania Twoich danych osobowych w pewnych okoliczno\u015bciach.<\/li>\n<li><strong>Twoje prawo do sprzeciwu wobec przetwarzania<\/strong> \u2013 W okre\u015blonych okoliczno\u015bciach masz prawo sprzeciwi\u0107 si\u0119 przetwarzaniu Twoich danych osobowych.<\/li>\n<li><strong>Twoje prawo do przenoszenia danych<\/strong> \u2013 Masz prawo za\u017c\u0105da\u0107, aby\u015bmy przekazali dane osobowe, kt\u00f3re nam przekaza\u0142e\u015b, innej organizacji lub Tobie, w pewnych okoliczno\u015bciach.<\/li>\n<li><strong>Twoje prawo do tego, aby nie podlega\u0107 w pe\u0142ni zautomatyzowanej decyzji-<\/strong>proces podejmowania decyzji (tj. decyzja wygenerowana przez system bez udzia\u0142u cz\u0142owieka), kt\u00f3rej wynik ma na Ciebie skutek prawny lub podobnie istotny.<\/li>\n<li>Masz prawo w ka\u017cdej chwili wycofa\u0107 swoj\u0105 zgod\u0119, kontaktuj\u0105c si\u0119 z nami.<\/li>\n<\/ul>\n<p>Za korzystanie ze swoich praw nie musisz ponosi\u0107 \u017cadnych op\u0142at. Je\u015bli z\u0142o\u017cysz wniosek, mamy miesi\u0105c na udzielenie odpowiedzi, w niekt\u00f3rych okoliczno\u015bciach mamy prawo odrzuci\u0107 wniosek, a prawo pozwala nam wyd\u0142u\u017cy\u0107 ten termin do dw\u00f3ch miesi\u0119cy. Mo\u017ce si\u0119 zdarzy\u0107, \u017ce zostanie naliczona op\u0142ata administracyjna.<\/p>\n<p><strong>BEZPIECZE\u0143STWO<\/strong><\/p>\n<p>Zamierzamy chroni\u0107 jako\u015b\u0107 i integralno\u015b\u0107 naszych danych osobowych. EV Cargo wdro\u017cy\u0142o technologie i zasady bezpiecze\u0144stwa, aby chroni\u0107 przechowywane dane osobowe naszych u\u017cytkownik\u00f3w przed nieuprawnionym dost\u0119pem, niew\u0142a\u015bciwym wykorzystaniem, zmian\u0105, niezgodnym z prawem lub przypadkowym zniszczeniem oraz przypadkow\u0105 utrat\u0105. Pracownicy i przetwarzaj\u0105cy EV Cargo, kt\u00f3rzy maj\u0105 dost\u0119p do danych osobowych, zobowi\u0105zani s\u0105 do poszanowania prywatno\u015bci naszych go\u015bci i poufno\u015bci ich danych osobowych.<\/p>\n<p><strong>Spinki do mankiet\u00f3w<br \/>\n<\/strong>Na stronie internetowej EV Cargo znajduj\u0105 si\u0119 linki do stron internetowych os\u00f3b trzecich. Nale\u017cy pami\u0119ta\u0107, \u017ce EV Cargo nie ponosi odpowiedzialno\u015bci za polityk\u0119 prywatno\u015bci ani tre\u015bci znajduj\u0105ce si\u0119 na stronach internetowych os\u00f3b trzecich.<\/p>\n<p><strong>Uskar\u017canie si\u0119<\/strong><\/p>\n<p>Je\u015bli masz jakiekolwiek w\u0105tpliwo\u015bci dotycz\u0105ce wykorzystania przez nas Twoich danych osobowych, mo\u017cesz z\u0142o\u017cy\u0107 skarg\u0119 na adres: <a href=\"mailto:dataprotection@evcargo.com\">dataprotection@evcargo.com<\/a>.<\/p>\n<p>Mo\u017cesz tak\u017ce z\u0142o\u017cy\u0107 skarg\u0119 do ICO, je\u015bli nie jeste\u015b zadowolony ze sposobu, w jaki wykorzystali\u015bmy Twoje dane.<\/p>\n<p>Biuro Komisarza ds. Informacji<\/p>\n<p>Dom Wyklifa<\/p>\n<p>Tor wodny<\/p>\n<p>Wilmslow<\/p>\n<p>Cheshire<\/p>\n<p>SK9 5AF<\/p>\n<p>&nbsp;<\/p>\n<h3>Telefon: 0303 123 1113<\/h3>\n\n\t<\/div>\n\n<\/section>","protected":false},"excerpt":{"rendered":"","protected":false},"author":18,"featured_media":0,"parent":0,"menu_order":0,"comment_status":"closed","ping_status":"open","template":"","meta":{"_acf_changed":false,"inline_featured_image":false,"footnotes":""},"class_list":["post-3","page","type-page","status-publish","hentry"],"acf":[],"yoast_head":"<!-- This site is optimized with the Yoast SEO plugin v26.6 - https:\/\/yoast.com\/wordpress\/plugins\/seo\/ -->\n<title>Privacy Policy - Palletforce<\/title>\n<meta name=\"robots\" content=\"index, follow, max-snippet:-1, max-image-preview:large, max-video-preview:-1\" \/>\n<link rel=\"canonical\" href=\"https:\/\/www.palletforce.com\/pl\/privacy-policy\/\" \/>\n<meta property=\"og:locale\" content=\"pl_PL\" \/>\n<meta property=\"og:type\" content=\"article\" \/>\n<meta property=\"og:title\" content=\"Privacy Policy - Palletforce\" \/>\n<meta property=\"og:url\" content=\"https:\/\/www.palletforce.com\/pl\/privacy-policy\/\" \/>\n<meta property=\"og:site_name\" content=\"Palletforce\" \/>\n<meta property=\"article:modified_time\" content=\"2023-11-01T12:05:44+00:00\" \/>\n<meta name=\"twitter:card\" content=\"summary_large_image\" \/>\n<script type=\"application\/ld+json\" class=\"yoast-schema-graph\">{\"@context\":\"https:\/\/schema.org\",\"@graph\":[{\"@type\":\"WebPage\",\"@id\":\"https:\/\/www.palletforce.com\/privacy-policy\/\",\"url\":\"https:\/\/www.palletforce.com\/privacy-policy\/\",\"name\":\"Privacy Policy - Palletforce\",\"isPartOf\":{\"@id\":\"https:\/\/www.palletforce.com\/#website\"},\"datePublished\":\"2020-06-08T15:33:17+00:00\",\"dateModified\":\"2023-11-01T12:05:44+00:00\",\"inLanguage\":\"pl-PL\",\"potentialAction\":[{\"@type\":\"ReadAction\",\"target\":[\"https:\/\/www.palletforce.com\/privacy-policy\/\"]}]},{\"@type\":\"WebSite\",\"@id\":\"https:\/\/www.palletforce.com\/#website\",\"url\":\"https:\/\/www.palletforce.com\/\",\"name\":\"Palletforce\",\"description\":\"\",\"potentialAction\":[{\"@type\":\"SearchAction\",\"target\":{\"@type\":\"EntryPoint\",\"urlTemplate\":\"https:\/\/www.palletforce.com\/?s={search_term_string}\"},\"query-input\":{\"@type\":\"PropertyValueSpecification\",\"valueRequired\":true,\"valueName\":\"search_term_string\"}}],\"inLanguage\":\"pl-PL\"}]}<\/script>\n<!-- \/ Yoast SEO plugin. -->","yoast_head_json":{"title":"Polityka prywatno\u015bci - Palletforce","robots":{"index":"index","follow":"follow","max-snippet":"max-snippet:-1","max-image-preview":"max-image-preview:large","max-video-preview":"max-video-preview:-1"},"canonical":"https:\/\/www.palletforce.com\/pl\/privacy-policy\/","og_locale":"pl_PL","og_type":"article","og_title":"Privacy Policy - Palletforce","og_url":"https:\/\/www.palletforce.com\/pl\/privacy-policy\/","og_site_name":"Palletforce","article_modified_time":"2023-11-01T12:05:44+00:00","twitter_card":"summary_large_image","schema":{"@context":"https:\/\/schema.org","@graph":[{"@type":"WebPage","@id":"https:\/\/www.palletforce.com\/privacy-policy\/","url":"https:\/\/www.palletforce.com\/privacy-policy\/","name":"Polityka prywatno\u015bci - Palletforce","isPartOf":{"@id":"https:\/\/www.palletforce.com\/#website"},"datePublished":"2020-06-08T15:33:17+00:00","dateModified":"2023-11-01T12:05:44+00:00","inLanguage":"pl-PL","potentialAction":[{"@type":"ReadAction","target":["https:\/\/www.palletforce.com\/privacy-policy\/"]}]},{"@type":"WebSite","@id":"https:\/\/www.palletforce.com\/#website","url":"https:\/\/www.palletforce.com\/","name":"Si\u0142a palet","description":"","potentialAction":[{"@type":"SearchAction","target":{"@type":"EntryPoint","urlTemplate":"https:\/\/www.palletforce.com\/?s={search_term_string}"},"query-input":{"@type":"PropertyValueSpecification","valueRequired":true,"valueName":"search_term_string"}}],"inLanguage":"pl-PL"}]}},"_links":{"self":[{"href":"https:\/\/www.palletforce.com\/pl\/wp-json\/wp\/v2\/pages\/3","targetHints":{"allow":["GET"]}}],"collection":[{"href":"https:\/\/www.palletforce.com\/pl\/wp-json\/wp\/v2\/pages"}],"about":[{"href":"https:\/\/www.palletforce.com\/pl\/wp-json\/wp\/v2\/types\/page"}],"author":[{"embeddable":true,"href":"https:\/\/www.palletforce.com\/pl\/wp-json\/wp\/v2\/users\/18"}],"replies":[{"embeddable":true,"href":"https:\/\/www.palletforce.com\/pl\/wp-json\/wp\/v2\/comments?post=3"}],"version-history":[{"count":19,"href":"https:\/\/www.palletforce.com\/pl\/wp-json\/wp\/v2\/pages\/3\/revisions"}],"predecessor-version":[{"id":110810,"href":"https:\/\/www.palletforce.com\/pl\/wp-json\/wp\/v2\/pages\/3\/revisions\/110810"}],"wp:attachment":[{"href":"https:\/\/www.palletforce.com\/pl\/wp-json\/wp\/v2\/media?parent=3"}],"curies":[{"name":"wp","href":"https:\/\/api.w.org\/{rel}","templated":true}]}}